{"id":242,"date":"2015-02-23T13:26:17","date_gmt":"2015-02-23T17:26:17","guid":{"rendered":"\/clg-georgeselisabeth\/?page_id=242"},"modified":"2021-10-26T10:18:12","modified_gmt":"2021-10-26T14:18:12","slug":"pronote-parents","status":"publish","type":"page","link":"https:\/\/site.ac-martinique.fr\/clg-georgeselisabeth\/?page_id=242","title":{"rendered":"PRONOTE Parents"},"content":{"rendered":"<p>En utilisant votr<a href=\"https:\/\/9720448e.index-education.net\/pronote\/parent.html?login=true\"><img loading=\"lazy\" decoding=\"async\" class=\"alignleft wp-image-2951 size-medium\" src=\"https:\/\/site.ac-martinique.fr\/clg-georgeselisabeth\/wp-content\/uploads\/sites\/58\/2021\/10\/PRONOTE-EspaceParents-300x225.png\" alt=\"\" width=\"300\" height=\"225\" srcset=\"https:\/\/site.ac-martinique.fr\/clg-georgeselisabeth\/wp-content\/uploads\/sites\/58\/2021\/10\/PRONOTE-EspaceParents-300x225.png 300w, https:\/\/site.ac-martinique.fr\/clg-georgeselisabeth\/wp-content\/uploads\/sites\/58\/2021\/10\/PRONOTE-EspaceParents-600x450.png 600w, https:\/\/site.ac-martinique.fr\/clg-georgeselisabeth\/wp-content\/uploads\/sites\/58\/2021\/10\/PRONOTE-EspaceParents-768x576.png 768w, https:\/\/site.ac-martinique.fr\/clg-georgeselisabeth\/wp-content\/uploads\/sites\/58\/2021\/10\/PRONOTE-EspaceParents.png 800w\" sizes=\"auto, (max-width: 300px) 100vw, 300px\" \/><\/a>e navigateur (Microsoft Edge, Google Chrome, Firefox, Safari&#8230;) , l&rsquo;application <strong>PRONOTE Parents<\/strong> vous permettra de suivre pas \u00e0 pas la vie scolaire de votre ou vos enfants scolaris\u00e9s au sein du coll\u00e8ge. Munissez-vous de votre identifiant et de votre mot de passe, et cliquez sur l&rsquo;image!<\/p>\n\n\n<p><\/p>\n","protected":false},"excerpt":{"rendered":"<p>En utilisant votre navigateur (Microsoft Edge, Google Chrome, Firefox, Safari&#8230;) , l&rsquo;application PRONOTE Parents vous permettra de suivre pas \u00e0 pas la vie scolaire de votre ou vos enfants scolaris\u00e9s au sein du coll\u00e8ge. Munissez-vous de votre identifiant et de &hellip; <a href=\"https:\/\/site.ac-martinique.fr\/clg-georgeselisabeth\/?page_id=242\">Continuer la lecture <span class=\"meta-nav\">&rarr;<\/span><\/a><\/p>\n","protected":false},"author":140,"featured_media":0,"parent":213,"menu_order":0,"comment_status":"closed","ping_status":"closed","template":"","meta":{"footnotes":""},"class_list":["post-242","page","type-page","status-publish","hentry"],"_links":{"self":[{"href":"https:\/\/site.ac-martinique.fr\/clg-georgeselisabeth\/index.php?rest_route=\/wp\/v2\/pages\/242","targetHints":{"allow":["GET"]}}],"collection":[{"href":"https:\/\/site.ac-martinique.fr\/clg-georgeselisabeth\/index.php?rest_route=\/wp\/v2\/pages"}],"about":[{"href":"https:\/\/site.ac-martinique.fr\/clg-georgeselisabeth\/index.php?rest_route=\/wp\/v2\/types\/page"}],"author":[{"embeddable":true,"href":"https:\/\/site.ac-martinique.fr\/clg-georgeselisabeth\/index.php?rest_route=\/wp\/v2\/users\/140"}],"replies":[{"embeddable":true,"href":"https:\/\/site.ac-martinique.fr\/clg-georgeselisabeth\/index.php?rest_route=%2Fwp%2Fv2%2Fcomments&post=242"}],"version-history":[{"count":15,"href":"https:\/\/site.ac-martinique.fr\/clg-georgeselisabeth\/index.php?rest_route=\/wp\/v2\/pages\/242\/revisions"}],"predecessor-version":[{"id":2959,"href":"https:\/\/site.ac-martinique.fr\/clg-georgeselisabeth\/index.php?rest_route=\/wp\/v2\/pages\/242\/revisions\/2959"}],"up":[{"embeddable":true,"href":"https:\/\/site.ac-martinique.fr\/clg-georgeselisabeth\/index.php?rest_route=\/wp\/v2\/pages\/213"}],"wp:attachment":[{"href":"https:\/\/site.ac-martinique.fr\/clg-georgeselisabeth\/index.php?rest_route=%2Fwp%2Fv2%2Fmedia&parent=242"}],"curies":[{"name":"wp","href":"https:\/\/api.w.org\/{rel}","templated":true}]}}