{"id":248,"date":"2015-02-23T13:29:34","date_gmt":"2015-02-23T17:29:34","guid":{"rendered":"\/clg-georgeselisabeth\/?page_id=248"},"modified":"2021-10-26T10:12:57","modified_gmt":"2021-10-26T14:12:57","slug":"espace-pronote-eleves","status":"publish","type":"page","link":"https:\/\/site.ac-martinique.fr\/clg-georgeselisabeth\/?page_id=248","title":{"rendered":"Espace PRONOTE El\u00e8ves"},"content":{"rendered":"<p>Connecte toi \u00e0\u00a0<strong>t<a href=\"https:\/\/9720448e.index-education.net\/pronote\/eleve.html?login=true\"><img loading=\"lazy\" decoding=\"async\" class=\"alignleft wp-image-2949 size-medium\" src=\"https:\/\/site.ac-martinique.fr\/clg-georgeselisabeth\/wp-content\/uploads\/sites\/58\/2021\/10\/PRONOTE-EspaceEleves-1-300x225.png\" alt=\"\" width=\"300\" height=\"225\" srcset=\"https:\/\/site.ac-martinique.fr\/clg-georgeselisabeth\/wp-content\/uploads\/sites\/58\/2021\/10\/PRONOTE-EspaceEleves-1-300x225.png 300w, https:\/\/site.ac-martinique.fr\/clg-georgeselisabeth\/wp-content\/uploads\/sites\/58\/2021\/10\/PRONOTE-EspaceEleves-1-600x450.png 600w, https:\/\/site.ac-martinique.fr\/clg-georgeselisabeth\/wp-content\/uploads\/sites\/58\/2021\/10\/PRONOTE-EspaceEleves-1-768x576.png 768w, https:\/\/site.ac-martinique.fr\/clg-georgeselisabeth\/wp-content\/uploads\/sites\/58\/2021\/10\/PRONOTE-EspaceEleves-1.png 800w\" sizes=\"auto, (max-width: 300px) 100vw, 300px\" \/><\/a>on Espace PRONOTE El\u00e8ves en cliquant sur l&rsquo;image<\/strong>, et acc\u00e8de \u00e0 toutes les informations r\u00e9centes publi\u00e9es sur ta page d\u2019accueil!Voir le travail \u00e0 faire,\u00a0Afficher le contenu des cours, consulter ses notes, etc&#8230;Tout est plus simple avec\u00a0<strong>PRONOTE El\u00e8ves!<\/strong><\/p>\n","protected":false},"excerpt":{"rendered":"<p>Connecte toi \u00e0\u00a0ton Espace PRONOTE El\u00e8ves en cliquant sur l&rsquo;image, et acc\u00e8de \u00e0 toutes les informations r\u00e9centes publi\u00e9es sur ta page d\u2019accueil!Voir le travail \u00e0 faire,\u00a0Afficher le contenu des cours, consulter ses notes, etc&#8230;Tout est plus simple avec\u00a0PRONOTE El\u00e8ves!<\/p>\n","protected":false},"author":140,"featured_media":0,"parent":206,"menu_order":0,"comment_status":"closed","ping_status":"closed","template":"","meta":{"footnotes":""},"class_list":["post-248","page","type-page","status-publish","hentry"],"_links":{"self":[{"href":"https:\/\/site.ac-martinique.fr\/clg-georgeselisabeth\/index.php?rest_route=\/wp\/v2\/pages\/248","targetHints":{"allow":["GET"]}}],"collection":[{"href":"https:\/\/site.ac-martinique.fr\/clg-georgeselisabeth\/index.php?rest_route=\/wp\/v2\/pages"}],"about":[{"href":"https:\/\/site.ac-martinique.fr\/clg-georgeselisabeth\/index.php?rest_route=\/wp\/v2\/types\/page"}],"author":[{"embeddable":true,"href":"https:\/\/site.ac-martinique.fr\/clg-georgeselisabeth\/index.php?rest_route=\/wp\/v2\/users\/140"}],"replies":[{"embeddable":true,"href":"https:\/\/site.ac-martinique.fr\/clg-georgeselisabeth\/index.php?rest_route=%2Fwp%2Fv2%2Fcomments&post=248"}],"version-history":[{"count":9,"href":"https:\/\/site.ac-martinique.fr\/clg-georgeselisabeth\/index.php?rest_route=\/wp\/v2\/pages\/248\/revisions"}],"predecessor-version":[{"id":2950,"href":"https:\/\/site.ac-martinique.fr\/clg-georgeselisabeth\/index.php?rest_route=\/wp\/v2\/pages\/248\/revisions\/2950"}],"up":[{"embeddable":true,"href":"https:\/\/site.ac-martinique.fr\/clg-georgeselisabeth\/index.php?rest_route=\/wp\/v2\/pages\/206"}],"wp:attachment":[{"href":"https:\/\/site.ac-martinique.fr\/clg-georgeselisabeth\/index.php?rest_route=%2Fwp%2Fv2%2Fmedia&parent=248"}],"curies":[{"name":"wp","href":"https:\/\/api.w.org\/{rel}","templated":true}]}}