{"id":3723,"date":"2024-11-29T15:47:23","date_gmt":"2024-11-29T19:47:23","guid":{"rendered":"https:\/\/site.ac-martinique.fr\/clg-georgeselisabeth\/?page_id=3723"},"modified":"2024-12-05T13:04:11","modified_gmt":"2024-12-05T17:04:11","slug":"presentation","status":"publish","type":"page","link":"https:\/\/site.ac-martinique.fr\/clg-georgeselisabeth\/?page_id=3723","title":{"rendered":"Pr\u00e9sentation de nos structures"},"content":{"rendered":"\n<p><strong>ATELIER HABITAT<\/strong><\/p>\n\n\n\n<figure class=\"wp-block-image size-large\"><img loading=\"lazy\" decoding=\"async\" width=\"600\" height=\"335\" src=\"https:\/\/site.ac-martinique.fr\/clg-georgeselisabeth\/wp-content\/uploads\/sites\/58\/2024\/12\/Capture-decran-2024-12-05-a-10.44.35-600x335.png\" alt=\"\" class=\"wp-image-3758\" srcset=\"https:\/\/site.ac-martinique.fr\/clg-georgeselisabeth\/wp-content\/uploads\/sites\/58\/2024\/12\/Capture-decran-2024-12-05-a-10.44.35-600x335.png 600w, https:\/\/site.ac-martinique.fr\/clg-georgeselisabeth\/wp-content\/uploads\/sites\/58\/2024\/12\/Capture-decran-2024-12-05-a-10.44.35-300x167.png 300w, https:\/\/site.ac-martinique.fr\/clg-georgeselisabeth\/wp-content\/uploads\/sites\/58\/2024\/12\/Capture-decran-2024-12-05-a-10.44.35-768x428.png 768w, https:\/\/site.ac-martinique.fr\/clg-georgeselisabeth\/wp-content\/uploads\/sites\/58\/2024\/12\/Capture-decran-2024-12-05-a-10.44.35.png 1244w\" sizes=\"auto, (max-width: 600px) 100vw, 600px\" \/><\/figure>\n\n\n\n<p><strong>ATELIER HYGI\u00c9NE ALIMENTATION SERVICES<\/strong><\/p>\n\n\n\n<figure class=\"wp-block-image size-large\"><img loading=\"lazy\" decoding=\"async\" width=\"600\" height=\"402\" src=\"https:\/\/site.ac-martinique.fr\/clg-georgeselisabeth\/wp-content\/uploads\/sites\/58\/2024\/12\/Capture-decran-2024-12-05-a-10.42.38-600x402.png\" alt=\"\" class=\"wp-image-3756\" srcset=\"https:\/\/site.ac-martinique.fr\/clg-georgeselisabeth\/wp-content\/uploads\/sites\/58\/2024\/12\/Capture-decran-2024-12-05-a-10.42.38-600x402.png 600w, https:\/\/site.ac-martinique.fr\/clg-georgeselisabeth\/wp-content\/uploads\/sites\/58\/2024\/12\/Capture-decran-2024-12-05-a-10.42.38-300x201.png 300w, https:\/\/site.ac-martinique.fr\/clg-georgeselisabeth\/wp-content\/uploads\/sites\/58\/2024\/12\/Capture-decran-2024-12-05-a-10.42.38-768x514.png 768w, https:\/\/site.ac-martinique.fr\/clg-georgeselisabeth\/wp-content\/uploads\/sites\/58\/2024\/12\/Capture-decran-2024-12-05-a-10.42.38.png 1258w\" sizes=\"auto, (max-width: 600px) 100vw, 600px\" \/><\/figure>\n\n\n\n<figure class=\"wp-block-image size-large\"><img loading=\"lazy\" decoding=\"async\" width=\"600\" height=\"434\" src=\"https:\/\/site.ac-martinique.fr\/clg-georgeselisabeth\/wp-content\/uploads\/sites\/58\/2024\/12\/Capture-decran-2024-12-05-a-10.42.56-600x434.png\" alt=\"\" class=\"wp-image-3757\" srcset=\"https:\/\/site.ac-martinique.fr\/clg-georgeselisabeth\/wp-content\/uploads\/sites\/58\/2024\/12\/Capture-decran-2024-12-05-a-10.42.56-600x434.png 600w, https:\/\/site.ac-martinique.fr\/clg-georgeselisabeth\/wp-content\/uploads\/sites\/58\/2024\/12\/Capture-decran-2024-12-05-a-10.42.56-300x217.png 300w, https:\/\/site.ac-martinique.fr\/clg-georgeselisabeth\/wp-content\/uploads\/sites\/58\/2024\/12\/Capture-decran-2024-12-05-a-10.42.56-768x556.png 768w, https:\/\/site.ac-martinique.fr\/clg-georgeselisabeth\/wp-content\/uploads\/sites\/58\/2024\/12\/Capture-decran-2024-12-05-a-10.42.56.png 1244w\" sizes=\"auto, (max-width: 600px) 100vw, 600px\" \/><\/figure>\n\n\n\n<p>Une classe r\u00e9nov\u00e9e par nos \u00e9l\u00e8ves<\/p>\n\n\n\n<figure class=\"wp-block-video\"><video height=\"848\" style=\"aspect-ratio: 480 \/ 848;\" width=\"480\" controls src=\"https:\/\/site.ac-martinique.fr\/clg-georgeselisabeth\/wp-content\/uploads\/sites\/58\/2024\/12\/VID-20240328-WA0024.mp4\"><\/video><\/figure>\n","protected":false},"excerpt":{"rendered":"<p>ATELIER HABITAT ATELIER HYGI\u00c9NE ALIMENTATION SERVICES Une classe r\u00e9nov\u00e9e par nos \u00e9l\u00e8ves<\/p>\n","protected":false},"author":540,"featured_media":0,"parent":223,"menu_order":0,"comment_status":"closed","ping_status":"closed","template":"","meta":{"footnotes":""},"class_list":["post-3723","page","type-page","status-publish","hentry"],"_links":{"self":[{"href":"https:\/\/site.ac-martinique.fr\/clg-georgeselisabeth\/index.php?rest_route=\/wp\/v2\/pages\/3723","targetHints":{"allow":["GET"]}}],"collection":[{"href":"https:\/\/site.ac-martinique.fr\/clg-georgeselisabeth\/index.php?rest_route=\/wp\/v2\/pages"}],"about":[{"href":"https:\/\/site.ac-martinique.fr\/clg-georgeselisabeth\/index.php?rest_route=\/wp\/v2\/types\/page"}],"author":[{"embeddable":true,"href":"https:\/\/site.ac-martinique.fr\/clg-georgeselisabeth\/index.php?rest_route=\/wp\/v2\/users\/540"}],"replies":[{"embeddable":true,"href":"https:\/\/site.ac-martinique.fr\/clg-georgeselisabeth\/index.php?rest_route=%2Fwp%2Fv2%2Fcomments&post=3723"}],"version-history":[{"count":3,"href":"https:\/\/site.ac-martinique.fr\/clg-georgeselisabeth\/index.php?rest_route=\/wp\/v2\/pages\/3723\/revisions"}],"predecessor-version":[{"id":3784,"href":"https:\/\/site.ac-martinique.fr\/clg-georgeselisabeth\/index.php?rest_route=\/wp\/v2\/pages\/3723\/revisions\/3784"}],"up":[{"embeddable":true,"href":"https:\/\/site.ac-martinique.fr\/clg-georgeselisabeth\/index.php?rest_route=\/wp\/v2\/pages\/223"}],"wp:attachment":[{"href":"https:\/\/site.ac-martinique.fr\/clg-georgeselisabeth\/index.php?rest_route=%2Fwp%2Fv2%2Fmedia&parent=3723"}],"curies":[{"name":"wp","href":"https:\/\/api.w.org\/{rel}","templated":true}]}}