{"id":415,"date":"2015-02-25T10:58:30","date_gmt":"2015-02-25T14:58:30","guid":{"rendered":"\/clg-georgeselisabeth\/?page_id=415"},"modified":"2018-04-24T11:25:46","modified_gmt":"2018-04-24T15:25:46","slug":"accompagnement-educatif","status":"publish","type":"page","link":"https:\/\/site.ac-martinique.fr\/clg-georgeselisabeth\/?page_id=415","title":{"rendered":"Accompagnement \u00e9ducatif"},"content":{"rendered":"<p>Les \u00e9crivains en herbe du Coll\u00e8ge Georges Elisabeth<\/p>\n<div name=\"flipgorilla\" data-id=\"25571856819945573\" style=\"width: 650px; height: 500px;\"><a href=\"https:\/\/www.flipgorilla.com\/p\/25571856819945573\/show\" target=\"_blank\">Pr\u00e9sentation po\u00e8mes<\/a><\/div>\n<p><script type=\"text\/javascript\" src=\"\/\/www.flipgorilla.com\/fg.js\"><\/script><\/p>\n","protected":false},"excerpt":{"rendered":"<p>Les \u00e9crivains en herbe du Coll\u00e8ge Georges Elisabeth Pr\u00e9sentation po\u00e8mes<\/p>\n","protected":false},"author":140,"featured_media":0,"parent":204,"menu_order":2,"comment_status":"closed","ping_status":"closed","template":"","meta":{"footnotes":""},"class_list":["post-415","page","type-page","status-publish","hentry"],"_links":{"self":[{"href":"https:\/\/site.ac-martinique.fr\/clg-georgeselisabeth\/index.php?rest_route=\/wp\/v2\/pages\/415","targetHints":{"allow":["GET"]}}],"collection":[{"href":"https:\/\/site.ac-martinique.fr\/clg-georgeselisabeth\/index.php?rest_route=\/wp\/v2\/pages"}],"about":[{"href":"https:\/\/site.ac-martinique.fr\/clg-georgeselisabeth\/index.php?rest_route=\/wp\/v2\/types\/page"}],"author":[{"embeddable":true,"href":"https:\/\/site.ac-martinique.fr\/clg-georgeselisabeth\/index.php?rest_route=\/wp\/v2\/users\/140"}],"replies":[{"embeddable":true,"href":"https:\/\/site.ac-martinique.fr\/clg-georgeselisabeth\/index.php?rest_route=%2Fwp%2Fv2%2Fcomments&post=415"}],"version-history":[{"count":4,"href":"https:\/\/site.ac-martinique.fr\/clg-georgeselisabeth\/index.php?rest_route=\/wp\/v2\/pages\/415\/revisions"}],"predecessor-version":[{"id":2149,"href":"https:\/\/site.ac-martinique.fr\/clg-georgeselisabeth\/index.php?rest_route=\/wp\/v2\/pages\/415\/revisions\/2149"}],"up":[{"embeddable":true,"href":"https:\/\/site.ac-martinique.fr\/clg-georgeselisabeth\/index.php?rest_route=\/wp\/v2\/pages\/204"}],"wp:attachment":[{"href":"https:\/\/site.ac-martinique.fr\/clg-georgeselisabeth\/index.php?rest_route=%2Fwp%2Fv2%2Fmedia&parent=415"}],"curies":[{"name":"wp","href":"https:\/\/api.w.org\/{rel}","templated":true}]}}