{"id":490,"date":"2015-03-02T10:50:17","date_gmt":"2015-03-02T14:50:17","guid":{"rendered":"\/clg-georgeselisabeth\/?page_id=490"},"modified":"2023-11-05T12:31:47","modified_gmt":"2023-11-05T16:31:47","slug":"manifestations","status":"publish","type":"page","link":"https:\/\/site.ac-martinique.fr\/clg-georgeselisabeth\/?page_id=490","title":{"rendered":"Manifestations"},"content":{"rendered":"\n<h2 class=\"wp-block-heading\">Jounen lib\u00a0Vandr\u00e9di 20 Oktob 2023 : Kr\u00e9yol ek Isp\u00f2 nan kolej Georges ELISABETH Lavi\u00e8-Sal\u00e9 <\/h2>\n\n\n\n<p><strong><mark style=\"background-color:rgba(0, 0, 0, 0)\" class=\"has-inline-color has-blue-color\">Annou gloriy\u00e9 lang kr\u00e9yol-nou !<\/mark><\/strong><\/p>\n\n\n\n<p><strong>Doukw\u00e9<\/strong> <em>(programme)<\/em><\/p>\n\n\n\n<p>7H00-7H25 : Kontan w\u00e8 zot \u00e9pi mizik kr\u00e9yol\u00a0<br>7H30- 8H 30 : Max TELEPHE\u00a0<br>8H30 &#8211; 9H 20 : Roro Kaliko\u00a0\u00e9pi ti yich-li<br>9H20- 9H40 : k\u00f2n lanbi pou koumans\u00e9 lar\u00e9kr\u00e9yasion ek pou bout li osi<br>9H45- 12H20: Isp\u00f2 (tounwa) ek Atili\u00e9 servolan<br>12H20 : z\u00e9lev ka kouri andan lakou-a \u00e9pi servolan-yo.<\/p>\n\n\n<div class=\"wp-block-image\">\n<figure class=\"aligncenter size-large is-resized\"><img loading=\"lazy\" decoding=\"async\" width=\"600\" height=\"452\" src=\"https:\/\/site.ac-martinique.fr\/clg-georgeselisabeth\/wp-content\/uploads\/sites\/58\/2023\/11\/WhatsApp-Image-2023-11-05-a-12.17.16_8d69c572-600x452.jpg\" alt=\"\" class=\"wp-image-3377\" style=\"aspect-ratio:1.3274336283185841;width:666px;height:auto\" srcset=\"https:\/\/site.ac-martinique.fr\/clg-georgeselisabeth\/wp-content\/uploads\/sites\/58\/2023\/11\/WhatsApp-Image-2023-11-05-a-12.17.16_8d69c572-600x452.jpg 600w, https:\/\/site.ac-martinique.fr\/clg-georgeselisabeth\/wp-content\/uploads\/sites\/58\/2023\/11\/WhatsApp-Image-2023-11-05-a-12.17.16_8d69c572-300x226.jpg 300w, https:\/\/site.ac-martinique.fr\/clg-georgeselisabeth\/wp-content\/uploads\/sites\/58\/2023\/11\/WhatsApp-Image-2023-11-05-a-12.17.16_8d69c572-768x578.jpg 768w, https:\/\/site.ac-martinique.fr\/clg-georgeselisabeth\/wp-content\/uploads\/sites\/58\/2023\/11\/WhatsApp-Image-2023-11-05-a-12.17.16_8d69c572.jpg 1024w\" sizes=\"auto, (max-width: 600px) 100vw, 600px\" \/><\/figure>\n<\/div>\n\n\n<p class=\"has-text-align-left\">Le vendredi 20 octobre a eu lieu une matin\u00e9e r\u00e9cr\u00e9ative au coll\u00e8ge. Mme Edouard, professeure de cr\u00e9ole et initiatrice de ce projet a propos\u00e9 aux \u00e9l\u00e8ves plusieurs activit\u00e9s\u00a0: jeux de soci\u00e9t\u00e9, projection de films, tournois de foot, envol\u00e9e de cerfs-volants&#8230; L\u2019enseignante avec l\u2019aide de tous ses coll\u00e8gues a ainsi permis aux \u00e9l\u00e8ves de profiter d\u2019un moment ludique autour du cr\u00e9ole. Mais c&rsquo;est surtout avec les musiciens Max Th\u00e9l\u00e8phe et Roro Calicot que les \u00e9l\u00e8ves ont approch\u00e9 la langue. Cependant une v\u00e9ritable p\u00e9dagogie diff\u00e9renci\u00e9e, linguistique autant que musicale \u00e9tait n\u00e9cessaire pour accrocher l\u2019ensemble des \u00e9l\u00e8ves. En effet, face aux enthousiasmes vari\u00e9s et au temps peu propice pour l\u2019occasion, les deux artistes, forts de leur professionnalisme ont su s\u2019adapter \u00e0 ce jeune public pas toujours \u00e0 l\u2019unisson. Si les plus grands ont eu du mal \u00e0 \u00ab\u00a0s\u2019accorder\u00a0\u00bb, les plus petits en revanche se sont r\u00e9gal\u00e9s de cet apprentissage. C\u2019est sans complexe qu\u2019ils ont dans\u00e9 et chant\u00e9\u00a0au rythme de la fl\u00fbte des mornes, du tambour et de l\u2019accord\u00e9on des deux musiciens. Un vrai moment de partage.                                                         PP<\/p>\n\n\n<div class=\"wp-block-image\">\n<figure class=\"aligncenter size-large\"><img loading=\"lazy\" decoding=\"async\" width=\"451\" height=\"600\" src=\"https:\/\/site.ac-martinique.fr\/clg-georgeselisabeth\/wp-content\/uploads\/sites\/58\/2023\/11\/WhatsApp-Image-2023-11-05-a-12.19.00_086b5337-451x600.jpg\" alt=\"\" class=\"wp-image-3376\" srcset=\"https:\/\/site.ac-martinique.fr\/clg-georgeselisabeth\/wp-content\/uploads\/sites\/58\/2023\/11\/WhatsApp-Image-2023-11-05-a-12.19.00_086b5337-451x600.jpg 451w, https:\/\/site.ac-martinique.fr\/clg-georgeselisabeth\/wp-content\/uploads\/sites\/58\/2023\/11\/WhatsApp-Image-2023-11-05-a-12.19.00_086b5337-226x300.jpg 226w, https:\/\/site.ac-martinique.fr\/clg-georgeselisabeth\/wp-content\/uploads\/sites\/58\/2023\/11\/WhatsApp-Image-2023-11-05-a-12.19.00_086b5337-768x1021.jpg 768w, https:\/\/site.ac-martinique.fr\/clg-georgeselisabeth\/wp-content\/uploads\/sites\/58\/2023\/11\/WhatsApp-Image-2023-11-05-a-12.19.00_086b5337.jpg 963w\" sizes=\"auto, (max-width: 451px) 100vw, 451px\" \/><\/figure>\n<\/div>\n\n\n<p><\/p>\n\n\n<p>Hommage \u00e0 Aim\u00e9 C\u00e9saire<\/p>\n<div style=\"width: 650px; height: 500px;\" data-id=\"25693471184519243\"><a href=\"https:\/\/www.flipgorilla.com\/p\/25693471184519243\/show\" target=\"_blank\" rel=\"noopener\">Hommage \u00e0 Aim\u00e9 C\u00e9saire<\/a><\/div>\n<p><script type=\"text\/javascript\" src=\"\/\/www.flipgorilla.com\/fg.js\"><\/script><\/p>","protected":false},"excerpt":{"rendered":"<p>Jounen lib\u00a0Vandr\u00e9di 20 Oktob 2023 : Kr\u00e9yol ek Isp\u00f2 nan kolej Georges ELISABETH Lavi\u00e8-Sal\u00e9 Annou gloriy\u00e9 lang kr\u00e9yol-nou ! Doukw\u00e9 (programme) 7H00-7H25 : Kontan w\u00e8 zot \u00e9pi mizik kr\u00e9yol\u00a07H30- 8H 30 : Max TELEPHE\u00a08H30 &#8211; 9H 20 : Roro Kaliko\u00a0\u00e9pi &hellip; <a href=\"https:\/\/site.ac-martinique.fr\/clg-georgeselisabeth\/?page_id=490\">Continuer la lecture <span class=\"meta-nav\">&rarr;<\/span><\/a><\/p>\n","protected":false},"author":140,"featured_media":0,"parent":204,"menu_order":1,"comment_status":"closed","ping_status":"closed","template":"","meta":{"footnotes":""},"class_list":["post-490","page","type-page","status-publish","hentry"],"_links":{"self":[{"href":"https:\/\/site.ac-martinique.fr\/clg-georgeselisabeth\/index.php?rest_route=\/wp\/v2\/pages\/490","targetHints":{"allow":["GET"]}}],"collection":[{"href":"https:\/\/site.ac-martinique.fr\/clg-georgeselisabeth\/index.php?rest_route=\/wp\/v2\/pages"}],"about":[{"href":"https:\/\/site.ac-martinique.fr\/clg-georgeselisabeth\/index.php?rest_route=\/wp\/v2\/types\/page"}],"author":[{"embeddable":true,"href":"https:\/\/site.ac-martinique.fr\/clg-georgeselisabeth\/index.php?rest_route=\/wp\/v2\/users\/140"}],"replies":[{"embeddable":true,"href":"https:\/\/site.ac-martinique.fr\/clg-georgeselisabeth\/index.php?rest_route=%2Fwp%2Fv2%2Fcomments&post=490"}],"version-history":[{"count":7,"href":"https:\/\/site.ac-martinique.fr\/clg-georgeselisabeth\/index.php?rest_route=\/wp\/v2\/pages\/490\/revisions"}],"predecessor-version":[{"id":3380,"href":"https:\/\/site.ac-martinique.fr\/clg-georgeselisabeth\/index.php?rest_route=\/wp\/v2\/pages\/490\/revisions\/3380"}],"up":[{"embeddable":true,"href":"https:\/\/site.ac-martinique.fr\/clg-georgeselisabeth\/index.php?rest_route=\/wp\/v2\/pages\/204"}],"wp:attachment":[{"href":"https:\/\/site.ac-martinique.fr\/clg-georgeselisabeth\/index.php?rest_route=%2Fwp%2Fv2%2Fmedia&parent=490"}],"curies":[{"name":"wp","href":"https:\/\/api.w.org\/{rel}","templated":true}]}}