{"id":856,"date":"2015-09-02T11:59:32","date_gmt":"2015-09-02T15:59:32","guid":{"rendered":"\/clg-georgeselisabeth\/?page_id=856"},"modified":"2015-09-02T11:59:48","modified_gmt":"2015-09-02T15:59:48","slug":"guide-pratique-pronote-eleve","status":"publish","type":"page","link":"https:\/\/site.ac-martinique.fr\/clg-georgeselisabeth\/?page_id=856","title":{"rendered":"Guide pratique PRONOTE \u00e9l\u00e8ve"},"content":{"rendered":"<p>Retrouvez le guide pratique PRONOTE des \u00e9l\u00e8ves en cliquant <a href=\"https:\/\/drive.google.com\/file\/d\/0B9kCCGHeYwjtS3RiQXIxcXE3MFU\/view?usp=sharing\" target=\"_blank\">ici.<\/a><\/p>\n","protected":false},"excerpt":{"rendered":"<p>Retrouvez le guide pratique PRONOTE des \u00e9l\u00e8ves en cliquant ici.<\/p>\n","protected":false},"author":140,"featured_media":0,"parent":206,"menu_order":1,"comment_status":"closed","ping_status":"closed","template":"","meta":{"footnotes":""},"class_list":["post-856","page","type-page","status-publish","hentry"],"_links":{"self":[{"href":"https:\/\/site.ac-martinique.fr\/clg-georgeselisabeth\/index.php?rest_route=\/wp\/v2\/pages\/856","targetHints":{"allow":["GET"]}}],"collection":[{"href":"https:\/\/site.ac-martinique.fr\/clg-georgeselisabeth\/index.php?rest_route=\/wp\/v2\/pages"}],"about":[{"href":"https:\/\/site.ac-martinique.fr\/clg-georgeselisabeth\/index.php?rest_route=\/wp\/v2\/types\/page"}],"author":[{"embeddable":true,"href":"https:\/\/site.ac-martinique.fr\/clg-georgeselisabeth\/index.php?rest_route=\/wp\/v2\/users\/140"}],"replies":[{"embeddable":true,"href":"https:\/\/site.ac-martinique.fr\/clg-georgeselisabeth\/index.php?rest_route=%2Fwp%2Fv2%2Fcomments&post=856"}],"version-history":[{"count":1,"href":"https:\/\/site.ac-martinique.fr\/clg-georgeselisabeth\/index.php?rest_route=\/wp\/v2\/pages\/856\/revisions"}],"predecessor-version":[{"id":857,"href":"https:\/\/site.ac-martinique.fr\/clg-georgeselisabeth\/index.php?rest_route=\/wp\/v2\/pages\/856\/revisions\/857"}],"up":[{"embeddable":true,"href":"https:\/\/site.ac-martinique.fr\/clg-georgeselisabeth\/index.php?rest_route=\/wp\/v2\/pages\/206"}],"wp:attachment":[{"href":"https:\/\/site.ac-martinique.fr\/clg-georgeselisabeth\/index.php?rest_route=%2Fwp%2Fv2%2Fmedia&parent=856"}],"curies":[{"name":"wp","href":"https:\/\/api.w.org\/{rel}","templated":true}]}}