{"id":889,"date":"2015-09-15T10:06:42","date_gmt":"2015-09-15T14:06:42","guid":{"rendered":"\/clg-georgeselisabeth\/?page_id=889"},"modified":"2018-03-05T14:34:07","modified_gmt":"2018-03-05T18:34:07","slug":"vivre-au-college","status":"publish","type":"page","link":"https:\/\/site.ac-martinique.fr\/clg-georgeselisabeth\/?page_id=889","title":{"rendered":"CDI"},"content":{"rendered":"<p>Chers Parents, chers \u00e9l\u00e8ves,<\/p>\n<p>La professeur documentaliste a mis en place plusieurs dispositifs permettant :<\/p>\n<ul>\n<li>De faciliter le quotidien des \u00e9l\u00e8ves et parents,<\/li>\n<li>De\u00a0familiariser\u00a0les \u00e9l\u00e8ves avec la lecture et l&rsquo;internet.<\/li>\n<\/ul>\n<p>E-sidoc vous permettra de d\u00e9couvrir un bon nombre de livres, de revues et de sites internet.\u00a0Vous pouvez le consulter d\u00e8s \u00e0 pr\u00e9sent en cliquant sur l&rsquo;image ci-apr\u00e8s :<\/p>\n<p><a href=\"http:\/\/9720448e.esidoc.fr\/\"><img loading=\"lazy\" decoding=\"async\" class=\"alignnone size-full wp-image-1922\" src=\"\/clg-georgeselisabeth\/wp-content\/uploads\/sites\/58\/2017\/11\/e-sidoc.png\" alt=\"\" width=\"189\" height=\"174\" \/><\/a><\/p>\n<p>Symbaloo vous permettra d&rsquo;acc\u00e9der \u00e0 plusieurs ressources en ligne utilis\u00e9es quotidiennement par les \u00e9l\u00e8ves.\u00a0D\u00e9couvrez Symbaloo en cliquant sur\u00a0l&rsquo;image ci-apr\u00e8s :<\/p>\n<p><a href=\"https:\/\/www.symbaloo.com\/mix\/collegegeorgeselisabeth\"><img loading=\"lazy\" decoding=\"async\" class=\"alignnone size-medium wp-image-1926\" src=\"\/clg-georgeselisabeth\/wp-content\/uploads\/sites\/58\/2017\/11\/symbaloo-300x107.png\" alt=\"\" width=\"300\" height=\"107\" srcset=\"https:\/\/site.ac-martinique.fr\/clg-georgeselisabeth\/wp-content\/uploads\/sites\/58\/2017\/11\/symbaloo-300x107.png 300w, https:\/\/site.ac-martinique.fr\/clg-georgeselisabeth\/wp-content\/uploads\/sites\/58\/2017\/11\/symbaloo.png 420w\" sizes=\"auto, (max-width: 300px) 100vw, 300px\" \/><\/a><\/p>\n<p>Bonne lecture,<\/p>\n<p>Le coll\u00e8ge Georges ELISABETH.<\/p>\n","protected":false},"excerpt":{"rendered":"<p>Chers Parents, chers \u00e9l\u00e8ves, La professeur documentaliste a mis en place plusieurs dispositifs permettant : De faciliter le quotidien des \u00e9l\u00e8ves et parents, De\u00a0familiariser\u00a0les \u00e9l\u00e8ves avec la lecture et l&rsquo;internet. E-sidoc vous permettra de d\u00e9couvrir un bon nombre de livres, &hellip; <a href=\"https:\/\/site.ac-martinique.fr\/clg-georgeselisabeth\/?page_id=889\">Continuer la lecture <span class=\"meta-nav\">&rarr;<\/span><\/a><\/p>\n","protected":false},"author":140,"featured_media":0,"parent":0,"menu_order":1,"comment_status":"closed","ping_status":"closed","template":"","meta":{"footnotes":""},"class_list":["post-889","page","type-page","status-publish","hentry"],"_links":{"self":[{"href":"https:\/\/site.ac-martinique.fr\/clg-georgeselisabeth\/index.php?rest_route=\/wp\/v2\/pages\/889","targetHints":{"allow":["GET"]}}],"collection":[{"href":"https:\/\/site.ac-martinique.fr\/clg-georgeselisabeth\/index.php?rest_route=\/wp\/v2\/pages"}],"about":[{"href":"https:\/\/site.ac-martinique.fr\/clg-georgeselisabeth\/index.php?rest_route=\/wp\/v2\/types\/page"}],"author":[{"embeddable":true,"href":"https:\/\/site.ac-martinique.fr\/clg-georgeselisabeth\/index.php?rest_route=\/wp\/v2\/users\/140"}],"replies":[{"embeddable":true,"href":"https:\/\/site.ac-martinique.fr\/clg-georgeselisabeth\/index.php?rest_route=%2Fwp%2Fv2%2Fcomments&post=889"}],"version-history":[{"count":6,"href":"https:\/\/site.ac-martinique.fr\/clg-georgeselisabeth\/index.php?rest_route=\/wp\/v2\/pages\/889\/revisions"}],"predecessor-version":[{"id":1960,"href":"https:\/\/site.ac-martinique.fr\/clg-georgeselisabeth\/index.php?rest_route=\/wp\/v2\/pages\/889\/revisions\/1960"}],"wp:attachment":[{"href":"https:\/\/site.ac-martinique.fr\/clg-georgeselisabeth\/index.php?rest_route=%2Fwp%2Fv2%2Fmedia&parent=889"}],"curies":[{"name":"wp","href":"https:\/\/api.w.org\/{rel}","templated":true}]}}