{"id":891,"date":"2015-09-15T10:08:03","date_gmt":"2015-09-15T14:08:03","guid":{"rendered":"\/clg-georgeselisabeth\/?page_id=891"},"modified":"2017-02-13T15:08:45","modified_gmt":"2017-02-13T19:08:45","slug":"891-2","status":"publish","type":"page","link":"https:\/\/site.ac-martinique.fr\/clg-georgeselisabeth\/?page_id=891","title":{"rendered":"Chartes et R\u00e8gles"},"content":{"rendered":"<p style=\"text-align: justify;\"><strong>22Une charte<\/strong> est\u00a0un document officiel ou un simple engagement volontaire du ou des signataire(s), qui affirme des valeurs, des principes ou des r\u00e8gles. (Source Wikip\u00e9dia).<\/p>\n<p style=\"text-align: justify;\">La vie dans le coll\u00e8ge est r\u00e9gie par les chartes suivantes(que l&rsquo;on retrouve aussi dans le r\u00e8glement int\u00e9rieur, dans le carnet de correspondance):<\/p>\n<p style=\"text-align: center;\"><em><a href=\"https:\/\/drive.google.com\/file\/d\/0B9kCCGHeYwjteXg0eHE2MHNxc0E\/view?usp=sharing\" target=\"_blank\">CHARTE DES REGLES DE CIVILITE DU COLLEGIEN<\/a><\/em><\/p>\n<p style=\"text-align: center;\"><a href=\"https:\/\/drive.google.com\/file\/d\/0B9kCCGHeYwjtb0g3cVRjOHZIWlE\/view?usp=sharing\" target=\"_blank\">CHARTE DE LA LAICIT\u00c9 A L\u2019\u00c9COLE<\/a><\/p>\n<p style=\"text-align: center;\"><a href=\"https:\/\/drive.google.com\/file\/d\/0B9kCCGHeYwjtaXhiLS1YTXVVR2s\/view?usp=sharing\" target=\"_blank\">CHARTE DE BONNE CONDUITE EN SALLE D\u2019ETUDE<\/a><\/p>\n<p style=\"text-align: center;\"><a href=\"https:\/\/drive.google.com\/file\/d\/0B9kCCGHeYwjtcUdYTFR2cWpQSjQ\/view?usp=sharing\" target=\"_blank\">CHARTE DE L&rsquo;UTILISATEUR DE L&rsquo;INTERNET<\/a><\/p>\n<p style=\"text-align: justify;\">L&rsquo;utilisation du mat\u00e9riel informatique est aussi soumis \u00e0 <strong>des r\u00e8gles<\/strong>. \u00a0Impos\u00e9es en premier lieu \u00e0 nos \u00e9l\u00e8ves, mais aussi plus g\u00e9n\u00e9ralement \u00e0 l&rsquo;ensemble\u00a0de la communaut\u00e9 scolaire, elles sont les garantes du bon \u00e9tat de fonctionnement\u00a0des \u00a0outils TICE(Technologie de l&rsquo;Information et de la Communication) mis \u00e0 la disposition de tous:<\/p>\n<p style=\"text-align: center;\"><a href=\"https:\/\/drive.google.com\/file\/d\/0B9kCCGHeYwjtYUdEaEhJNm5rVjg\/view?usp=sharing\" target=\"_blank\">R\u00c8GLES D\u2019UTILISATION DES SALLES INFORMATIS\u00c9ES<\/a><\/p>\n","protected":false},"excerpt":{"rendered":"<p>22Une charte est\u00a0un document officiel ou un simple engagement volontaire du ou des signataire(s), qui affirme des valeurs, des principes ou des r\u00e8gles. (Source Wikip\u00e9dia). La vie dans le coll\u00e8ge est r\u00e9gie par les chartes suivantes(que l&rsquo;on retrouve aussi dans &hellip; <a href=\"https:\/\/site.ac-martinique.fr\/clg-georgeselisabeth\/?page_id=891\">Continuer la lecture <span class=\"meta-nav\">&rarr;<\/span><\/a><\/p>\n","protected":false},"author":140,"featured_media":0,"parent":211,"menu_order":1,"comment_status":"closed","ping_status":"closed","template":"","meta":{"footnotes":""},"class_list":["post-891","page","type-page","status-publish","hentry"],"_links":{"self":[{"href":"https:\/\/site.ac-martinique.fr\/clg-georgeselisabeth\/index.php?rest_route=\/wp\/v2\/pages\/891","targetHints":{"allow":["GET"]}}],"collection":[{"href":"https:\/\/site.ac-martinique.fr\/clg-georgeselisabeth\/index.php?rest_route=\/wp\/v2\/pages"}],"about":[{"href":"https:\/\/site.ac-martinique.fr\/clg-georgeselisabeth\/index.php?rest_route=\/wp\/v2\/types\/page"}],"author":[{"embeddable":true,"href":"https:\/\/site.ac-martinique.fr\/clg-georgeselisabeth\/index.php?rest_route=\/wp\/v2\/users\/140"}],"replies":[{"embeddable":true,"href":"https:\/\/site.ac-martinique.fr\/clg-georgeselisabeth\/index.php?rest_route=%2Fwp%2Fv2%2Fcomments&post=891"}],"version-history":[{"count":21,"href":"https:\/\/site.ac-martinique.fr\/clg-georgeselisabeth\/index.php?rest_route=\/wp\/v2\/pages\/891\/revisions"}],"predecessor-version":[{"id":1434,"href":"https:\/\/site.ac-martinique.fr\/clg-georgeselisabeth\/index.php?rest_route=\/wp\/v2\/pages\/891\/revisions\/1434"}],"up":[{"embeddable":true,"href":"https:\/\/site.ac-martinique.fr\/clg-georgeselisabeth\/index.php?rest_route=\/wp\/v2\/pages\/211"}],"wp:attachment":[{"href":"https:\/\/site.ac-martinique.fr\/clg-georgeselisabeth\/index.php?rest_route=%2Fwp%2Fv2%2Fmedia&parent=891"}],"curies":[{"name":"wp","href":"https:\/\/api.w.org\/{rel}","templated":true}]}}