{"id":1023,"date":"2016-10-18T16:01:08","date_gmt":"2016-10-18T20:01:08","guid":{"rendered":"https:\/\/site.ac-martinique.fr\/clg-gerardcafe\/?page_id=1023"},"modified":"2021-02-25T14:53:20","modified_gmt":"2021-02-25T18:53:20","slug":"calendrier-agenda-planning","status":"publish","type":"page","link":"https:\/\/site.ac-martinique.fr\/clg-gerardcafe\/calendrier-agenda-planning\/","title":{"rendered":"Les \u00e9v\u00e8nements jour apr\u00e8s jour"},"content":{"rendered":"<p>{CALENDAR}<\/p>\n<p>&nbsp;<\/p>\n","protected":false},"excerpt":{"rendered":"<p>{CALENDAR} &nbsp;<\/p>\n","protected":false},"author":210,"featured_media":0,"parent":0,"menu_order":0,"comment_status":"closed","ping_status":"closed","template":"","meta":{"footnotes":""},"class_list":["post-1023","page","type-page","status-publish","hentry"],"_links":{"self":[{"href":"https:\/\/site.ac-martinique.fr\/clg-gerardcafe\/wp-json\/wp\/v2\/pages\/1023","targetHints":{"allow":["GET"]}}],"collection":[{"href":"https:\/\/site.ac-martinique.fr\/clg-gerardcafe\/wp-json\/wp\/v2\/pages"}],"about":[{"href":"https:\/\/site.ac-martinique.fr\/clg-gerardcafe\/wp-json\/wp\/v2\/types\/page"}],"author":[{"embeddable":true,"href":"https:\/\/site.ac-martinique.fr\/clg-gerardcafe\/wp-json\/wp\/v2\/users\/210"}],"replies":[{"embeddable":true,"href":"https:\/\/site.ac-martinique.fr\/clg-gerardcafe\/wp-json\/wp\/v2\/comments?post=1023"}],"version-history":[{"count":5,"href":"https:\/\/site.ac-martinique.fr\/clg-gerardcafe\/wp-json\/wp\/v2\/pages\/1023\/revisions"}],"predecessor-version":[{"id":1571,"href":"https:\/\/site.ac-martinique.fr\/clg-gerardcafe\/wp-json\/wp\/v2\/pages\/1023\/revisions\/1571"}],"wp:attachment":[{"href":"https:\/\/site.ac-martinique.fr\/clg-gerardcafe\/wp-json\/wp\/v2\/media?parent=1023"}],"curies":[{"name":"wp","href":"https:\/\/api.w.org\/{rel}","templated":true}]}}