{"id":1562,"date":"2016-11-10T14:45:42","date_gmt":"2016-11-10T18:45:42","guid":{"rendered":"https:\/\/site.ac-martinique.fr\/clg-gerardcafe\/?page_id=1562"},"modified":"2025-09-28T10:53:45","modified_gmt":"2025-09-28T14:53:45","slug":"reglement-interieur","status":"publish","type":"page","link":"https:\/\/site.ac-martinique.fr\/clg-gerardcafe\/reglement-interieur\/","title":{"rendered":"R\u00e8glement int\u00e9rieur"},"content":{"rendered":"<div class=\"wp-block-image\">\n<figure class=\"aligncenter size-full\"><a href=\"https:\/\/site.ac-martinique.fr\/clg-gerardcafe\/wp-content\/uploads\/sites\/78\/2021\/09\/Unknown.jpg\"><img loading=\"lazy\" decoding=\"async\" width=\"208\" height=\"242\" src=\"https:\/\/site.ac-martinique.fr\/clg-gerardcafe\/wp-content\/uploads\/sites\/78\/2021\/09\/Unknown.jpg\" alt=\"\" class=\"wp-image-6506\" srcset=\"https:\/\/site.ac-martinique.fr\/clg-gerardcafe\/wp-content\/uploads\/sites\/78\/2021\/09\/Unknown.jpg 208w, https:\/\/site.ac-martinique.fr\/clg-gerardcafe\/wp-content\/uploads\/sites\/78\/2021\/09\/Unknown-129x150.jpg 129w\" sizes=\"auto, (max-width: 208px) 100vw, 208px\" \/><\/a><\/figure>\n<\/div>\n\n\n<p>Le r\u00e8glement int\u00e9rieur du coll\u00e8ge G\u00e9rard CAFE pr\u00e9cise les r\u00e8gles de vie collective applicables dans l\u2019enceinte de l\u2019\u00e9tablissement ainsi que les modalit\u00e9s sp\u00e9cifiques selon lesquelles sont mis en application les droits et libert\u00e9s dont b\u00e9n\u00e9ficient les \u00e9l\u00e8ves ainsi que leurs devoirs.<br>Ce r\u00e8glement int\u00e9rieur est un document de r\u00e9f\u00e9rence pour l\u2019action \u00e9ducative. Il participe \u00e9galement \u00e0 la formation \u00e0 la citoyennet\u00e9 des \u00e9l\u00e8ves et facilite les rapports entre les acteurs de la communaut\u00e9 \u00e9ducative.<\/p>\n\n\n\n<p>Le r\u00e8glement int\u00e9rieur doit permettre de r\u00e9guler la vie dans l\u2019\u00e9tablissement et les rapports entre les diff\u00e9rents membres de la communaut\u00e9 \u00e9ducative.<br>L\u2019inscription d\u2019un \u00e9l\u00e8ve dans l\u2019\u00e9tablissement entra\u00eene l\u2019acceptation du pr\u00e9sent r\u00e8glement.<\/p>\n\n\n\n<p><br>Ce r\u00e8glement int\u00e9rieur ne saurait tout pr\u00e9voir. C\u2019est un document \u00e9volutif, s\u2019adaptant \u00e0 la vie du coll\u00e8ge.<br>Toute modification doit \u00eatre approuv\u00e9e par le Conseil d\u2019Administration avant d\u2019\u00eatre communiqu\u00e9e aux familles.<\/p>\n\n\n\n<p><strong><span class=\"has-inline-color has-vivid-red-color\"><a href=\"https:\/\/site.ac-martinique.fr\/clg-gerardcafe\/wp-content\/uploads\/sites\/78\/2025\/09\/reglement-interieur-ca-du-3-juill-20251.pdf\">R\u00e8glement int\u00e9rieur du Coll\u00e8ge G\u00e9rard Caf\u00e9<\/a><\/span><\/strong><\/p>\n\n\n","protected":false},"excerpt":{"rendered":"<p>Le r\u00e8glement int\u00e9rieur du coll\u00e8ge G\u00e9rard CAFE pr\u00e9cise les r\u00e8gles de vie collective applicables dans <a class=\"continue-reading-link\" href=\"https:\/\/site.ac-martinique.fr\/clg-gerardcafe\/reglement-interieur\/\">lire plus <span class=\"meta-nav\">&rarr; <\/span><\/a><\/p>\n","protected":false},"author":210,"featured_media":0,"parent":0,"menu_order":0,"comment_status":"closed","ping_status":"closed","template":"","meta":{"footnotes":""},"class_list":["post-1562","page","type-page","status-publish","hentry"],"_links":{"self":[{"href":"https:\/\/site.ac-martinique.fr\/clg-gerardcafe\/wp-json\/wp\/v2\/pages\/1562","targetHints":{"allow":["GET"]}}],"collection":[{"href":"https:\/\/site.ac-martinique.fr\/clg-gerardcafe\/wp-json\/wp\/v2\/pages"}],"about":[{"href":"https:\/\/site.ac-martinique.fr\/clg-gerardcafe\/wp-json\/wp\/v2\/types\/page"}],"author":[{"embeddable":true,"href":"https:\/\/site.ac-martinique.fr\/clg-gerardcafe\/wp-json\/wp\/v2\/users\/210"}],"replies":[{"embeddable":true,"href":"https:\/\/site.ac-martinique.fr\/clg-gerardcafe\/wp-json\/wp\/v2\/comments?post=1562"}],"version-history":[{"count":18,"href":"https:\/\/site.ac-martinique.fr\/clg-gerardcafe\/wp-json\/wp\/v2\/pages\/1562\/revisions"}],"predecessor-version":[{"id":8619,"href":"https:\/\/site.ac-martinique.fr\/clg-gerardcafe\/wp-json\/wp\/v2\/pages\/1562\/revisions\/8619"}],"wp:attachment":[{"href":"https:\/\/site.ac-martinique.fr\/clg-gerardcafe\/wp-json\/wp\/v2\/media?parent=1562"}],"curies":[{"name":"wp","href":"https:\/\/api.w.org\/{rel}","templated":true}]}}