{"id":171,"date":"2014-02-20T11:28:24","date_gmt":"2014-02-20T15:28:24","guid":{"rendered":"https:\/\/site.ac-martinique.fr\/clg-gerardcafe\/?page_id=171"},"modified":"2021-02-25T14:53:20","modified_gmt":"2021-02-25T18:53:20","slug":"histoire-du-college","status":"publish","type":"page","link":"https:\/\/site.ac-martinique.fr\/clg-gerardcafe\/histoire-du-college\/","title":{"rendered":"G\u00e9rard Caf\u00e9"},"content":{"rendered":"<p>&nbsp;<\/p>\n<p><img loading=\"lazy\" decoding=\"async\" class=\"aligncenter size-full wp-image-3229\" src=\"\/clg-gerardcafe\/wp-content\/uploads\/sites\/78\/2014\/02\/Marin-ville.jpg\" alt=\"Marin ville\" width=\"372\" height=\"304\" srcset=\"https:\/\/site.ac-martinique.fr\/clg-gerardcafe\/wp-content\/uploads\/sites\/78\/2014\/02\/Marin-ville.jpg 372w, https:\/\/site.ac-martinique.fr\/clg-gerardcafe\/wp-content\/uploads\/sites\/78\/2014\/02\/Marin-ville-300x245.jpg 300w, https:\/\/site.ac-martinique.fr\/clg-gerardcafe\/wp-content\/uploads\/sites\/78\/2014\/02\/Marin-ville-150x123.jpg 150w\" sizes=\"auto, (max-width: 372px) 100vw, 372px\" \/><\/p>\n<p>Abritant\u00a0pr\u00e8s de 9 000\u00a0habitants, la ville du Marin :<\/p>\n<ul>\n<li>est la capitale administrative du Sud de la Martinique,<\/li>\n<li>est\u00a0l&#8217;une des trois sous pr\u00e9fectures de l\u2019\u00eele depuis 1974,<\/li>\n<li>fait\u00a0partie des 12 communes formant la Communaut\u00e9 d\u2019Agglom\u00e9ration de l\u2019Espace Sud,<\/li>\n<li>est r\u00e9solument tourn\u00e9e vers le tourisme avec une client\u00e8le d\u00e9sormais internationale,<\/li>\n<li>est labellis\u00e9e le\u00a0<strong>Pavillon Bleu<\/strong>\u00a0depuis 2006 gr\u00e2ce \u00e0 son port de plaisance et la qualit\u00e9 des services associ\u00e9s,<\/li>\n<li>est class\u00e9e\u00a0<strong>Station Nautique<\/strong>\u00a0en 1998 gr\u00e2ce \u00e0 ses infrastructures nautique et de plaisance,<\/li>\n<li>compte 5 \u00e9coles \u00e9l\u00e9mentaires, 2 lyc\u00e9es et\u00a0<strong>le<\/strong>\u00a0<strong>coll\u00e8ge G\u00e9rard Caf\u00e9<\/strong>.<\/li>\n<\/ul>\n<p>Inaugur\u00e9 en 1977, le coll\u00e8ge porte d&#8217;ailleurs\u00a0le nom de son premier Principal. Situ\u00e9 aux abords de la nouvelle marina de la ville, l&#8217;\u00e9tablissement comprend aujourd&#8217;hui un niveau g\u00e9n\u00e9ral et une Segpa, avec pr\u00e8s de 500 \u00e9l\u00e8ves dans ses murs chaque ann\u00e9e.<\/p>\n<p style=\"text-align: center;\"><div id=\"metaslider-id-115\" style=\"width: 100%; margin: 0 auto;\" class=\"ml-slider-3-107-0 metaslider metaslider-nivo metaslider-115 ml-slider has-dots-nav ms-theme-default\" role=\"region\" aria-label=\"Arriv\u00e9e au coll\u00e8ge\" data-height=\"500\" data-width=\"1000\">\n    <div id=\"metaslider_container_115\">\n        <div class='slider-wrapper theme-default'><div class='ribbon'><\/div><div id='metaslider_115' class='nivoSlider'><img loading=\"lazy\" decoding=\"async\" src=\"https:\/\/site.ac-martinique.fr\/clg-gerardcafe\/wp-content\/uploads\/sites\/78\/2014\/06\/DSCF2017-1000x500.jpg\" height=\"500\" width=\"1000\" data-caption=\"Le portail o&ugrave; se fait le contr&ocirc;le des entr&eacute;es. Les horaires d&#039;ouverture y sont affich&eacute;s.\" alt=\"\" class=\"slider-115 slide-479 msDefaultImage\" \/><a href=\"https:\/\/www.google.fr\/maps\/place\/Coll%C3%A8ge+G%C3%A9rard+Caf%C3%A9\/@14.4699,-60.864,17z\/data=!3m1!4b1!4m2!3m1!1s0x8c40214b91871e51:0xe48a4d1481b525d4\" target=\"_self\"><img loading=\"lazy\" decoding=\"async\" src=\"https:\/\/site.ac-martinique.fr\/clg-gerardcafe\/wp-content\/uploads\/sites\/78\/2014\/06\/DSCF2019-1000x500.jpg\" height=\"500\" width=\"1000\" data-caption=\"L&#039;entr&eacute;e commune au coll&egrave;ge G&eacute;rard CAFE et au Lyc&eacute;e Raymond NERIS. Elle donne sur la route qui longe la nouvelle marina. \" alt=\"\" class=\"slider-115 slide-472 msDefaultImage\" \/><\/a><img loading=\"lazy\" decoding=\"async\" src=\"https:\/\/site.ac-martinique.fr\/clg-gerardcafe\/wp-content\/uploads\/sites\/78\/2014\/01\/DSC00640-1000x500.jpg\" height=\"500\" width=\"1000\" data-caption=\"Le pr&eacute;au sous lequel les &eacute;l&egrave;ves patientent ou s&#039;abritent entre les cours ou aux heures de permanence.\" alt=\"\" class=\"slider-115 slide-123 msDefaultImage\" \/><img loading=\"lazy\" decoding=\"async\" src=\"https:\/\/site.ac-martinique.fr\/clg-gerardcafe\/wp-content\/uploads\/sites\/78\/2014\/06\/DSCF2020-1000x500.jpg\" height=\"500\" width=\"1000\" data-caption=\"Voici le b&acirc;timent administratif qui accueille le Secr&eacute;tariat, l&#039;Intendance, l&#039;Assistante Sociale, ainsi que la Direction du coll&egrave;ge.\" alt=\"\" class=\"slider-115 slide-480 msDefaultImage\" \/><img loading=\"lazy\" decoding=\"async\" src=\"https:\/\/site.ac-martinique.fr\/clg-gerardcafe\/wp-content\/uploads\/sites\/78\/2014\/06\/DSCF2026-1000x500.jpg\" height=\"500\" width=\"1000\" data-caption=\"Une salle de cours classique dans l&#039;un des pr&eacute;fabriqu&eacute; de l&#039;&eacute;tablissement.\" alt=\"\" class=\"slider-115 slide-475 msDefaultImage\" \/><img loading=\"lazy\" decoding=\"async\" src=\"https:\/\/site.ac-martinique.fr\/clg-gerardcafe\/wp-content\/uploads\/sites\/78\/2014\/01\/01-1000x500.jpg\" height=\"500\" width=\"1000\" data-caption=\"Depuis le tremblement de terre de 2007, les cours ont lieu dans des pr&eacute;fabriqu&eacute;s climatis&eacute;s, dispos&eacute;s sur l&#039;ancien terrain de sport.\" alt=\"\" class=\"slider-115 slide-116 msDefaultImage\" \/><img loading=\"lazy\" decoding=\"async\" src=\"https:\/\/site.ac-martinique.fr\/clg-gerardcafe\/wp-content\/uploads\/sites\/78\/2014\/06\/DSCF2018-1000x500.jpg\" height=\"500\" width=\"1000\" data-caption=\"Bienvenue &agrave; la Cit&eacute; scolaire du Marin !\" alt=\"\" class=\"slider-115 slide-478 msDefaultImage\" \/><\/div><\/div>\n        \n    <\/div>\n<\/div>\n","protected":false},"excerpt":{"rendered":"<p>&nbsp; Abritant\u00a0pr\u00e8s de 9 000\u00a0habitants, la ville du Marin : est la capitale administrative du <a class=\"continue-reading-link\" href=\"https:\/\/site.ac-martinique.fr\/clg-gerardcafe\/histoire-du-college\/\">lire plus <span class=\"meta-nav\">&rarr; <\/span><\/a><\/p>\n","protected":false},"author":210,"featured_media":0,"parent":0,"menu_order":0,"comment_status":"closed","ping_status":"closed","template":"","meta":{"footnotes":""},"class_list":["post-171","page","type-page","status-publish","hentry"],"_links":{"self":[{"href":"https:\/\/site.ac-martinique.fr\/clg-gerardcafe\/wp-json\/wp\/v2\/pages\/171","targetHints":{"allow":["GET"]}}],"collection":[{"href":"https:\/\/site.ac-martinique.fr\/clg-gerardcafe\/wp-json\/wp\/v2\/pages"}],"about":[{"href":"https:\/\/site.ac-martinique.fr\/clg-gerardcafe\/wp-json\/wp\/v2\/types\/page"}],"author":[{"embeddable":true,"href":"https:\/\/site.ac-martinique.fr\/clg-gerardcafe\/wp-json\/wp\/v2\/users\/210"}],"replies":[{"embeddable":true,"href":"https:\/\/site.ac-martinique.fr\/clg-gerardcafe\/wp-json\/wp\/v2\/comments?post=171"}],"version-history":[{"count":19,"href":"https:\/\/site.ac-martinique.fr\/clg-gerardcafe\/wp-json\/wp\/v2\/pages\/171\/revisions"}],"predecessor-version":[{"id":7820,"href":"https:\/\/site.ac-martinique.fr\/clg-gerardcafe\/wp-json\/wp\/v2\/pages\/171\/revisions\/7820"}],"wp:attachment":[{"href":"https:\/\/site.ac-martinique.fr\/clg-gerardcafe\/wp-json\/wp\/v2\/media?parent=171"}],"curies":[{"name":"wp","href":"https:\/\/api.w.org\/{rel}","templated":true}]}}