{"id":2106,"date":"2017-08-28T12:51:02","date_gmt":"2017-08-28T16:51:02","guid":{"rendered":"https:\/\/site.ac-martinique.fr\/clg-gerardcafe\/?page_id=2106"},"modified":"2023-01-06T03:08:47","modified_gmt":"2023-01-06T07:08:47","slug":"services-social-et-de-sante","status":"publish","type":"page","link":"https:\/\/site.ac-martinique.fr\/clg-gerardcafe\/services-social-et-de-sante\/","title":{"rendered":"Services social et de sant\u00e9"},"content":{"rendered":"<p><img loading=\"lazy\" decoding=\"async\" class=\"aligncenter size-full wp-image-3186\" src=\"\/clg-gerardcafe\/wp-content\/uploads\/sites\/78\/2017\/08\/assistante-sociale.jpg\" alt=\"assistante sociale\" width=\"800\" height=\"100\" srcset=\"https:\/\/site.ac-martinique.fr\/clg-gerardcafe\/wp-content\/uploads\/sites\/78\/2017\/08\/assistante-sociale.jpg 800w, https:\/\/site.ac-martinique.fr\/clg-gerardcafe\/wp-content\/uploads\/sites\/78\/2017\/08\/assistante-sociale-300x38.jpg 300w, https:\/\/site.ac-martinique.fr\/clg-gerardcafe\/wp-content\/uploads\/sites\/78\/2017\/08\/assistante-sociale-768x96.jpg 768w, https:\/\/site.ac-martinique.fr\/clg-gerardcafe\/wp-content\/uploads\/sites\/78\/2017\/08\/assistante-sociale-510x64.jpg 510w, https:\/\/site.ac-martinique.fr\/clg-gerardcafe\/wp-content\/uploads\/sites\/78\/2017\/08\/assistante-sociale-150x19.jpg 150w\" sizes=\"auto, (max-width: 800px) 100vw, 800px\" \/><\/p>\n<p>L&#8217;Assistante de service social du coll\u00e8ge, <strong>Mme MOLIN\u00c8S-BERTRAC,\u00a0<\/strong>apporte son aide aux \u00e9l\u00e8ves et aux parents en cas de difficult\u00e9s de toute nature\u00a0et fait en sorte que les choses aillent mieux \u00e0 la maison.<\/p>\n<p><em>Pour la joindre ou solliciter un rendez-vous, veuillez composer le num\u00e9ro <\/em>: <strong>0596 74 19 42<\/strong><\/p>\n<p><img loading=\"lazy\" decoding=\"async\" class=\"aligncenter size-full wp-image-3187\" src=\"\/clg-gerardcafe\/wp-content\/uploads\/sites\/78\/2017\/08\/infirmerie.jpg\" alt=\"infirmerie\" width=\"800\" height=\"100\" srcset=\"https:\/\/site.ac-martinique.fr\/clg-gerardcafe\/wp-content\/uploads\/sites\/78\/2017\/08\/infirmerie.jpg 800w, https:\/\/site.ac-martinique.fr\/clg-gerardcafe\/wp-content\/uploads\/sites\/78\/2017\/08\/infirmerie-300x38.jpg 300w, https:\/\/site.ac-martinique.fr\/clg-gerardcafe\/wp-content\/uploads\/sites\/78\/2017\/08\/infirmerie-768x96.jpg 768w, https:\/\/site.ac-martinique.fr\/clg-gerardcafe\/wp-content\/uploads\/sites\/78\/2017\/08\/infirmerie-510x64.jpg 510w, https:\/\/site.ac-martinique.fr\/clg-gerardcafe\/wp-content\/uploads\/sites\/78\/2017\/08\/infirmerie-150x19.jpg 150w\" sizes=\"auto, (max-width: 800px) 100vw, 800px\" \/><\/p>\n<p>L\u2019Infirmi\u00e8re, <strong>Mme NAVARRO<\/strong>, s\u2019occupe de la sant\u00e9 des \u00e9l\u00e8ves au sein de l&#8217;\u00e9tablissement plusieurs demi-journ\u00e9es par semaine. Elle anime \u00e9galement tout au long de l&#8217;ann\u00e9e, des ateliers \u00e9ducatifs aux risques sexuels et des formations aux premiers secours pour les \u00e9l\u00e8ves de 4e.<\/p>\n","protected":false},"excerpt":{"rendered":"<p>L&#8217;Assistante de service social du coll\u00e8ge, Mme MOLIN\u00c8S-BERTRAC,\u00a0apporte son aide aux \u00e9l\u00e8ves et aux parents <a class=\"continue-reading-link\" href=\"https:\/\/site.ac-martinique.fr\/clg-gerardcafe\/services-social-et-de-sante\/\">lire plus <span class=\"meta-nav\">&rarr; <\/span><\/a><\/p>\n","protected":false},"author":210,"featured_media":0,"parent":0,"menu_order":0,"comment_status":"closed","ping_status":"closed","template":"","meta":{"footnotes":""},"class_list":["post-2106","page","type-page","status-publish","hentry"],"_links":{"self":[{"href":"https:\/\/site.ac-martinique.fr\/clg-gerardcafe\/wp-json\/wp\/v2\/pages\/2106","targetHints":{"allow":["GET"]}}],"collection":[{"href":"https:\/\/site.ac-martinique.fr\/clg-gerardcafe\/wp-json\/wp\/v2\/pages"}],"about":[{"href":"https:\/\/site.ac-martinique.fr\/clg-gerardcafe\/wp-json\/wp\/v2\/types\/page"}],"author":[{"embeddable":true,"href":"https:\/\/site.ac-martinique.fr\/clg-gerardcafe\/wp-json\/wp\/v2\/users\/210"}],"replies":[{"embeddable":true,"href":"https:\/\/site.ac-martinique.fr\/clg-gerardcafe\/wp-json\/wp\/v2\/comments?post=2106"}],"version-history":[{"count":4,"href":"https:\/\/site.ac-martinique.fr\/clg-gerardcafe\/wp-json\/wp\/v2\/pages\/2106\/revisions"}],"predecessor-version":[{"id":7650,"href":"https:\/\/site.ac-martinique.fr\/clg-gerardcafe\/wp-json\/wp\/v2\/pages\/2106\/revisions\/7650"}],"wp:attachment":[{"href":"https:\/\/site.ac-martinique.fr\/clg-gerardcafe\/wp-json\/wp\/v2\/media?parent=2106"}],"curies":[{"name":"wp","href":"https:\/\/api.w.org\/{rel}","templated":true}]}}