{"id":284,"date":"2014-05-07T08:39:47","date_gmt":"2014-05-07T12:39:47","guid":{"rendered":"https:\/\/site.ac-martinique.fr\/clg-gerardcafe\/?page_id=284"},"modified":"2021-02-25T14:53:20","modified_gmt":"2021-02-25T18:53:20","slug":"nous-contacter","status":"publish","type":"page","link":"https:\/\/site.ac-martinique.fr\/clg-gerardcafe\/nous-contacter\/","title":{"rendered":"Nous contacter"},"content":{"rendered":"<p><!--more--><br \/>\n<strong>Horaires du coll\u00e8ge<\/strong> : 7h00 &#8211; 17h00 | Lundi, Mardi, Jeudi, Vendredi \u00a0 &#8211; \u00a0 7h00 &#8211; 12h35 | Mercredi<\/p>\n<p><strong>Horaires du secr\u00e9tariat<\/strong> : 8h00 &#8211; 12h35 | 14h00 &#8211; 17h00 | Lundi, Mardi, Jeudi, Vendredi &#8211; Ferm\u00e9 le Mercredi<\/p>\n<p><strong>Adresse<\/strong><br \/>\nColl\u00e8ge G\u00e9rard Caf\u00e9<br \/>\nCit\u00e9 Scolaire &#8211; Boulevard All\u00e8gre &#8211; 97290 LE MARIN<\/p>\n<p>Standard : <strong>05 96 74 19 36<\/strong><br \/>\nFax : <strong>05 96 74 92 46<\/strong><br \/>\nE-mail: <strong><a href=\"mailto:ce.9720447d@ac-martinique.fr\"><span style=\"color: #db1702;\">ce.9720447d@ac-martinique.fr<\/span><\/a><\/strong><\/p>\n<p><em><span style=\"text-decoration: underline;\">Pour joindre un service de l&#8217;\u00e9tablissement (Vie scolaire, CPE, Intendance, &#8230;) veuillez composer le num\u00e9ro du standard.<\/span><\/em><br \/>\n<!--more--><\/p>\n<p><iframe loading=\"lazy\" style=\"border: 0;\" src=\"https:\/\/www.google.com\/maps\/embed?pb=!1m18!1m12!1m3!1d3863.2556673040117!2d-60.8664456851876!3d14.47000318414314!2m3!1f0!2f0!3f0!3m2!1i1024!2i768!4f13.1!3m3!1m2!1s0x8c40214b9be4bcc7%3A0x939883cddb2395f8!2zQ29sbMOoZ2UgR8OpcmFyZCBDYWbDqQ!5e0!3m2!1sfr!2sfr!4v1476814697520\" width=\"1100\" height=\"450\" frameborder=\"0\" allowfullscreen=\"allowfullscreen\"><\/iframe><br \/>\n<!--more--><\/p>\n<p><!--more--><\/p>\n<p>&nbsp;<\/p>\n","protected":false},"excerpt":{"rendered":"","protected":false},"author":210,"featured_media":0,"parent":0,"menu_order":0,"comment_status":"closed","ping_status":"closed","template":"","meta":{"footnotes":""},"class_list":["post-284","page","type-page","status-publish","hentry"],"_links":{"self":[{"href":"https:\/\/site.ac-martinique.fr\/clg-gerardcafe\/wp-json\/wp\/v2\/pages\/284","targetHints":{"allow":["GET"]}}],"collection":[{"href":"https:\/\/site.ac-martinique.fr\/clg-gerardcafe\/wp-json\/wp\/v2\/pages"}],"about":[{"href":"https:\/\/site.ac-martinique.fr\/clg-gerardcafe\/wp-json\/wp\/v2\/types\/page"}],"author":[{"embeddable":true,"href":"https:\/\/site.ac-martinique.fr\/clg-gerardcafe\/wp-json\/wp\/v2\/users\/210"}],"replies":[{"embeddable":true,"href":"https:\/\/site.ac-martinique.fr\/clg-gerardcafe\/wp-json\/wp\/v2\/comments?post=284"}],"version-history":[{"count":19,"href":"https:\/\/site.ac-martinique.fr\/clg-gerardcafe\/wp-json\/wp\/v2\/pages\/284\/revisions"}],"predecessor-version":[{"id":3904,"href":"https:\/\/site.ac-martinique.fr\/clg-gerardcafe\/wp-json\/wp\/v2\/pages\/284\/revisions\/3904"}],"wp:attachment":[{"href":"https:\/\/site.ac-martinique.fr\/clg-gerardcafe\/wp-json\/wp\/v2\/media?parent=284"}],"curies":[{"name":"wp","href":"https:\/\/api.w.org\/{rel}","templated":true}]}}