{"id":2960,"date":"2017-08-28T12:29:31","date_gmt":"2017-08-28T16:29:31","guid":{"rendered":"https:\/\/site.ac-martinique.fr\/clg-gerardcafe\/?page_id=2960"},"modified":"2024-10-13T06:26:20","modified_gmt":"2024-10-13T10:26:20","slug":"direction-et-administration","status":"publish","type":"page","link":"https:\/\/site.ac-martinique.fr\/clg-gerardcafe\/accueil\/direction-et-administration\/","title":{"rendered":"Direction et Administration"},"content":{"rendered":"<p><img loading=\"lazy\" decoding=\"async\" class=\"aligncenter size-full wp-image-3184\" src=\"\/clg-gerardcafe\/wp-content\/uploads\/sites\/78\/2017\/08\/direction-et-administration.jpg\" alt=\"direction et administration\" width=\"800\" height=\"100\" srcset=\"https:\/\/site.ac-martinique.fr\/clg-gerardcafe\/wp-content\/uploads\/sites\/78\/2017\/08\/direction-et-administration.jpg 800w, https:\/\/site.ac-martinique.fr\/clg-gerardcafe\/wp-content\/uploads\/sites\/78\/2017\/08\/direction-et-administration-300x38.jpg 300w, https:\/\/site.ac-martinique.fr\/clg-gerardcafe\/wp-content\/uploads\/sites\/78\/2017\/08\/direction-et-administration-768x96.jpg 768w, https:\/\/site.ac-martinique.fr\/clg-gerardcafe\/wp-content\/uploads\/sites\/78\/2017\/08\/direction-et-administration-510x64.jpg 510w, https:\/\/site.ac-martinique.fr\/clg-gerardcafe\/wp-content\/uploads\/sites\/78\/2017\/08\/direction-et-administration-150x19.jpg 150w\" sizes=\"auto, (max-width: 800px) 100vw, 800px\" \/><\/p>\n<p>Le b\u00e2timent administratif abrite diff\u00e9rents services essentiels au bon fonctionnement de l&#8217;\u00e9tablissement ainsi que de son personnel. C&#8217;est l\u00e0 que sont g\u00e9r\u00e9es les affaires relevant de l&#8217;organisation des sorties p\u00e9dagogiques, du paiement de la cantine ou encore des achats de mat\u00e9riel scolaire.\u00a0On y retrouve l&#8217;Intendance, la Gestion, le Secr\u00e9tariat et la Direction de l&#8217;\u00e9tablissement.<\/p>\n<ul>\n<li>Principal : <strong>Mme DEVONIN Danielle<br \/>\n<\/strong><\/li>\n<li>Principal Adjoint : <strong>Mme JOSEPH-AUGUSTE Irl\u00e8ne<br \/>\n<\/strong><\/li>\n<li>Directrice SEGPA : <strong>Mme HUMBERT Patricia<br \/>\n<\/strong><\/li>\n<li>Secr\u00e9tariat de Direction : <strong>Mme DOR\u00c9 Odette<br \/>\n<\/strong><\/li>\n<li>Secr\u00e9taire G\u00e9n\u00e9ral : <strong>Mr CL\u00c9ON Rapha\u00ebl<br \/>\n<\/strong><\/li>\n<li>Secr\u00e9tariat Intendance : <strong>Mme CABIT \u00c9l\u00e9onore<br \/>\n<\/strong><\/li>\n<\/ul>\n<p><em>Pour joindre l&#8217;un de ces postes, veuillez composer le num\u00e9ro du standard : <\/em><strong>0596 74 19 36<\/strong><\/p>\n","protected":false},"excerpt":{"rendered":"<p>Le b\u00e2timent administratif abrite diff\u00e9rents services essentiels au bon fonctionnement de l&#8217;\u00e9tablissement ainsi que de <a class=\"continue-reading-link\" href=\"https:\/\/site.ac-martinique.fr\/clg-gerardcafe\/accueil\/direction-et-administration\/\">lire plus <span class=\"meta-nav\">&rarr; <\/span><\/a><\/p>\n","protected":false},"author":210,"featured_media":0,"parent":4297,"menu_order":0,"comment_status":"closed","ping_status":"closed","template":"","meta":{"footnotes":""},"class_list":["post-2960","page","type-page","status-publish","hentry"],"_links":{"self":[{"href":"https:\/\/site.ac-martinique.fr\/clg-gerardcafe\/wp-json\/wp\/v2\/pages\/2960","targetHints":{"allow":["GET"]}}],"collection":[{"href":"https:\/\/site.ac-martinique.fr\/clg-gerardcafe\/wp-json\/wp\/v2\/pages"}],"about":[{"href":"https:\/\/site.ac-martinique.fr\/clg-gerardcafe\/wp-json\/wp\/v2\/types\/page"}],"author":[{"embeddable":true,"href":"https:\/\/site.ac-martinique.fr\/clg-gerardcafe\/wp-json\/wp\/v2\/users\/210"}],"replies":[{"embeddable":true,"href":"https:\/\/site.ac-martinique.fr\/clg-gerardcafe\/wp-json\/wp\/v2\/comments?post=2960"}],"version-history":[{"count":10,"href":"https:\/\/site.ac-martinique.fr\/clg-gerardcafe\/wp-json\/wp\/v2\/pages\/2960\/revisions"}],"predecessor-version":[{"id":8522,"href":"https:\/\/site.ac-martinique.fr\/clg-gerardcafe\/wp-json\/wp\/v2\/pages\/2960\/revisions\/8522"}],"up":[{"embeddable":true,"href":"https:\/\/site.ac-martinique.fr\/clg-gerardcafe\/wp-json\/wp\/v2\/pages\/4297"}],"wp:attachment":[{"href":"https:\/\/site.ac-martinique.fr\/clg-gerardcafe\/wp-json\/wp\/v2\/media?parent=2960"}],"curies":[{"name":"wp","href":"https:\/\/api.w.org\/{rel}","templated":true}]}}