{"id":486,"date":"2014-06-17T16:34:54","date_gmt":"2014-06-17T20:34:54","guid":{"rendered":"https:\/\/site.ac-martinique.fr\/clg-gerardcafe\/?page_id=486"},"modified":"2021-02-25T14:53:20","modified_gmt":"2021-02-25T18:53:20","slug":"les-liens-pedagogiques-entrainement","status":"publish","type":"page","link":"https:\/\/site.ac-martinique.fr\/clg-gerardcafe\/les-liens-pedagogiques-entrainement\/","title":{"rendered":"Les liens p\u00e9dagogiques pour s&#8217;entrainer"},"content":{"rendered":"<!-- MetaSlider 1419 not found -->\n<p>&nbsp;<\/p>\n<p>&nbsp;<\/p>\n<ul>\n<li><a href=\"http:\/\/soutienscolaire.collectivitedemartinique.mq\/\" target=\"_blank\" rel=\"noopener noreferrer\">Aide &#8211; Plateforme de soutien scolaire de la CTM<\/a><\/li>\n<li><a href=\"http:\/\/cartable.sinonrien.fr\/cahiers\/texte-en-couleur.php\" target=\"_blank\" rel=\"noopener noreferrer\">Aide &#8211; Convertisseur de texte en ligne pour les dyslexiques<\/a><\/li>\n<li><a href=\"http:\/\/www.ortholud.com\/\" target=\"_blank\" rel=\"noopener noreferrer\">Fran\u00e7ais &#8211; Ortholud &#8211; Apprendre le fran\u00e7ais en s&#8217;amusant<\/a><\/li>\n<li><a href=\"http:\/\/www.concours-alkindi.fr\/#\/\" target=\"_blank\" rel=\"noopener noreferrer\">Math\u00e9matiques &#8211; Alkindi &#8211; S&#8217;initier \u00e0 la cryptanalyse (4e, 3e)<\/a><\/li>\n<li><a href=\"https:\/\/code.org\/\" target=\"_blank\" rel=\"noopener noreferrer\">Math\u00e9matiques &#8211; Code &#8211; Apprendre \u00e0 coder<\/a><\/li>\n<li><a href=\"http:\/\/castor-informatique.fr\/home.php\" target=\"_blank\" rel=\"noopener noreferrer\">Math\u00e9matiques &#8211; Concours Castor &#8211; D\u00e9couvrir l&#8217;informatique et les sciences num\u00e9riques<\/a><\/li>\n<li><a href=\"http:\/\/mathenpoche.sesamath.net\/\" target=\"_blank\" rel=\"noopener noreferrer\">Math\u00e9matiques &#8211; MathEnPoche &#8211; Des ressources pour s&#8217;entra\u00eener un maximum<\/a><\/li>\n<li><a href=\"http:\/\/therese.eveilleau.pagesperso-orange.fr\/\" target=\"_blank\" rel=\"noopener noreferrer\">Math\u00e9matiques &#8211; Maths magiques &#8211; Histoires, Magie, Enigmes, Paradoxes<\/a><\/li>\n<li><a href=\"https:\/\/scratch.mit.edu\/\" target=\"_blank\" rel=\"noopener noreferrer\">Math\u00e9matiques &#8211; Scratch &#8211; S&#8217;initier aux concepts fondamentaux en algorithmique et en informatique<\/a><\/li>\n<li><a href=\"http:\/\/www\/learningapps.org\/index.php?category=88&amp;subcategory=889&amp;s=\" target=\"_blank\" rel=\"noopener noreferrer\">Portugais &#8211; LearningApps &#8211; S&#8217;entra\u00eener et s&#8217;am\u00e9liorer en portugais<\/a><\/li>\n<li><a href=\"http:\/\/www.sweethome3d.com\/fr\/\" target=\"_blank\" rel=\"noopener noreferrer\">Technologie &#8211; Sweet Home &#8211; Site officiel du logiciel libre d&#8217;am\u00e9nagement d&#8217;int\u00e9rieur<\/a><\/li>\n<\/ul>\n","protected":false},"excerpt":{"rendered":"<p>&nbsp; &nbsp; Aide &#8211; Plateforme de soutien scolaire de la CTM Aide &#8211; Convertisseur de <a class=\"continue-reading-link\" href=\"https:\/\/site.ac-martinique.fr\/clg-gerardcafe\/les-liens-pedagogiques-entrainement\/\">lire plus <span class=\"meta-nav\">&rarr; <\/span><\/a><\/p>\n","protected":false},"author":210,"featured_media":0,"parent":0,"menu_order":0,"comment_status":"closed","ping_status":"closed","template":"","meta":{"footnotes":""},"class_list":["post-486","page","type-page","status-publish","hentry"],"_links":{"self":[{"href":"https:\/\/site.ac-martinique.fr\/clg-gerardcafe\/wp-json\/wp\/v2\/pages\/486","targetHints":{"allow":["GET"]}}],"collection":[{"href":"https:\/\/site.ac-martinique.fr\/clg-gerardcafe\/wp-json\/wp\/v2\/pages"}],"about":[{"href":"https:\/\/site.ac-martinique.fr\/clg-gerardcafe\/wp-json\/wp\/v2\/types\/page"}],"author":[{"embeddable":true,"href":"https:\/\/site.ac-martinique.fr\/clg-gerardcafe\/wp-json\/wp\/v2\/users\/210"}],"replies":[{"embeddable":true,"href":"https:\/\/site.ac-martinique.fr\/clg-gerardcafe\/wp-json\/wp\/v2\/comments?post=486"}],"version-history":[{"count":8,"href":"https:\/\/site.ac-martinique.fr\/clg-gerardcafe\/wp-json\/wp\/v2\/pages\/486\/revisions"}],"predecessor-version":[{"id":5722,"href":"https:\/\/site.ac-martinique.fr\/clg-gerardcafe\/wp-json\/wp\/v2\/pages\/486\/revisions\/5722"}],"wp:attachment":[{"href":"https:\/\/site.ac-martinique.fr\/clg-gerardcafe\/wp-json\/wp\/v2\/media?parent=486"}],"curies":[{"name":"wp","href":"https:\/\/api.w.org\/{rel}","templated":true}]}}