{"id":1163,"date":"2017-09-25T15:39:45","date_gmt":"2017-09-25T19:39:45","guid":{"rendered":"\/clg-isidorepelage\/?page_id=1163"},"modified":"2017-09-25T15:39:45","modified_gmt":"2017-09-25T19:39:45","slug":"afterclasse-fr","status":"publish","type":"page","link":"https:\/\/site.ac-martinique.fr\/clg-isidorepelage\/?page_id=1163","title":{"rendered":"AfterClasse.fr"},"content":{"rendered":"<h4>Proc\u00e9dure de connexion :<\/h4>\n<h4>S\u2019inscrire sur <strong><a href=\"http:\/\/www.afterclasse.fr\/\" target=\"_blank\">www.afterclasse.fr<\/a>\u00a0<\/strong>(ou se connecter, s\u2019ils poss\u00e8dent d\u00e9j\u00e0 un compte).<\/h4>\n<h4>Se rendre dans la section \u2018Classes\u2019 :\u00a0<strong>www.afterclasse.fr\/#!classes<\/strong>, et rentrer le code suivant selon votre classe :<\/h4>\n<ul>\n<li>\n<h4>Code pour la 3\u00e8me 1 : JMQYF.<\/h4>\n<\/li>\n<li>\n<h4>Code pour la 3\u00e8me 2 : K2JM7<\/h4>\n<\/li>\n<li>\n<h4>Code pour la 6\u00e8me 1 : V3P5K<\/h4>\n<\/li>\n<li>\n<h4>Code pour la 6\u00e8me 2 : 96Y7UDP<\/h4>\n<\/li>\n<\/ul>\n","protected":false},"excerpt":{"rendered":"<p>Proc\u00e9dure de connexion : S\u2019inscrire sur www.afterclasse.fr\u00a0(ou se connecter, s\u2019ils poss\u00e8dent d\u00e9j\u00e0 un compte). Se rendre dans la section \u2018Classes\u2019 :\u00a0www.afterclasse.fr\/#!classes, et rentrer le code suivant selon votre classe : Code pour la 3\u00e8me 1 : JMQYF. Code pour la 3\u00e8me 2 : K2JM7 Code pour la 6\u00e8me 1 : V3P5K Code pour la 6\u00e8me 2 : 96Y7UDP<\/p>\n","protected":false},"author":151,"featured_media":0,"parent":86,"menu_order":0,"comment_status":"closed","ping_status":"closed","template":"","meta":{"footnotes":""},"class_list":["post-1163","page","type-page","status-publish","hentry"],"_links":{"self":[{"href":"https:\/\/site.ac-martinique.fr\/clg-isidorepelage\/index.php?rest_route=\/wp\/v2\/pages\/1163","targetHints":{"allow":["GET"]}}],"collection":[{"href":"https:\/\/site.ac-martinique.fr\/clg-isidorepelage\/index.php?rest_route=\/wp\/v2\/pages"}],"about":[{"href":"https:\/\/site.ac-martinique.fr\/clg-isidorepelage\/index.php?rest_route=\/wp\/v2\/types\/page"}],"author":[{"embeddable":true,"href":"https:\/\/site.ac-martinique.fr\/clg-isidorepelage\/index.php?rest_route=\/wp\/v2\/users\/151"}],"replies":[{"embeddable":true,"href":"https:\/\/site.ac-martinique.fr\/clg-isidorepelage\/index.php?rest_route=%2Fwp%2Fv2%2Fcomments&post=1163"}],"version-history":[{"count":1,"href":"https:\/\/site.ac-martinique.fr\/clg-isidorepelage\/index.php?rest_route=\/wp\/v2\/pages\/1163\/revisions"}],"predecessor-version":[{"id":1164,"href":"https:\/\/site.ac-martinique.fr\/clg-isidorepelage\/index.php?rest_route=\/wp\/v2\/pages\/1163\/revisions\/1164"}],"up":[{"embeddable":true,"href":"https:\/\/site.ac-martinique.fr\/clg-isidorepelage\/index.php?rest_route=\/wp\/v2\/pages\/86"}],"wp:attachment":[{"href":"https:\/\/site.ac-martinique.fr\/clg-isidorepelage\/index.php?rest_route=%2Fwp%2Fv2%2Fmedia&parent=1163"}],"curies":[{"name":"wp","href":"https:\/\/api.w.org\/{rel}","templated":true}]}}