{"id":12,"date":"2015-05-19T14:42:07","date_gmt":"2015-05-19T18:42:07","guid":{"rendered":"\/clg-isidorepelage\/?page_id=12"},"modified":"2021-09-21T16:15:12","modified_gmt":"2021-09-21T20:15:12","slug":"exemple-2","status":"publish","type":"page","link":"https:\/\/site.ac-martinique.fr\/clg-isidorepelage\/?page_id=12","title":{"rendered":"Historique"},"content":{"rendered":"\n<h2 class=\"wp-block-heading\"><strong><em>Historique du Coll\u00e8ge Isidore Pelage<\/em><\/strong><\/h2>\n\n\n\n<p class=\"has-text-align-center\">Ancien directeur d\u2019\u00e9cole retrait\u00e9, M. Isidore PELAGE avait cr\u00e9e le \u00ab&nbsp;Foyer Cultuel Saintanais&nbsp;\u00bb. A cette m\u00eame \u00e9poque, il commen\u00e7a \u00e0 souffrir de probl\u00e8mes d\u2019acuit\u00e9 visuelle, et devient par la suite compl\u00e9tement aveugle, ce qui ne l\u2019emp\u00eacha pas, malgr\u00e9 son handicap, d\u2019assumer son r\u00f4le d\u2019\u00e9ducateur. M. PELAGE \u00e9tait chevalier de l\u2019Ordre National du M\u00e9rite, et Commandeur des Palmes Acad\u00e9miques.<\/p>\n\n\n\n<p class=\"has-text-align-center\">A travers le foyer culturel, il organisa pour les jeunes de Sainte-Anne leur formation en m\u00e9tropole par le biais du Bumidom. Au foyer, le jeune pouvait apprendre la st\u00e9no, la dactylo, la comptabilit\u00e9. Ce fut un v\u00e9ritable centre de formation pour la jeunesse. Grand humaniste, il avait fait inscrire \u00e0 la porte d\u2019entr\u00e9e du foyer&nbsp;:<\/p>\n\n\n\n<p class=\"has-text-align-center\"><em><strong>\u00ab&nbsp;Tout homme qui sait lire est un homme sauv\u00e9&nbsp;\u00bb<\/strong><\/em><\/p>\n\n\n\n<p class=\"has-text-align-center\">Avec ses collaborateurs du conseil d\u2019administration, \u00ab&nbsp;il contribua par la vie associative, \u00e0 l\u2019\u00e9cole de vie des hommes qui dirigent ou ont dirig\u00e9 la ville de Sainte-Anne&nbsp;\u00bb. Son \u0153uvre s\u2019est \u00e9tendue par l\u2019extension de l\u2019\u00e9cole qu\u2019il c\u00e9da au conseil g\u00e9n\u00e9ral.<\/p>\n\n\n\n<p class=\"has-text-align-center\">Devenu coll\u00e8ge l\u2019Espoir en 1968, puis coll\u00e8ge Isidore Pelage au cours d\u2019une c\u00e9r\u00e9monie le samedi 20 Juin 1998 sous la pr\u00e9sidence de M. Th\u00e9odore Th\u00e9gat, Principal du coll\u00e8ge.<em><strong>\u00a0<\/strong><\/em><\/p>\n\n\n\n<h2 class=\"wp-block-heading\"><span style=\"text-decoration: underline\"><em><strong>Les chefs d\u2019\u00e9tablissement\u00a0:<\/strong><\/em><\/span><\/h2>\n\n\n\n<figure class=\"wp-block-table is-style-stripes\"><table><tbody><tr><td>1978 \u2013 1980<\/td><td>M. Venougobalou Sarna<\/td><\/tr><tr><td>1980 \u2013 1982<\/td><td>M. Ravi<\/td><\/tr><tr><td>1982 \u2013 1998<\/td><td>M. Th\u00e9odore Th\u00e9gat<\/td><\/tr><tr><td>1998 \u2013 2000<\/td><td>M. Lucien Asselin de Beauville<\/td><\/tr><tr><td>2000 \u2013 2002<\/td><td>M. Louis Louise-Alexandrine<\/td><\/tr><tr><td>2002 \u2013 2006<\/td><td>M. Edouard Tirault<\/td><\/tr><tr><td>2006 \u2013 2011<\/td><td>Mme Maryse Demar<\/td><\/tr><tr><td>2011 &#8211;\u00a0 2017<\/td><td>Mme Flora Lugiery<\/td><\/tr><tr><td>2017 &#8211;\u00a0 2021<\/td><td>Mme Patricia Ren\u00e9-Corail<\/td><\/tr><tr><td>2021 &#8211; ____<\/td><td>M. Bertrand Lazzari<\/td><\/tr><\/tbody><\/table><\/figure>\n\n\n\n<p><\/p>\n","protected":false},"excerpt":{"rendered":"<p>Historique du Coll\u00e8ge Isidore Pelage Ancien directeur d\u2019\u00e9cole retrait\u00e9, M. Isidore PELAGE avait cr\u00e9e le \u00ab&nbsp;Foyer Cultuel Saintanais&nbsp;\u00bb. A cette m\u00eame \u00e9poque, il commen\u00e7a \u00e0 souffrir de probl\u00e8mes d\u2019acuit\u00e9 visuelle, et devient par la suite compl\u00e9tement aveugle, ce qui ne l\u2019emp\u00eacha pas, malgr\u00e9 son handicap, d\u2019assumer son r\u00f4le d\u2019\u00e9ducateur. M. PELAGE \u00e9tait chevalier de l\u2019Ordre National du M\u00e9rite, et Commandeur des Palmes Acad\u00e9miques. A travers le foyer culturel, il organisa pour les jeunes de Sainte-Anne leur formation en m\u00e9tropole par le biais du Bumidom. Au foyer, le jeune pouvait apprendre la st\u00e9no, la dactylo, la comptabilit\u00e9. Ce fut un v\u00e9ritable centre de formation pour la jeunesse. Grand humaniste, il avait fait inscrire \u00e0 la porte d\u2019entr\u00e9e du foyer&nbsp;: \u00ab&nbsp;Tout homme qui sait lire est un homme sauv\u00e9&nbsp;\u00bb Avec ses collaborateurs du conseil d\u2019administration, \u00ab&nbsp;il contribua par la vie associative, \u00e0 l\u2019\u00e9cole de vie des hommes qui dirigent ou ont dirig\u00e9 la ville de Sainte-Anne&nbsp;\u00bb. Son \u0153uvre s\u2019est \u00e9tendue par l\u2019extension de l\u2019\u00e9cole qu\u2019il c\u00e9da au conseil g\u00e9n\u00e9ral. Devenu coll\u00e8ge l\u2019Espoir en 1968, puis coll\u00e8ge Isidore Pelage au cours d\u2019une c\u00e9r\u00e9monie le samedi 20 Juin 1998 sous la pr\u00e9sidence de M. Th\u00e9odore Th\u00e9gat, Principal du coll\u00e8ge.\u00a0 Les chefs d\u2019\u00e9tablissement\u00a0: 1978 \u2013 1980 M. Venougobalou Sarna 1980 \u2013 1982 M. Ravi 1982 \u2013 1998 M. Th\u00e9odore Th\u00e9gat 1998 \u2013 2000 M. Lucien Asselin de Beauville 2000 \u2013 2002 M. Louis Louise-Alexandrine 2002 \u2013 2006 M. Edouard Tirault 2006 \u2013 2011 Mme Maryse Demar 2011 &#8211;\u00a0 2017 Mme Flora Lugiery 2017 &#8211;\u00a0 2021 Mme Patricia Ren\u00e9-Corail 2021 &#8211; ____ M. Bertrand Lazzari<\/p>\n","protected":false},"author":151,"featured_media":0,"parent":2,"menu_order":0,"comment_status":"closed","ping_status":"closed","template":"","meta":{"footnotes":""},"class_list":["post-12","page","type-page","status-publish","hentry"],"_links":{"self":[{"href":"https:\/\/site.ac-martinique.fr\/clg-isidorepelage\/index.php?rest_route=\/wp\/v2\/pages\/12","targetHints":{"allow":["GET"]}}],"collection":[{"href":"https:\/\/site.ac-martinique.fr\/clg-isidorepelage\/index.php?rest_route=\/wp\/v2\/pages"}],"about":[{"href":"https:\/\/site.ac-martinique.fr\/clg-isidorepelage\/index.php?rest_route=\/wp\/v2\/types\/page"}],"author":[{"embeddable":true,"href":"https:\/\/site.ac-martinique.fr\/clg-isidorepelage\/index.php?rest_route=\/wp\/v2\/users\/151"}],"replies":[{"embeddable":true,"href":"https:\/\/site.ac-martinique.fr\/clg-isidorepelage\/index.php?rest_route=%2Fwp%2Fv2%2Fcomments&post=12"}],"version-history":[{"count":18,"href":"https:\/\/site.ac-martinique.fr\/clg-isidorepelage\/index.php?rest_route=\/wp\/v2\/pages\/12\/revisions"}],"predecessor-version":[{"id":1811,"href":"https:\/\/site.ac-martinique.fr\/clg-isidorepelage\/index.php?rest_route=\/wp\/v2\/pages\/12\/revisions\/1811"}],"up":[{"embeddable":true,"href":"https:\/\/site.ac-martinique.fr\/clg-isidorepelage\/index.php?rest_route=\/wp\/v2\/pages\/2"}],"wp:attachment":[{"href":"https:\/\/site.ac-martinique.fr\/clg-isidorepelage\/index.php?rest_route=%2Fwp%2Fv2%2Fmedia&parent=12"}],"curies":[{"name":"wp","href":"https:\/\/api.w.org\/{rel}","templated":true}]}}