{"id":1820,"date":"2021-09-21T16:46:27","date_gmt":"2021-09-21T20:46:27","guid":{"rendered":"https:\/\/site.ac-martinique.fr\/clg-isidorepelage\/?page_id=1820"},"modified":"2025-09-03T08:41:19","modified_gmt":"2025-09-03T12:41:19","slug":"u-p-e-m","status":"publish","type":"page","link":"https:\/\/site.ac-martinique.fr\/clg-isidorepelage\/?page_id=1820","title":{"rendered":"U.P.E.E.M"},"content":{"rendered":"\n<p><strong>Chers parents,<\/strong><\/p>\n\n\n\n<p>\u00c0 l&rsquo;occasion de cette nouvelle ann\u00e9e scolaire, nous vous souhaitons la r\u00e9ussite pour vos enfants et nous nous appuyons sur votre engagement pour porter votre contribution active \u00e0 la communaut\u00e9 \u00e9ducative.<\/p>\n\n\n\n<p>Nous vous transmettons nos \u00e9l\u00e9ments d&rsquo;informations afin de vous inviter \u00e0 venir grossir les rangs de l&rsquo;UPEEM, l&rsquo;Union des Parents d&rsquo;\u00c9l\u00e8ves et d&rsquo;\u00c9tudiants de Martinique, pour porter ensemble notre pierre \u00e0 l&rsquo;\u00e9difice \u00e9ducatif de la Martinique.<\/p>\n\n\n\n<p><strong>Rejoignez-nous sur notre plateforme :<\/strong> <a href=\"https:\/\/upeemadherents.aalm.ovh\/upeemsco\">https:\/\/upeemadherents.aalm.ovh\/upeemsco<\/a><\/p>\n\n\n\n<p>Ensemble, construisons l&rsquo;\u00e9cole de demain pour nos enfants.<\/p>\n\n\n\n<p>Claude NICOLE&nbsp;<\/p>\n\n\n\n<p>Pr\u00e9sident de l&rsquo;UPEEM<\/p>\n\n\n\n<p><a href=\"https:\/\/secure-web.cisco.com\/1I1btZCcdSV7IYjQ84g03hyvqNHRpPiBqwb3QoQxr9ohnnlqmvz8SgpzTQlVSoHC0an_jueHAPJs_7wQY6hnS1rUqyXjoRi9hRAaLNzy5UWJX0Nxp4SEpv_Vvckh9D9LdfkHBjEcml6PnycAjf3ROb05Zx26o6T9d6PTHoQbl4jyUOAExpC0PUiFo1ymU1Ngoz_AVLJ4Vc3A5iDAdAIk7-e5X5pLJop0WvcXAKUjfNzb0CPT5KuwvbyULdj3VpKqi4A2Nreu0PuZ3m6uHxvnI9LJ4YWyEzM7ofm-3T2UPL892Yq5-d25JsbIqpTF6Tn0pqphkkh0CFhUF_nBnjs-ZNiF09c_pd73MBGW3Ebdga0XZHiDJqE7DhGhSlZsTmJzWpTcsHQRk9r-g0xQxnHJhR9_kJCGeofLuTRaEBLGUlR5kgU8A4aNrssv0I5ModsGYWJ0VUynIS4LnY1KN-cXqA2qcENOioEebdpmfd35A0JiYeF6cx2egJMwpjsPcdr2b\/https%3A%2F%2Fwww.upeem.net%2F\" target=\"_blank\" rel=\"noreferrer noopener\">https:\/\/www.upeem.net\/<\/a><a href=\"https:\/\/www.facebook.com\/Upem.divini.yich.nou\" target=\"_blank\" rel=\"noreferrer noopener\">https:\/\/www.facebook.com\/Upem.divini.yich.nou<\/a><\/p>\n\n\n\n<p><a href=\"https:\/\/www.instagram.com\/upeem.martinique\/\">https:\/\/www.instagram.com\/upeem.martinique\/<\/a><\/p>\n","protected":false},"excerpt":{"rendered":"<p>Chers parents, \u00c0 l&rsquo;occasion de cette nouvelle ann\u00e9e scolaire, nous vous souhaitons la r\u00e9ussite pour vos enfants et nous nous appuyons sur votre engagement pour porter votre contribution active \u00e0 la communaut\u00e9 \u00e9ducative. Nous vous transmettons nos \u00e9l\u00e9ments d&rsquo;informations afin de vous inviter \u00e0 venir grossir les rangs de l&rsquo;UPEEM, l&rsquo;Union des Parents d&rsquo;\u00c9l\u00e8ves et d&rsquo;\u00c9tudiants de Martinique, pour porter ensemble notre pierre \u00e0 l&rsquo;\u00e9difice \u00e9ducatif de la Martinique. Rejoignez-nous sur notre plateforme : https:\/\/upeemadherents.aalm.ovh\/upeemsco Ensemble, construisons l&rsquo;\u00e9cole de demain pour nos enfants. Claude NICOLE&nbsp; Pr\u00e9sident de l&rsquo;UPEEM https:\/\/www.upeem.net\/https:\/\/www.facebook.com\/Upem.divini.yich.nou https:\/\/www.instagram.com\/upeem.martinique\/<\/p>\n","protected":false},"author":151,"featured_media":0,"parent":0,"menu_order":0,"comment_status":"closed","ping_status":"closed","template":"","meta":{"footnotes":""},"class_list":["post-1820","page","type-page","status-publish","hentry"],"_links":{"self":[{"href":"https:\/\/site.ac-martinique.fr\/clg-isidorepelage\/index.php?rest_route=\/wp\/v2\/pages\/1820","targetHints":{"allow":["GET"]}}],"collection":[{"href":"https:\/\/site.ac-martinique.fr\/clg-isidorepelage\/index.php?rest_route=\/wp\/v2\/pages"}],"about":[{"href":"https:\/\/site.ac-martinique.fr\/clg-isidorepelage\/index.php?rest_route=\/wp\/v2\/types\/page"}],"author":[{"embeddable":true,"href":"https:\/\/site.ac-martinique.fr\/clg-isidorepelage\/index.php?rest_route=\/wp\/v2\/users\/151"}],"replies":[{"embeddable":true,"href":"https:\/\/site.ac-martinique.fr\/clg-isidorepelage\/index.php?rest_route=%2Fwp%2Fv2%2Fcomments&post=1820"}],"version-history":[{"count":8,"href":"https:\/\/site.ac-martinique.fr\/clg-isidorepelage\/index.php?rest_route=\/wp\/v2\/pages\/1820\/revisions"}],"predecessor-version":[{"id":2679,"href":"https:\/\/site.ac-martinique.fr\/clg-isidorepelage\/index.php?rest_route=\/wp\/v2\/pages\/1820\/revisions\/2679"}],"wp:attachment":[{"href":"https:\/\/site.ac-martinique.fr\/clg-isidorepelage\/index.php?rest_route=%2Fwp%2Fv2%2Fmedia&parent=1820"}],"curies":[{"name":"wp","href":"https:\/\/api.w.org\/{rel}","templated":true}]}}