{"id":197,"date":"2015-08-25T15:52:35","date_gmt":"2015-08-25T19:52:35","guid":{"rendered":"\/clg-isidorepelage\/?page_id=197"},"modified":"2020-12-03T11:44:34","modified_gmt":"2020-12-03T15:44:34","slug":"cdi","status":"publish","type":"page","link":"https:\/\/site.ac-martinique.fr\/clg-isidorepelage\/?page_id=197","title":{"rendered":"CDI"},"content":{"rendered":"<ul>\n<li>\n<h4><a href=\"\/clg-isidorepelage\/wp-content\/uploads\/sites\/62\/2015\/09\/Un-CDI-pour-quoi-faire-2015-2016.pdf\" target=\"_blank\" rel=\"noopener noreferrer\">Un CDI pour quoi faire?<\/a><\/h4>\n<\/li>\n<\/ul>\n<h4><\/h4>\n<ul>\n<li>\n<h4><a href=\"\/clg-isidorepelage\/wp-content\/uploads\/sites\/62\/2015\/09\/Le-fonctionnement-du-CDI-2015-2016.pdf\" target=\"_blank\" rel=\"noopener noreferrer\">Fonctionnement du CDI<\/a><\/h4>\n<\/li>\n<\/ul>\n<h4><\/h4>\n<ul>\n<li>\n<h4><a href=\"http:\/\/9720514b.esidoc.fr\/\" target=\"_blank\" rel=\"noopener noreferrer\">E-sidoc<\/a> : c&rsquo;est le portail du CDI. Vous y trouverez une multitude d&rsquo;informations et d&rsquo;activit\u00e9s. c&rsquo;est \u00e9galement la base de donn\u00e9es du CDI. Vous pourrez d\u00e9couvrir tous les livres qui se se trouvent au CDI.<\/h4>\n<\/li>\n<\/ul>\n","protected":false},"excerpt":{"rendered":"<p>Un CDI pour quoi faire? Fonctionnement du CDI E-sidoc : c&rsquo;est le portail du CDI. Vous y trouverez une multitude d&rsquo;informations et d&rsquo;activit\u00e9s. c&rsquo;est \u00e9galement la base de donn\u00e9es du CDI. Vous pourrez d\u00e9couvrir tous les livres qui se se trouvent au CDI.<\/p>\n","protected":false},"author":151,"featured_media":0,"parent":0,"menu_order":0,"comment_status":"closed","ping_status":"open","template":"","meta":{"footnotes":""},"class_list":["post-197","page","type-page","status-publish","hentry"],"_links":{"self":[{"href":"https:\/\/site.ac-martinique.fr\/clg-isidorepelage\/index.php?rest_route=\/wp\/v2\/pages\/197","targetHints":{"allow":["GET"]}}],"collection":[{"href":"https:\/\/site.ac-martinique.fr\/clg-isidorepelage\/index.php?rest_route=\/wp\/v2\/pages"}],"about":[{"href":"https:\/\/site.ac-martinique.fr\/clg-isidorepelage\/index.php?rest_route=\/wp\/v2\/types\/page"}],"author":[{"embeddable":true,"href":"https:\/\/site.ac-martinique.fr\/clg-isidorepelage\/index.php?rest_route=\/wp\/v2\/users\/151"}],"replies":[{"embeddable":true,"href":"https:\/\/site.ac-martinique.fr\/clg-isidorepelage\/index.php?rest_route=%2Fwp%2Fv2%2Fcomments&post=197"}],"version-history":[{"count":6,"href":"https:\/\/site.ac-martinique.fr\/clg-isidorepelage\/index.php?rest_route=\/wp\/v2\/pages\/197\/revisions"}],"predecessor-version":[{"id":1633,"href":"https:\/\/site.ac-martinique.fr\/clg-isidorepelage\/index.php?rest_route=\/wp\/v2\/pages\/197\/revisions\/1633"}],"wp:attachment":[{"href":"https:\/\/site.ac-martinique.fr\/clg-isidorepelage\/index.php?rest_route=%2Fwp%2Fv2%2Fmedia&parent=197"}],"curies":[{"name":"wp","href":"https:\/\/api.w.org\/{rel}","templated":true}]}}