{"id":714,"date":"2016-06-22T08:30:23","date_gmt":"2016-06-22T12:30:23","guid":{"rendered":"\/clg-isidorepelage\/?page_id=714"},"modified":"2025-09-08T13:40:22","modified_gmt":"2025-09-08T17:40:22","slug":"listes-du-materiel-20162017","status":"publish","type":"page","link":"https:\/\/site.ac-martinique.fr\/clg-isidorepelage\/?page_id=714","title":{"rendered":"Listes du mat\u00e9riel &#8211; 2025\/2026"},"content":{"rendered":"<p>Vous trouverez ici le mat\u00e9riel demand\u00e9 pour la rentr\u00e9e 2025 :<\/p>\n\n\n<div class=\"wp-block-file\"><a id=\"wp-block-file--media-00620314-d655-409d-8c27-9675ff319186\" href=\"https:\/\/site.ac-martinique.fr\/clg-isidorepelage\/wp-content\/uploads\/sites\/62\/2025\/09\/liste-du-materiel-des-classes-de-6e-R2025.pdf\">liste du mate\u0301riel des classes de 6e R2025<\/a><a href=\"https:\/\/site.ac-martinique.fr\/clg-isidorepelage\/wp-content\/uploads\/sites\/62\/2025\/09\/liste-du-materiel-des-classes-de-6e-R2025.pdf\" class=\"wp-block-file__button wp-element-button\" download aria-describedby=\"wp-block-file--media-00620314-d655-409d-8c27-9675ff319186\">T\u00e9l\u00e9charger<\/a><\/div>\n\n\n\n<div class=\"wp-block-file\"><a id=\"wp-block-file--media-cef34b57-e1ec-42ca-9f2e-d3a8460c5799\" href=\"https:\/\/site.ac-martinique.fr\/clg-isidorepelage\/wp-content\/uploads\/sites\/62\/2025\/09\/liste-du-materiel-des-classes-de-5e-R2025.pdf\">liste du mate\u0301riel des classes de 5e R2025<\/a><a href=\"https:\/\/site.ac-martinique.fr\/clg-isidorepelage\/wp-content\/uploads\/sites\/62\/2025\/09\/liste-du-materiel-des-classes-de-5e-R2025.pdf\" class=\"wp-block-file__button wp-element-button\" download aria-describedby=\"wp-block-file--media-cef34b57-e1ec-42ca-9f2e-d3a8460c5799\">T\u00e9l\u00e9charger<\/a><\/div>\n\n\n\n<div class=\"wp-block-file\"><a id=\"wp-block-file--media-6b3cf583-4816-4a2d-9d59-bc34cd3d8972\" href=\"https:\/\/site.ac-martinique.fr\/clg-isidorepelage\/wp-content\/uploads\/sites\/62\/2025\/09\/liste-du-materiel-des-classes-de-4e-R2025.pdf\">liste du mate\u0301riel des classes de 4e R2025<\/a><a href=\"https:\/\/site.ac-martinique.fr\/clg-isidorepelage\/wp-content\/uploads\/sites\/62\/2025\/09\/liste-du-materiel-des-classes-de-4e-R2025.pdf\" class=\"wp-block-file__button wp-element-button\" download aria-describedby=\"wp-block-file--media-6b3cf583-4816-4a2d-9d59-bc34cd3d8972\">T\u00e9l\u00e9charger<\/a><\/div>\n\n\n\n<div class=\"wp-block-file\"><a id=\"wp-block-file--media-86acc39f-eb56-485d-a10c-261bf28eec4d\" href=\"https:\/\/site.ac-martinique.fr\/clg-isidorepelage\/wp-content\/uploads\/sites\/62\/2025\/09\/liste-du-materiel-des-classes-de-3e-R2025.pdf\">liste du mate\u0301riel des classes de 3e R2025<\/a><a href=\"https:\/\/site.ac-martinique.fr\/clg-isidorepelage\/wp-content\/uploads\/sites\/62\/2025\/09\/liste-du-materiel-des-classes-de-3e-R2025.pdf\" class=\"wp-block-file__button wp-element-button\" download aria-describedby=\"wp-block-file--media-86acc39f-eb56-485d-a10c-261bf28eec4d\">T\u00e9l\u00e9charger<\/a><\/div>\n\n\n\n<p><\/p>\n","protected":false},"excerpt":{"rendered":"<p>Vous trouverez ici le mat\u00e9riel demand\u00e9 pour la rentr\u00e9e 2025 :<\/p>\n","protected":false},"author":151,"featured_media":0,"parent":0,"menu_order":0,"comment_status":"closed","ping_status":"closed","template":"","meta":{"footnotes":""},"class_list":["post-714","page","type-page","status-publish","hentry"],"_links":{"self":[{"href":"https:\/\/site.ac-martinique.fr\/clg-isidorepelage\/index.php?rest_route=\/wp\/v2\/pages\/714","targetHints":{"allow":["GET"]}}],"collection":[{"href":"https:\/\/site.ac-martinique.fr\/clg-isidorepelage\/index.php?rest_route=\/wp\/v2\/pages"}],"about":[{"href":"https:\/\/site.ac-martinique.fr\/clg-isidorepelage\/index.php?rest_route=\/wp\/v2\/types\/page"}],"author":[{"embeddable":true,"href":"https:\/\/site.ac-martinique.fr\/clg-isidorepelage\/index.php?rest_route=\/wp\/v2\/users\/151"}],"replies":[{"embeddable":true,"href":"https:\/\/site.ac-martinique.fr\/clg-isidorepelage\/index.php?rest_route=%2Fwp%2Fv2%2Fcomments&post=714"}],"version-history":[{"count":24,"href":"https:\/\/site.ac-martinique.fr\/clg-isidorepelage\/index.php?rest_route=\/wp\/v2\/pages\/714\/revisions"}],"predecessor-version":[{"id":2791,"href":"https:\/\/site.ac-martinique.fr\/clg-isidorepelage\/index.php?rest_route=\/wp\/v2\/pages\/714\/revisions\/2791"}],"wp:attachment":[{"href":"https:\/\/site.ac-martinique.fr\/clg-isidorepelage\/index.php?rest_route=%2Fwp%2Fv2%2Fmedia&parent=714"}],"curies":[{"name":"wp","href":"https:\/\/api.w.org\/{rel}","templated":true}]}}