{"id":148,"date":"2014-09-01T22:48:59","date_gmt":"2014-09-02T02:48:59","guid":{"rendered":"https:\/\/site.ac-martinique.fr\/clg-jacquelinejulius\/?page_id=148"},"modified":"2025-09-04T11:09:53","modified_gmt":"2025-09-04T15:09:53","slug":"ladministration","status":"publish","type":"page","link":"https:\/\/site.ac-martinique.fr\/clg-jacquelinejulius\/ladministration\/","title":{"rendered":"L&rsquo;administration"},"content":{"rendered":"<p><strong>Principale :<\/strong> Mme B\u00e9atrice DENARA<\/p>\n<p><strong>Principale adjointe :<\/strong> Mme Agn\u00e8s MARTIAL<\/p>\n<p><strong>Directrice de la SEGPA :<\/strong> Mme Cathy RUSTER<\/p>\n<p><strong>Secr\u00e9tariat :<\/strong> Mme Sylvie\u00a0 MARIE-LOUISE<\/p>\n<p><strong>Gestionnaire :<\/strong> M. Th\u00e9odore POMIER<\/p>\n\n\n<figure class=\"wp-block-image\"><img loading=\"lazy\" decoding=\"async\" width=\"512\" height=\"384\" src=\"\/clg-jacquelinejulius\/wp-content\/uploads\/sites\/77\/2019\/11\/2-1.jpg\" alt=\"\" class=\"wp-image-507\" srcset=\"https:\/\/site.ac-martinique.fr\/clg-jacquelinejulius\/wp-content\/uploads\/sites\/77\/2019\/11\/2-1.jpg 512w, https:\/\/site.ac-martinique.fr\/clg-jacquelinejulius\/wp-content\/uploads\/sites\/77\/2019\/11\/2-1-300x225.jpg 300w\" sizes=\"auto, (max-width: 512px) 100vw, 512px\" \/><figcaption class=\"wp-element-caption\"> <br \/>Le paysage \u00e0 couper le souffle. <\/figcaption><\/figure>\n\n\n\n<figure class=\"wp-block-image\"><img loading=\"lazy\" decoding=\"async\" width=\"512\" height=\"384\" src=\"\/clg-jacquelinejulius\/wp-content\/uploads\/sites\/77\/2019\/11\/1-2.jpg\" alt=\"\" class=\"wp-image-508\" srcset=\"https:\/\/site.ac-martinique.fr\/clg-jacquelinejulius\/wp-content\/uploads\/sites\/77\/2019\/11\/1-2.jpg 512w, https:\/\/site.ac-martinique.fr\/clg-jacquelinejulius\/wp-content\/uploads\/sites\/77\/2019\/11\/1-2-300x225.jpg 300w\" sizes=\"auto, (max-width: 512px) 100vw, 512px\" \/><figcaption class=\"wp-element-caption\"> Les terrains de sport. <\/figcaption><\/figure>\n\n\n\n<figure class=\"wp-block-image size-large is-resized\"><a href=\"https:\/\/site.ac-martinique.fr\/clg-jacquelinejulius\/wp-content\/uploads\/sites\/77\/2025\/06\/IMG-20250605-WA0013-1.jpg\"><img loading=\"lazy\" decoding=\"async\" width=\"768\" height=\"1024\" src=\"https:\/\/site.ac-martinique.fr\/clg-jacquelinejulius\/wp-content\/uploads\/sites\/77\/2025\/06\/IMG-20250605-WA0013-1-768x1024.jpg\" alt=\"\" class=\"wp-image-5364\" style=\"width:542px;height:auto\" srcset=\"https:\/\/site.ac-martinique.fr\/clg-jacquelinejulius\/wp-content\/uploads\/sites\/77\/2025\/06\/IMG-20250605-WA0013-1-768x1024.jpg 768w, https:\/\/site.ac-martinique.fr\/clg-jacquelinejulius\/wp-content\/uploads\/sites\/77\/2025\/06\/IMG-20250605-WA0013-1-225x300.jpg 225w, https:\/\/site.ac-martinique.fr\/clg-jacquelinejulius\/wp-content\/uploads\/sites\/77\/2025\/06\/IMG-20250605-WA0013-1-1152x1536.jpg 1152w, https:\/\/site.ac-martinique.fr\/clg-jacquelinejulius\/wp-content\/uploads\/sites\/77\/2025\/06\/IMG-20250605-WA0013-1-555x740.jpg 555w, https:\/\/site.ac-martinique.fr\/clg-jacquelinejulius\/wp-content\/uploads\/sites\/77\/2025\/06\/IMG-20250605-WA0013-1.jpg 1200w\" sizes=\"auto, (max-width: 768px) 100vw, 768px\" \/><\/a><figcaption class=\"wp-element-caption\">B\u00e2timent Administratif<\/figcaption><\/figure>\n\n\n\n<figure class=\"wp-block-image\"><img loading=\"lazy\" decoding=\"async\" width=\"1024\" height=\"768\" src=\"\/clg-jacquelinejulius\/wp-content\/uploads\/sites\/77\/2019\/12\/IMG_5063-1024x768.jpg\" alt=\"\" class=\"wp-image-641\" srcset=\"https:\/\/site.ac-martinique.fr\/clg-jacquelinejulius\/wp-content\/uploads\/sites\/77\/2019\/12\/IMG_5063-1024x768.jpg 1024w, https:\/\/site.ac-martinique.fr\/clg-jacquelinejulius\/wp-content\/uploads\/sites\/77\/2019\/12\/IMG_5063-300x225.jpg 300w, https:\/\/site.ac-martinique.fr\/clg-jacquelinejulius\/wp-content\/uploads\/sites\/77\/2019\/12\/IMG_5063-768x576.jpg 768w\" sizes=\"auto, (max-width: 1024px) 100vw, 1024px\" \/><figcaption class=\"wp-element-caption\">B\u00e2timent A<\/figcaption><\/figure>\n\n\n\n<figure class=\"wp-block-image\"><img loading=\"lazy\" decoding=\"async\" width=\"1024\" height=\"768\" src=\"\/clg-jacquelinejulius\/wp-content\/uploads\/sites\/77\/2019\/12\/IMG_5058-1024x768.jpg\" alt=\"\" class=\"wp-image-646\" srcset=\"https:\/\/site.ac-martinique.fr\/clg-jacquelinejulius\/wp-content\/uploads\/sites\/77\/2019\/12\/IMG_5058-1024x768.jpg 1024w, https:\/\/site.ac-martinique.fr\/clg-jacquelinejulius\/wp-content\/uploads\/sites\/77\/2019\/12\/IMG_5058-300x225.jpg 300w, https:\/\/site.ac-martinique.fr\/clg-jacquelinejulius\/wp-content\/uploads\/sites\/77\/2019\/12\/IMG_5058-768x576.jpg 768w\" sizes=\"auto, (max-width: 1024px) 100vw, 1024px\" \/><figcaption class=\"wp-element-caption\">B\u00e2timent B<\/figcaption><\/figure>\n\n\n\n<figure class=\"wp-block-image size-large\"><a href=\"https:\/\/site.ac-martinique.fr\/clg-jacquelinejulius\/wp-content\/uploads\/sites\/77\/2025\/09\/20250630_131850-scaled.jpg\"><img loading=\"lazy\" decoding=\"async\" width=\"1024\" height=\"768\" src=\"https:\/\/site.ac-martinique.fr\/clg-jacquelinejulius\/wp-content\/uploads\/sites\/77\/2025\/09\/20250630_131850-1024x768.jpg\" alt=\"\" class=\"wp-image-5454\" srcset=\"https:\/\/site.ac-martinique.fr\/clg-jacquelinejulius\/wp-content\/uploads\/sites\/77\/2025\/09\/20250630_131850-1024x768.jpg 1024w, https:\/\/site.ac-martinique.fr\/clg-jacquelinejulius\/wp-content\/uploads\/sites\/77\/2025\/09\/20250630_131850-300x225.jpg 300w, https:\/\/site.ac-martinique.fr\/clg-jacquelinejulius\/wp-content\/uploads\/sites\/77\/2025\/09\/20250630_131850-768x576.jpg 768w, https:\/\/site.ac-martinique.fr\/clg-jacquelinejulius\/wp-content\/uploads\/sites\/77\/2025\/09\/20250630_131850-1536x1152.jpg 1536w, https:\/\/site.ac-martinique.fr\/clg-jacquelinejulius\/wp-content\/uploads\/sites\/77\/2025\/09\/20250630_131850-2048x1536.jpg 2048w, https:\/\/site.ac-martinique.fr\/clg-jacquelinejulius\/wp-content\/uploads\/sites\/77\/2025\/09\/20250630_131850-555x416.jpg 555w\" sizes=\"auto, (max-width: 1024px) 100vw, 1024px\" \/><\/a><figcaption class=\"wp-element-caption\">B\u00e2timent C<\/figcaption><\/figure>\n\n\n\n<figure class=\"wp-block-image size-large\"><a href=\"https:\/\/site.ac-martinique.fr\/clg-jacquelinejulius\/wp-content\/uploads\/sites\/77\/2025\/09\/20250630_131918-scaled.jpg\"><img loading=\"lazy\" decoding=\"async\" width=\"1024\" height=\"768\" src=\"https:\/\/site.ac-martinique.fr\/clg-jacquelinejulius\/wp-content\/uploads\/sites\/77\/2025\/09\/20250630_131918-1024x768.jpg\" alt=\"\" class=\"wp-image-5455\" srcset=\"https:\/\/site.ac-martinique.fr\/clg-jacquelinejulius\/wp-content\/uploads\/sites\/77\/2025\/09\/20250630_131918-1024x768.jpg 1024w, https:\/\/site.ac-martinique.fr\/clg-jacquelinejulius\/wp-content\/uploads\/sites\/77\/2025\/09\/20250630_131918-300x225.jpg 300w, https:\/\/site.ac-martinique.fr\/clg-jacquelinejulius\/wp-content\/uploads\/sites\/77\/2025\/09\/20250630_131918-768x576.jpg 768w, https:\/\/site.ac-martinique.fr\/clg-jacquelinejulius\/wp-content\/uploads\/sites\/77\/2025\/09\/20250630_131918-1536x1152.jpg 1536w, https:\/\/site.ac-martinique.fr\/clg-jacquelinejulius\/wp-content\/uploads\/sites\/77\/2025\/09\/20250630_131918-2048x1536.jpg 2048w, https:\/\/site.ac-martinique.fr\/clg-jacquelinejulius\/wp-content\/uploads\/sites\/77\/2025\/09\/20250630_131918-555x416.jpg 555w\" sizes=\"auto, (max-width: 1024px) 100vw, 1024px\" \/><\/a><\/figure>\n\n\n\n<p class=\"has-text-align-center\">Cour B<\/p>\n\n\n\n<figure class=\"wp-block-image size-large\"><a href=\"https:\/\/site.ac-martinique.fr\/clg-jacquelinejulius\/wp-content\/uploads\/sites\/77\/2025\/06\/IMG-20250626-WA0031.jpg\"><img loading=\"lazy\" decoding=\"async\" width=\"1024\" height=\"768\" src=\"https:\/\/site.ac-martinique.fr\/clg-jacquelinejulius\/wp-content\/uploads\/sites\/77\/2025\/06\/IMG-20250626-WA0031-1024x768.jpg\" alt=\"\" class=\"wp-image-5367\" srcset=\"https:\/\/site.ac-martinique.fr\/clg-jacquelinejulius\/wp-content\/uploads\/sites\/77\/2025\/06\/IMG-20250626-WA0031-1024x768.jpg 1024w, https:\/\/site.ac-martinique.fr\/clg-jacquelinejulius\/wp-content\/uploads\/sites\/77\/2025\/06\/IMG-20250626-WA0031-300x225.jpg 300w, https:\/\/site.ac-martinique.fr\/clg-jacquelinejulius\/wp-content\/uploads\/sites\/77\/2025\/06\/IMG-20250626-WA0031-768x576.jpg 768w, https:\/\/site.ac-martinique.fr\/clg-jacquelinejulius\/wp-content\/uploads\/sites\/77\/2025\/06\/IMG-20250626-WA0031-1536x1152.jpg 1536w, https:\/\/site.ac-martinique.fr\/clg-jacquelinejulius\/wp-content\/uploads\/sites\/77\/2025\/06\/IMG-20250626-WA0031-555x416.jpg 555w, https:\/\/site.ac-martinique.fr\/clg-jacquelinejulius\/wp-content\/uploads\/sites\/77\/2025\/06\/IMG-20250626-WA0031.jpg 1600w\" sizes=\"auto, (max-width: 1024px) 100vw, 1024px\" \/><\/a><figcaption class=\"wp-element-caption\">Vue d&rsquo;ensemble<\/figcaption><\/figure>\n\n\n\n<div class=\"alignnormal\"><div id=\"metaslider-id-5371\" style=\"width: 100%;\" class=\"ml-slider-3-107-0 metaslider metaslider-flex metaslider-5371 ml-slider has-dots-nav has-carousel-mode ms-theme-default-base\" role=\"region\" aria-label=\"Vues cour 1\" data-height=\"300\" data-width=\"700\">\n    <div id=\"metaslider_container_5371\">\n        <div id=\"metaslider_5371\">\n            <ul class='slides'>\n                <li style=\"display: none; width: 100%;\" class=\"slide-5377 ms-image \" aria-roledescription=\"slide\" data-date=\"2025-06-29 22:21:43\" data-filename=\"20250626_135206-scaled-700x300.jpg\" data-slide-type=\"image\"><img loading=\"lazy\" decoding=\"async\" src=\"https:\/\/site.ac-martinique.fr\/clg-jacquelinejulius\/wp-content\/uploads\/sites\/77\/2025\/06\/20250626_135206-scaled-700x300.jpg\" height=\"300\" width=\"700\" alt=\"\" class=\"slider-5371 slide-5377 msDefaultImage\" title=\"20250626_135206\" \/><\/li>\n                <li style=\"display: none; width: 100%;\" class=\"slide-5378 ms-image \" aria-roledescription=\"slide\" data-date=\"2025-06-29 22:21:43\" data-filename=\"20250626_135223-scaled-700x300.jpg\" data-slide-type=\"image\"><img loading=\"lazy\" decoding=\"async\" src=\"https:\/\/site.ac-martinique.fr\/clg-jacquelinejulius\/wp-content\/uploads\/sites\/77\/2025\/06\/20250626_135223-scaled-700x300.jpg\" height=\"300\" width=\"700\" alt=\"\" class=\"slider-5371 slide-5378 msDefaultImage\" title=\"20250626_135223\" \/><\/li>\n                <li style=\"display: none; width: 100%;\" class=\"slide-5379 ms-image \" aria-roledescription=\"slide\" data-date=\"2025-06-29 22:21:43\" data-filename=\"IMG-20250626-WA0031-1-700x300.jpg\" data-slide-type=\"image\"><img loading=\"lazy\" decoding=\"async\" src=\"https:\/\/site.ac-martinique.fr\/clg-jacquelinejulius\/wp-content\/uploads\/sites\/77\/2025\/06\/IMG-20250626-WA0031-1-700x300.jpg\" height=\"300\" width=\"700\" alt=\"\" class=\"slider-5371 slide-5379 msDefaultImage\" title=\"IMG-20250626-WA0031\" \/><\/li>\n                <li style=\"display: none; width: 100%;\" class=\"slide-5380 ms-image \" aria-roledescription=\"slide\" data-date=\"2025-06-29 22:21:43\" data-filename=\"IMG-20250605-WA0010-700x300.jpg\" data-slide-type=\"image\"><img loading=\"lazy\" decoding=\"async\" src=\"https:\/\/site.ac-martinique.fr\/clg-jacquelinejulius\/wp-content\/uploads\/sites\/77\/2025\/06\/IMG-20250605-WA0010-700x300.jpg\" height=\"300\" width=\"700\" alt=\"\" class=\"slider-5371 slide-5380 msDefaultImage\" title=\"IMG-20250605-WA0010\" \/><\/li>\n                <li style=\"display: none; width: 100%;\" class=\"slide-5381 ms-image \" aria-roledescription=\"slide\" data-date=\"2025-06-29 22:21:43\" data-filename=\"IMG-20250605-WA0011-700x300.jpg\" data-slide-type=\"image\"><img loading=\"lazy\" decoding=\"async\" src=\"https:\/\/site.ac-martinique.fr\/clg-jacquelinejulius\/wp-content\/uploads\/sites\/77\/2025\/06\/IMG-20250605-WA0011-700x300.jpg\" height=\"300\" width=\"700\" alt=\"\" class=\"slider-5371 slide-5381 msDefaultImage\" title=\"IMG-20250605-WA0011\" \/><\/li>\n                <li style=\"display: none; width: 100%;\" class=\"slide-5382 ms-image \" aria-roledescription=\"slide\" data-date=\"2025-06-29 22:21:43\" data-filename=\"IMG-20250605-WA0013-1-700x300.jpg\" data-slide-type=\"image\"><img loading=\"lazy\" decoding=\"async\" src=\"https:\/\/site.ac-martinique.fr\/clg-jacquelinejulius\/wp-content\/uploads\/sites\/77\/2025\/06\/IMG-20250605-WA0013-1-700x300.jpg\" height=\"300\" width=\"700\" alt=\"\" class=\"slider-5371 slide-5382 msDefaultImage\" title=\"IMG-20250605-WA0013 (1)\" \/><\/li>\n            <\/ul>\n        <\/div>\n        \n    <\/div>\n<\/div><\/div>\n","protected":false},"excerpt":{"rendered":"<p>Principale : Mme B\u00e9atrice DENARA Principale adjointe : Mme Agn\u00e8s MARTIAL Directrice de la SEGPA : Mme Cathy RUSTER Secr\u00e9tariat : Mme Sylvie\u00a0 MARIE-LOUISE Gestionnaire : M. Th\u00e9odore POMIER Cour B<\/p>\n","protected":false},"author":209,"featured_media":0,"parent":0,"menu_order":0,"comment_status":"open","ping_status":"open","template":"","meta":{"footnotes":""},"class_list":["post-148","page","type-page","status-publish","hentry","nodate","item-wrap"],"_links":{"self":[{"href":"https:\/\/site.ac-martinique.fr\/clg-jacquelinejulius\/wp-json\/wp\/v2\/pages\/148","targetHints":{"allow":["GET"]}}],"collection":[{"href":"https:\/\/site.ac-martinique.fr\/clg-jacquelinejulius\/wp-json\/wp\/v2\/pages"}],"about":[{"href":"https:\/\/site.ac-martinique.fr\/clg-jacquelinejulius\/wp-json\/wp\/v2\/types\/page"}],"author":[{"embeddable":true,"href":"https:\/\/site.ac-martinique.fr\/clg-jacquelinejulius\/wp-json\/wp\/v2\/users\/209"}],"replies":[{"embeddable":true,"href":"https:\/\/site.ac-martinique.fr\/clg-jacquelinejulius\/wp-json\/wp\/v2\/comments?post=148"}],"version-history":[{"count":15,"href":"https:\/\/site.ac-martinique.fr\/clg-jacquelinejulius\/wp-json\/wp\/v2\/pages\/148\/revisions"}],"predecessor-version":[{"id":5463,"href":"https:\/\/site.ac-martinique.fr\/clg-jacquelinejulius\/wp-json\/wp\/v2\/pages\/148\/revisions\/5463"}],"wp:attachment":[{"href":"https:\/\/site.ac-martinique.fr\/clg-jacquelinejulius\/wp-json\/wp\/v2\/media?parent=148"}],"curies":[{"name":"wp","href":"https:\/\/api.w.org\/{rel}","templated":true}]}}