{"id":452,"date":"2019-09-19T14:12:06","date_gmt":"2019-09-19T18:12:06","guid":{"rendered":"https:\/\/site.ac-martinique.fr\/clg-jacquelinejulius\/?page_id=452"},"modified":"2021-02-25T10:03:01","modified_gmt":"2021-02-25T14:03:01","slug":"reseau-educatif-ecole-des-savoirs-fondamentaux","status":"publish","type":"page","link":"https:\/\/site.ac-martinique.fr\/clg-jacquelinejulius\/reseau-educatif-ecole-des-savoirs-fondamentaux\/","title":{"rendered":"R\u00e9seau \u00e9ducatif, \u00e9cole des savoirs fondamentaux"},"content":{"rendered":"","protected":false},"excerpt":{"rendered":"","protected":false},"author":209,"featured_media":0,"parent":0,"menu_order":0,"comment_status":"closed","ping_status":"closed","template":"","meta":{"footnotes":""},"class_list":["post-452","page","type-page","status-publish","hentry","nodate","item-wrap"],"_links":{"self":[{"href":"https:\/\/site.ac-martinique.fr\/clg-jacquelinejulius\/wp-json\/wp\/v2\/pages\/452","targetHints":{"allow":["GET"]}}],"collection":[{"href":"https:\/\/site.ac-martinique.fr\/clg-jacquelinejulius\/wp-json\/wp\/v2\/pages"}],"about":[{"href":"https:\/\/site.ac-martinique.fr\/clg-jacquelinejulius\/wp-json\/wp\/v2\/types\/page"}],"author":[{"embeddable":true,"href":"https:\/\/site.ac-martinique.fr\/clg-jacquelinejulius\/wp-json\/wp\/v2\/users\/209"}],"replies":[{"embeddable":true,"href":"https:\/\/site.ac-martinique.fr\/clg-jacquelinejulius\/wp-json\/wp\/v2\/comments?post=452"}],"version-history":[{"count":1,"href":"https:\/\/site.ac-martinique.fr\/clg-jacquelinejulius\/wp-json\/wp\/v2\/pages\/452\/revisions"}],"predecessor-version":[{"id":453,"href":"https:\/\/site.ac-martinique.fr\/clg-jacquelinejulius\/wp-json\/wp\/v2\/pages\/452\/revisions\/453"}],"wp:attachment":[{"href":"https:\/\/site.ac-martinique.fr\/clg-jacquelinejulius\/wp-json\/wp\/v2\/media?parent=452"}],"curies":[{"name":"wp","href":"https:\/\/api.w.org\/{rel}","templated":true}]}}