{"id":461,"date":"2019-09-19T14:20:01","date_gmt":"2019-09-19T18:20:01","guid":{"rendered":"https:\/\/site.ac-martinique.fr\/clg-jacquelinejulius\/?page_id=461"},"modified":"2021-02-25T10:03:01","modified_gmt":"2021-02-25T14:03:01","slug":"clubs","status":"publish","type":"page","link":"https:\/\/site.ac-martinique.fr\/clg-jacquelinejulius\/clubs\/","title":{"rendered":"Clubs"},"content":{"rendered":"\n<p>Ca y est&#8230; C&rsquo;est bient\u00f4t la rentr\u00e9e des Clubs !! N&rsquo;h\u00e9sitez pas \u00e0 les d\u00e9couvrir et vous y inscrire !!<br \/><\/p>\n\n\n\n<figure class=\"wp-block-image\"><img loading=\"lazy\" decoding=\"async\" width=\"1024\" height=\"757\" src=\"\/clg-jacquelinejulius\/wp-content\/uploads\/sites\/77\/2020\/10\/Arts-1-1024x757.jpg\" alt=\"\" class=\"wp-image-782\" srcset=\"https:\/\/site.ac-martinique.fr\/clg-jacquelinejulius\/wp-content\/uploads\/sites\/77\/2020\/10\/Arts-1-1024x757.jpg 1024w, https:\/\/site.ac-martinique.fr\/clg-jacquelinejulius\/wp-content\/uploads\/sites\/77\/2020\/10\/Arts-1-300x222.jpg 300w, https:\/\/site.ac-martinique.fr\/clg-jacquelinejulius\/wp-content\/uploads\/sites\/77\/2020\/10\/Arts-1-768x568.jpg 768w, https:\/\/site.ac-martinique.fr\/clg-jacquelinejulius\/wp-content\/uploads\/sites\/77\/2020\/10\/Arts-1-555x410.jpg 555w\" sizes=\"auto, (max-width: 1024px) 100vw, 1024px\" \/><\/figure>\n\n\n\n<ul class=\"wp-block-gallery columns-1 is-cropped wp-block-gallery-1 is-layout-flex wp-block-gallery-is-layout-flex\"><li class=\"blocks-gallery-item\"><figure><img loading=\"lazy\" decoding=\"async\" width=\"726\" height=\"1024\" src=\"\/clg-jacquelinejulius\/wp-content\/uploads\/sites\/77\/2020\/10\/Clubbulders-09-10-1-726x1024.jpg\" alt=\"\" data-id=\"780\" data-link=\"\/clg-jacquelinejulius\/clubs\/clubbulders-09-10-2\/\" class=\"wp-image-780\" srcset=\"https:\/\/site.ac-martinique.fr\/clg-jacquelinejulius\/wp-content\/uploads\/sites\/77\/2020\/10\/Clubbulders-09-10-1-726x1024.jpg 726w, https:\/\/site.ac-martinique.fr\/clg-jacquelinejulius\/wp-content\/uploads\/sites\/77\/2020\/10\/Clubbulders-09-10-1-213x300.jpg 213w, https:\/\/site.ac-martinique.fr\/clg-jacquelinejulius\/wp-content\/uploads\/sites\/77\/2020\/10\/Clubbulders-09-10-1-768x1083.jpg 768w, https:\/\/site.ac-martinique.fr\/clg-jacquelinejulius\/wp-content\/uploads\/sites\/77\/2020\/10\/Clubbulders-09-10-1-555x783.jpg 555w, https:\/\/site.ac-martinique.fr\/clg-jacquelinejulius\/wp-content\/uploads\/sites\/77\/2020\/10\/Clubbulders-09-10-1.jpg 795w\" sizes=\"auto, (max-width: 726px) 100vw, 726px\" \/><\/figure><\/li><\/ul>\n\n\n\n<figure class=\"wp-block-image\"><img loading=\"lazy\" decoding=\"async\" width=\"1024\" height=\"763\" src=\"\/clg-jacquelinejulius\/wp-content\/uploads\/sites\/77\/2020\/10\/jardin-1-1024x763.jpg\" alt=\"\" class=\"wp-image-783\" srcset=\"https:\/\/site.ac-martinique.fr\/clg-jacquelinejulius\/wp-content\/uploads\/sites\/77\/2020\/10\/jardin-1-1024x763.jpg 1024w, https:\/\/site.ac-martinique.fr\/clg-jacquelinejulius\/wp-content\/uploads\/sites\/77\/2020\/10\/jardin-1-300x224.jpg 300w, https:\/\/site.ac-martinique.fr\/clg-jacquelinejulius\/wp-content\/uploads\/sites\/77\/2020\/10\/jardin-1-768x573.jpg 768w, https:\/\/site.ac-martinique.fr\/clg-jacquelinejulius\/wp-content\/uploads\/sites\/77\/2020\/10\/jardin-1-555x414.jpg 555w\" sizes=\"auto, (max-width: 1024px) 100vw, 1024px\" \/><\/figure>\n","protected":false},"excerpt":{"rendered":"<p>Ca y est&#8230; C&rsquo;est bient\u00f4t la rentr\u00e9e des Clubs !! N&rsquo;h\u00e9sitez pas \u00e0 les d\u00e9couvrir et vous y inscrire !!<\/p>\n","protected":false},"author":209,"featured_media":0,"parent":0,"menu_order":0,"comment_status":"closed","ping_status":"closed","template":"","meta":{"footnotes":""},"class_list":["post-461","page","type-page","status-publish","hentry","nodate","item-wrap"],"_links":{"self":[{"href":"https:\/\/site.ac-martinique.fr\/clg-jacquelinejulius\/wp-json\/wp\/v2\/pages\/461","targetHints":{"allow":["GET"]}}],"collection":[{"href":"https:\/\/site.ac-martinique.fr\/clg-jacquelinejulius\/wp-json\/wp\/v2\/pages"}],"about":[{"href":"https:\/\/site.ac-martinique.fr\/clg-jacquelinejulius\/wp-json\/wp\/v2\/types\/page"}],"author":[{"embeddable":true,"href":"https:\/\/site.ac-martinique.fr\/clg-jacquelinejulius\/wp-json\/wp\/v2\/users\/209"}],"replies":[{"embeddable":true,"href":"https:\/\/site.ac-martinique.fr\/clg-jacquelinejulius\/wp-json\/wp\/v2\/comments?post=461"}],"version-history":[{"count":2,"href":"https:\/\/site.ac-martinique.fr\/clg-jacquelinejulius\/wp-json\/wp\/v2\/pages\/461\/revisions"}],"predecessor-version":[{"id":784,"href":"https:\/\/site.ac-martinique.fr\/clg-jacquelinejulius\/wp-json\/wp\/v2\/pages\/461\/revisions\/784"}],"wp:attachment":[{"href":"https:\/\/site.ac-martinique.fr\/clg-jacquelinejulius\/wp-json\/wp\/v2\/media?parent=461"}],"curies":[{"name":"wp","href":"https:\/\/api.w.org\/{rel}","templated":true}]}}