{"id":213,"date":"2013-09-05T14:14:04","date_gmt":"2013-09-05T17:44:04","guid":{"rendered":"\/clg-jacquesroumain\/?page_id=213"},"modified":"2015-11-15T10:05:55","modified_gmt":"2015-11-15T13:35:55","slug":"conseillere-dorientation-psychologue","status":"publish","type":"page","link":"https:\/\/site.ac-martinique.fr\/clg-jacquesroumain\/?page_id=213","title":{"rendered":"Conseill\u00e8re d&rsquo;Orientation Psychologue."},"content":{"rendered":"<p><strong>Mme ELIE<\/strong>\u00a0est pr\u00e9sente dans notre coll\u00e8ge le mardi\u00a0et le jeudi\u00a0de 7h30 \u00e0 12h00.<\/p>\n<p>Elle re\u00e7oit les \u00e9l\u00e8ves et les parents sur rendez-vous au coll\u00e8ge. (prendre RDV au CDI du coll\u00e8ge.<\/p>\n<p>Elle re\u00e7oit au Centre d&rsquo;Inforamation et d&rsquo;Orientation (CIO) du Marin sans rendez-vous le mercredi de 8h00 \u00e0 12h30 et de 13h30 \u00e016h30. \u00a0 \u00a0 \u00a0 \u00a0 \u00a0 \u00a0 \u00a0 \u00a0 \u00a0 \u00a0 \u00a0 \u00a0 \u00a0 \u00a0 \u00a0 \u00a0 \u00a0 \u00a0 \u00a0 \u00a0 \u00a0 \u00a0 \u00a0 \u00a0 \u00a0 \u00a0 \u00a0 \u00a0 \u00a0 \u00a0 \u00a0 \u00a0 \u00a0 \u00a0 \u00a0 <span style=\"font-size: small\">contact CIO du marin : 05 96 74 90 93. \u00a0 \u00a0 \u00a0 \u00a0 \u00a0 \u00a0 \u00a0 \u00a0 \u00a0 \u00a0 \u00a0 \u00a0 \u00a0 \u00a0 \u00a0 \u00a0 \u00a0 \u00a0 \u00a0 \u00a0 \u00a0 \u00a0 \u00a0 \u00a0 \u00a0 \u00a0 \u00a0 \u00a0 \u00a0 \u00a0 \u00a0 \u00a0 \u00a0 \u00a0 \u00a0 \u00a0 \u00a0 \u00a0 \u00a0 \u00a0 \u00a0 \u00a0 \u00a0 \u00a0 \u00a0 \u00a0 \u00a0 \u00a0 \u00a0 \u00a0 \u00a0 \u00a0 \u00a0 \u00a0 \u00a0 \u00a0 \u00a0 \u00a0 \u00a0 \u00a0 \u00a0 \u00a0 \u00a0 \u00a0 \u00a0 \u00a0 adresse : Immeuble DEMAR la Agn\u00e8s.<\/span><\/p>\n<p><span style=\"text-decoration: underline\">Ses missions :<\/span><\/p>\n<p>&#8211; Information collective et individuelle sur les formations et les m\u00e9tiers.<\/p>\n<p>&#8211; Accompagnement des \u00e9l\u00e8ves dans l&rsquo;\u00e9laboration de leur projet.<\/p>\n<p>&#8211; Contribution \u00e0 la mise en \u0153uvre des conditions de la r\u00e9ussites scolaire des \u00e9l\u00e8ves.<\/p>\n<p>&#8211; Prise en charge et suivi des \u00e9l\u00e8ves en difficult\u00e9.<\/p>\n","protected":false},"excerpt":{"rendered":"<p>Mme ELIE\u00a0est pr\u00e9sente dans notre coll\u00e8ge le mardi\u00a0et le jeudi\u00a0de 7h30 \u00e0 12h00. Elle re\u00e7oit les \u00e9l\u00e8ves et les parents sur rendez-vous au coll\u00e8ge. (prendre RDV au CDI du coll\u00e8ge. &hellip; <\/p>\n<p class=\"link-more\"><a href=\"https:\/\/site.ac-martinique.fr\/clg-jacquesroumain\/?page_id=213\" class=\"more-link\">Continuer la lecture<span class=\"screen-reader-text\"> de &laquo;&nbsp;Conseill\u00e8re d&rsquo;Orientation Psychologue.&nbsp;&raquo;<\/span><\/a><\/p>\n","protected":false},"author":191,"featured_media":0,"parent":0,"menu_order":0,"comment_status":"closed","ping_status":"closed","template":"","meta":{"footnotes":""},"class_list":["post-213","page","type-page","status-publish","hentry"],"_links":{"self":[{"href":"https:\/\/site.ac-martinique.fr\/clg-jacquesroumain\/index.php?rest_route=\/wp\/v2\/pages\/213","targetHints":{"allow":["GET"]}}],"collection":[{"href":"https:\/\/site.ac-martinique.fr\/clg-jacquesroumain\/index.php?rest_route=\/wp\/v2\/pages"}],"about":[{"href":"https:\/\/site.ac-martinique.fr\/clg-jacquesroumain\/index.php?rest_route=\/wp\/v2\/types\/page"}],"author":[{"embeddable":true,"href":"https:\/\/site.ac-martinique.fr\/clg-jacquesroumain\/index.php?rest_route=\/wp\/v2\/users\/191"}],"replies":[{"embeddable":true,"href":"https:\/\/site.ac-martinique.fr\/clg-jacquesroumain\/index.php?rest_route=%2Fwp%2Fv2%2Fcomments&post=213"}],"version-history":[{"count":4,"href":"https:\/\/site.ac-martinique.fr\/clg-jacquesroumain\/index.php?rest_route=\/wp\/v2\/pages\/213\/revisions"}],"predecessor-version":[{"id":753,"href":"https:\/\/site.ac-martinique.fr\/clg-jacquesroumain\/index.php?rest_route=\/wp\/v2\/pages\/213\/revisions\/753"}],"wp:attachment":[{"href":"https:\/\/site.ac-martinique.fr\/clg-jacquesroumain\/index.php?rest_route=%2Fwp%2Fv2%2Fmedia&parent=213"}],"curies":[{"name":"wp","href":"https:\/\/api.w.org\/{rel}","templated":true}]}}