{"id":215,"date":"2013-09-05T14:16:26","date_gmt":"2013-09-05T17:46:26","guid":{"rendered":"\/clg-jacquesroumain\/?page_id=215"},"modified":"2015-11-29T09:37:29","modified_gmt":"2015-11-29T13:07:29","slug":"l-assistante-sociale","status":"publish","type":"page","link":"https:\/\/site.ac-martinique.fr\/clg-jacquesroumain\/?page_id=215","title":{"rendered":"L&rsquo; Assistante sociale scolaire"},"content":{"rendered":"<p>Mme ALEXANDRE est pr\u00e9sente au coll\u00e8ge le matin de 8h \u00e0 12h.<\/p>\n<table style=\"height: 359px\" width=\"621\">\n<tbody>\n<tr>\n<td width=\"307\">Coll\u00e8ge Jacques ROUMAIN<\/td>\n<td width=\"307\">0596 62 60 67<\/p>\n<p>Mercredi (sauf le 4<sup>\u00e8me<\/sup> de chaque mois)<\/p>\n<p>Vendredi matin sur rendez-vous (appeler le num\u00e9ro ci-dessus)<\/td>\n<\/tr>\n<tr>\n<td width=\"307\">Coll\u00e8ge de Sainte Luce<\/td>\n<td width=\"307\">Lundi\u00a0 \u00a0\u00a0\u00a0\u00a0\u00a0\u00a0\u00a00596 62 50 47<\/td>\n<\/tr>\n<tr>\n<td width=\"307\">Coll\u00e8ge des Trois Ilets<\/td>\n<td width=\"307\">Mardi \u00a0\u00a0\u00a0\u00a0\u00a0\u00a0\u00a00596 66 05 37<\/td>\n<\/tr>\n<\/tbody>\n<\/table>\n<p>&nbsp;<\/p>\n<p>&nbsp;<\/p>\n","protected":false},"excerpt":{"rendered":"<p>Mme ALEXANDRE est pr\u00e9sente au coll\u00e8ge le matin de 8h \u00e0 12h. Coll\u00e8ge Jacques ROUMAIN 0596 62 60 67 Mercredi (sauf le 4\u00e8me de chaque mois) Vendredi matin sur rendez-vous &hellip; <\/p>\n<p class=\"link-more\"><a href=\"https:\/\/site.ac-martinique.fr\/clg-jacquesroumain\/?page_id=215\" class=\"more-link\">Continuer la lecture<span class=\"screen-reader-text\"> de &laquo;&nbsp;L&rsquo; Assistante sociale scolaire&nbsp;&raquo;<\/span><\/a><\/p>\n","protected":false},"author":191,"featured_media":0,"parent":0,"menu_order":0,"comment_status":"closed","ping_status":"closed","template":"","meta":{"footnotes":""},"class_list":["post-215","page","type-page","status-publish","hentry"],"_links":{"self":[{"href":"https:\/\/site.ac-martinique.fr\/clg-jacquesroumain\/index.php?rest_route=\/wp\/v2\/pages\/215","targetHints":{"allow":["GET"]}}],"collection":[{"href":"https:\/\/site.ac-martinique.fr\/clg-jacquesroumain\/index.php?rest_route=\/wp\/v2\/pages"}],"about":[{"href":"https:\/\/site.ac-martinique.fr\/clg-jacquesroumain\/index.php?rest_route=\/wp\/v2\/types\/page"}],"author":[{"embeddable":true,"href":"https:\/\/site.ac-martinique.fr\/clg-jacquesroumain\/index.php?rest_route=\/wp\/v2\/users\/191"}],"replies":[{"embeddable":true,"href":"https:\/\/site.ac-martinique.fr\/clg-jacquesroumain\/index.php?rest_route=%2Fwp%2Fv2%2Fcomments&post=215"}],"version-history":[{"count":3,"href":"https:\/\/site.ac-martinique.fr\/clg-jacquesroumain\/index.php?rest_route=\/wp\/v2\/pages\/215\/revisions"}],"predecessor-version":[{"id":762,"href":"https:\/\/site.ac-martinique.fr\/clg-jacquesroumain\/index.php?rest_route=\/wp\/v2\/pages\/215\/revisions\/762"}],"wp:attachment":[{"href":"https:\/\/site.ac-martinique.fr\/clg-jacquesroumain\/index.php?rest_route=%2Fwp%2Fv2%2Fmedia&parent=215"}],"curies":[{"name":"wp","href":"https:\/\/api.w.org\/{rel}","templated":true}]}}