{"id":2180,"date":"2018-01-31T15:13:11","date_gmt":"2018-01-31T14:13:11","guid":{"rendered":"\/clg-josephlagrosilliere\/?page_id=2180"},"modified":"2025-11-16T15:38:56","modified_gmt":"2025-11-16T19:38:56","slug":"actualites","status":"publish","type":"page","link":"https:\/\/site.ac-martinique.fr\/clg-josephlagrosilliere\/","title":{"rendered":"ACTUALITES"},"content":{"rendered":"<ul class=\"wp-block-latest-posts__list is-style-tw-posts-card wp-block-latest-posts\"><li><a class=\"wp-block-latest-posts__post-title\" href=\"https:\/\/site.ac-martinique.fr\/clg-josephlagrosilliere\/?p=3670\">(pas de titre)<\/a><div class=\"wp-block-latest-posts__post-excerpt\">Dans le cadre du programme Erasmus, des \u00e9l\u00e8ves du coll\u00e8ge Joseph Lagrosili\u00e8re ont effectu\u00e9 une mobilit\u00e9 \u00e0 Manavgat, en Turquie, du 24 f\u00e9vrier au 2 mars 2026. Certains des \u00e9l\u00e8ves participants font partie de la classe Aire Marine \u00c9ducative. Ce dispositif, n\u00e9 en Polyn\u00e9sie, sensibilise les \u00e9l\u00e8ves \u00e0 la vuln\u00e9rabilit\u00e9 et \u00e0 la protection des \u00e9cosyst\u00e8mes marins.Ce s\u00e9jour avait pour objectif de comparer les probl\u00e9matiques li\u00e9es \u00e0 la protection des \u00e9cosyst\u00e8mes marins, notamment entre le site de l\u2019Anse Azerot \u00e0 Sainte-Marie et les milieux marins en Turquie, tout en \u00e9largissant la r\u00e9flexion \u00e0 l\u2019\u00e9chelle de la Martinique.<\/div><\/li>\n<li><a class=\"wp-block-latest-posts__post-title\" href=\"https:\/\/site.ac-martinique.fr\/clg-josephlagrosilliere\/?p=3664\">(pas de titre)<\/a><div class=\"wp-block-latest-posts__post-excerpt\">Dans le cadre du programme Erasmus, le coll\u00e8ge Joseph Lagrosili\u00e8re a accueilli des \u00e9l\u00e8ves et des enseignants slovaques et slov\u00e8nes du 7 au 14 mars 2026.Cette mobilit\u00e9 entrante avait pour objectif de faire d\u00e9couvrir le patrimoine naturel et culturel de la Martinique, ainsi que les initiatives mises en place pour contribuer au bien-\u00eatre des \u00e9l\u00e8ves.Le groupe \u00e9tait compos\u00e9 d\u2019\u00e9l\u00e8ves en \u00e9change scolaire et d\u2019enseignants en job shadowing, venus observer et mieux comprendre le syst\u00e8me \u00e9ducatif fran\u00e7ais.<\/div><\/li>\n<li><a class=\"wp-block-latest-posts__post-title\" href=\"https:\/\/site.ac-martinique.fr\/clg-josephlagrosilliere\/?p=3641\">Remerciement<\/a><div class=\"wp-block-latest-posts__post-excerpt\"><\/div><\/li>\n<li><a class=\"wp-block-latest-posts__post-title\" href=\"https:\/\/site.ac-martinique.fr\/clg-josephlagrosilliere\/?p=3638\">Blagues, moqueries ou harc\u00e8lement. Aider mon enfant \u00e0 faire la diff\u00e9rence<\/a><div class=\"wp-block-latest-posts__post-excerpt\">Bonjour \u00e0 tous, Mme Katy Fran\u00e7ois, psychologue viendra aborder Blagues, moqueries ou harc\u00e8lement. Aider mon enfant \u00e0 faire la diff\u00e9rence Rendez-vous Mardi 10 Mars 2025 \u00e0 17h Lieu : Coll\u00e8ge Joseph LAGROSILLIERE, anse charpentier \u00e0 Sainte-Marie N&rsquo;h\u00e9sitez pas \u00e0 partager l&rsquo;information et venir \u00e0 plusieurs. Infos au 0696 23 25 23 \u00c9v\u00e9nement gratuit<\/div><\/li>\n<li><a class=\"wp-block-latest-posts__post-title\" href=\"https:\/\/site.ac-martinique.fr\/clg-josephlagrosilliere\/?p=3635\">ULIS<\/a><div class=\"wp-block-latest-posts__post-excerpt\">L\u2019Unit\u00e9 Localis\u00e9e pour l\u2019Inclusion Scolaire du coll\u00e8ge Joseph LAGROSILLIERE accueille entre 10 et 16 \u00e9l\u00e8ves atteints de troubles des fonctions cognitives. Il s\u2019agit d\u2019un dispositif visant \u00e0 inclure ces \u00e9l\u00e8ves en situation de handicap au sein du coll\u00e8ge en offrant \u00e0 chacun un soutien personnalis\u00e9. Les \u00e9l\u00e8ves peuvent ainsi d\u00e9velopper leurs comp\u00e9tences et r\u00e9ussir leurs parcours scolaire en milieu ordinaire dans les meilleures conditions possibles. Nous avons \u00e0 c\u0153ur\u00a0: D\u2019accueillir et accompagner les \u00e9l\u00e8ves inscrits dans le dispositif, De favoriser leur inclusion scolaire et sociale, De d\u00e9velopper leurs comp\u00e9tences ainsi que leur autonomie. Nous travaillons en partenariat avec les enseignants du coll\u00e8ge, les familles, les SESSAD, CMP, orthophonistes et autres partenaires ext\u00e9rieurs. Deux lundi par mois, nous travaillons notre confiance et notre estime de nous \u00e0 travers des exercices de th\u00e9\u00e2tre d&rsquo;improvisation dispens\u00e9s par Valentin BONNEFOY et Giovanni.Ces exercices nous permettent de d\u00e9velopper notre cr\u00e9ativit\u00e9, notre spontan\u00e9it\u00e9 et notre capacit\u00e9 \u00e0 nous exprimer avec confiance. C&rsquo;est un moment pour nous de nous amuser, de prendre des risques et de nous d\u00e9passer.Nous l&rsquo;attendons avec impatience !<\/div><\/li>\n<\/ul>","protected":false},"excerpt":{"rendered":"","protected":false},"author":147,"featured_media":0,"parent":0,"menu_order":0,"comment_status":"closed","ping_status":"closed","template":"","meta":{"footnotes":""},"class_list":["post-2180","page","type-page","status-publish","hentry"],"_links":{"self":[{"href":"https:\/\/site.ac-martinique.fr\/clg-josephlagrosilliere\/index.php?rest_route=\/wp\/v2\/pages\/2180","targetHints":{"allow":["GET"]}}],"collection":[{"href":"https:\/\/site.ac-martinique.fr\/clg-josephlagrosilliere\/index.php?rest_route=\/wp\/v2\/pages"}],"about":[{"href":"https:\/\/site.ac-martinique.fr\/clg-josephlagrosilliere\/index.php?rest_route=\/wp\/v2\/types\/page"}],"author":[{"embeddable":true,"href":"https:\/\/site.ac-martinique.fr\/clg-josephlagrosilliere\/index.php?rest_route=\/wp\/v2\/users\/147"}],"replies":[{"embeddable":true,"href":"https:\/\/site.ac-martinique.fr\/clg-josephlagrosilliere\/index.php?rest_route=%2Fwp%2Fv2%2Fcomments&post=2180"}],"version-history":[{"count":3,"href":"https:\/\/site.ac-martinique.fr\/clg-josephlagrosilliere\/index.php?rest_route=\/wp\/v2\/pages\/2180\/revisions"}],"predecessor-version":[{"id":3572,"href":"https:\/\/site.ac-martinique.fr\/clg-josephlagrosilliere\/index.php?rest_route=\/wp\/v2\/pages\/2180\/revisions\/3572"}],"wp:attachment":[{"href":"https:\/\/site.ac-martinique.fr\/clg-josephlagrosilliere\/index.php?rest_route=%2Fwp%2Fv2%2Fmedia&parent=2180"}],"curies":[{"name":"wp","href":"https:\/\/api.w.org\/{rel}","templated":true}]}}