{"id":3103,"date":"2022-09-28T11:41:21","date_gmt":"2022-09-28T15:41:21","guid":{"rendered":"https:\/\/site.ac-martinique.fr\/clg-josephlagrosilliere\/?page_id=3103"},"modified":"2025-11-16T15:22:56","modified_gmt":"2025-11-16T19:22:56","slug":"phare","status":"publish","type":"page","link":"https:\/\/site.ac-martinique.fr\/clg-josephlagrosilliere\/?page_id=3103","title":{"rendered":"pHARe"},"content":{"rendered":"<ul class=\"wp-block-latest-posts__list wp-block-latest-posts\"><li><a class=\"wp-block-latest-posts__post-title\" href=\"https:\/\/site.ac-martinique.fr\/clg-josephlagrosilliere\/?p=3561\">NAH novembre 2025<\/a><div class=\"wp-block-latest-posts__post-excerpt\">Les 10 et 13 novembre, deux \u00e9v\u00e9nements importants ont marqu\u00e9 la lutte contre le harc\u00e8lement scolaire au sein de notre \u00e9tablissement, r\u00e9unissant \u00e9l\u00e8ves, enseignants et partenaires ext\u00e9rieurs. La projection du film \u00ab T\u2019inqui\u00e8te \u00bb \u00e0 Madiana \u2013 10 novembre Le 10 novembre, les \u00e9l\u00e8ves ambassadeurs PHARE de 6e et 5e ont assist\u00e9 \u00e0 la projection du film T\u2019inqui\u00e8te, un long-m\u00e9trage touchant et r\u00e9aliste sur le harc\u00e8lement scolaire. \u00c0 l&rsquo;issue de la s\u00e9ance, les \u00e9l\u00e8ves ont particip\u00e9 \u00e0 un \u00e9change sur les th\u00e9matiques du film et ont r\u00e9fl\u00e9chi \u00e0 leurs r\u00f4les d\u2019ambassadeurs dans la pr\u00e9vention du harc\u00e8lement. Leur implication a renforc\u00e9 l\u2019importance de leur mission pour promouvoir un climat scolaire bienveillant. Matin\u00e9e de sensibilisation NAH \u2013 13 novembre Le 13 novembre, l\u2019\u00e9tablissement a organis\u00e9 une matin\u00e9e NAH (Non Au Harc\u00e8lement) riche en activit\u00e9s. Des ateliers de sensibilisation, des vid\u00e9os \u00e9ducatives et des interventions de l\u2019association KAPCara\u00efbes, de madame GROS-DESORMEAUX (r\u00e9f\u00e9rente acad\u00e9mique Bien Vivre Ensemble) ainsi que monsieur CAUVER (EPY DEM J) ont permis aux \u00e9l\u00e8ves d\u2019approfondir leur compr\u00e9hension du harc\u00e8lement scolaire. Cette matin\u00e9e s&rsquo;est cl\u00f4tur\u00e9e par un moment symbolique : l\u2019inauguration de l\u2019affiche NAH, r\u00e9alis\u00e9e en collaboration avec l&rsquo;artiste Raphy. Cette affiche, d\u00e9sormais visible dans l\u2019\u00e9tablissement, incarne l\u2019engagement de chacun contre le harc\u00e8lement.<\/div><\/li>\n<\/ul>\n\n<h3><a href=\"https:\/\/site.ac-martinique.fr\/clg-josephlagrosilliere\/wp-content\/uploads\/sites\/59\/2025\/11\/WhatsApp-Image-2025-01-28-at-16.35.05.jpeg\"><img loading=\"lazy\" decoding=\"async\" class=\"alignright  wp-image-3557\" src=\"https:\/\/site.ac-martinique.fr\/clg-josephlagrosilliere\/wp-content\/uploads\/sites\/59\/2025\/11\/WhatsApp-Image-2025-01-28-at-16.35.05.jpeg\" alt=\"\" width=\"959\" height=\"1361\" srcset=\"https:\/\/site.ac-martinique.fr\/clg-josephlagrosilliere\/wp-content\/uploads\/sites\/59\/2025\/11\/WhatsApp-Image-2025-01-28-at-16.35.05.jpeg 1127w, https:\/\/site.ac-martinique.fr\/clg-josephlagrosilliere\/wp-content\/uploads\/sites\/59\/2025\/11\/WhatsApp-Image-2025-01-28-at-16.35.05-211x300.jpeg 211w, https:\/\/site.ac-martinique.fr\/clg-josephlagrosilliere\/wp-content\/uploads\/sites\/59\/2025\/11\/WhatsApp-Image-2025-01-28-at-16.35.05-721x1024.jpeg 721w, https:\/\/site.ac-martinique.fr\/clg-josephlagrosilliere\/wp-content\/uploads\/sites\/59\/2025\/11\/WhatsApp-Image-2025-01-28-at-16.35.05-768x1090.jpeg 768w, https:\/\/site.ac-martinique.fr\/clg-josephlagrosilliere\/wp-content\/uploads\/sites\/59\/2025\/11\/WhatsApp-Image-2025-01-28-at-16.35.05-1082x1536.jpeg 1082w\" sizes=\"auto, (max-width: 959px) 100vw, 959px\" \/><\/a><\/h3>\n<h3 style=\"text-align: center;\">\u00a0<\/h3>\n<p><a href=\"https:\/\/site.ac-martinique.fr\/clg-josephlagrosilliere\/wp-content\/uploads\/sites\/59\/2022\/09\/phare-1.png\"><br \/><img loading=\"lazy\" decoding=\"async\" class=\"aligncenter wp-image-3109 size-full\" src=\"https:\/\/site.ac-martinique.fr\/clg-josephlagrosilliere\/wp-content\/uploads\/sites\/59\/2022\/09\/phare-1.png\" alt=\"\" width=\"634\" height=\"909\" srcset=\"https:\/\/site.ac-martinique.fr\/clg-josephlagrosilliere\/wp-content\/uploads\/sites\/59\/2022\/09\/phare-1.png 634w, https:\/\/site.ac-martinique.fr\/clg-josephlagrosilliere\/wp-content\/uploads\/sites\/59\/2022\/09\/phare-1-209x300.png 209w, https:\/\/site.ac-martinique.fr\/clg-josephlagrosilliere\/wp-content\/uploads\/sites\/59\/2022\/09\/phare-1-600x860.png 600w\" sizes=\"auto, (max-width: 634px) 100vw, 634px\" \/><br \/><\/a><\/p>\n<p>\u00a0<\/p>\n<h3 style=\"text-align: center;\"><span style=\"color: #ff6600;\"><strong>D\u00e9pliant de l&rsquo;\u00e9tablissement<\/strong>\u00a0<\/span><\/h3>\n<div class=\"ead-preview\"><div class=\"ead-document\" style=\"position: relative;width: 100%;height: 100%;border: none;min-height: 500px;\" data-pdf-src=\"https:\/\/site.ac-martinique.fr\/clg-josephlagrosilliere\/wp-content\/uploads\/sites\/59\/2022\/09\/flyer-eleve-ebauche-modifie1-1.pdf\" data-viewer=\"browser\"><div class=\"ead-iframe-wrapper\"><iframe src=\"\/\/docs.google.com\/viewer?url=https%3A%2F%2Fsite.ac-martinique.fr%2Fclg-josephlagrosilliere%2Fwp-content%2Fuploads%2Fsites%2F59%2F2022%2F09%2Fflyer-eleve-ebauche-modifie1-1.pdf&amp;embedded=true&amp;hl=en\" title=\"Document embarqu\u00e9\" class=\"ead-iframe\" style=\"width: 100%;height: 100%;border: none;min-height: 500px;visibility: hidden;\"><\/iframe><\/div>\t\t\t<div class=\"ead-document-loading\" style=\"width:100%;height:100%;position:absolute;left:0;top:0;z-index:10;\">\n\t\t\t\t<div class=\"ead-loading-wrap\">\n\t\t\t\t\t<div class=\"ead-loading-main\">\n\t\t\t\t\t\t<div class=\"ead-loading\">\n\t\t\t\t\t\t\t<img loading=\"lazy\" decoding=\"async\" src=\"https:\/\/site.ac-martinique.fr\/clg-josephlagrosilliere\/wp-content\/plugins\/embed-any-document\/images\/loading.svg\" width=\"55\" height=\"55\" alt=\"Chargeur\">\n\t\t\t\t\t\t\t<span>En cours de chargement&hellip;<\/span>\n\t\t\t\t\t\t<\/div>\n\t\t\t\t\t<\/div>\n\t\t\t\t\t<div class=\"ead-loading-foot\">\n\t\t\t\t\t\t<div class=\"ead-loading-foot-title\">\n\t\t\t\t\t\t\t<img loading=\"lazy\" decoding=\"async\" src=\"https:\/\/site.ac-martinique.fr\/clg-josephlagrosilliere\/wp-content\/plugins\/embed-any-document\/images\/EAD-logo.svg\" alt=\"Logo EAD\" width=\"36\" height=\"23\"\/>\n\t\t\t\t\t\t\t<span>Cela prend trop de temps\u00a0?<\/span>\n\t\t\t\t\t\t<\/div>\n\t\t\t\t\t\t<p>\n\t\t\t\t\t\t\t<div class=\"ead-document-btn ead-reload-btn\" role=\"button\">\n\t\t\t\t\t\t\t\t<img loading=\"lazy\" decoding=\"async\" src=\"https:\/\/site.ac-martinique.fr\/clg-josephlagrosilliere\/wp-content\/plugins\/embed-any-document\/images\/reload.svg\" alt=\"Recharger\" width=\"12\" height=\"12\"\/> Recharger le document\t\t\t\t\t\t\t<\/div>\n\t\t\t\t\t\t\t<span>|<\/span>\n\t\t\t\t\t\t\t<a href=\"#\" class=\"ead-document-btn\" target=\"_blank\">\n\t\t\t\t\t\t\t\t<img loading=\"lazy\" decoding=\"async\" src=\"https:\/\/site.ac-martinique.fr\/clg-josephlagrosilliere\/wp-content\/plugins\/embed-any-document\/images\/open.svg\" alt=\"Ouvert\" width=\"12\" height=\"12\"\/> Ouvrir dans un nouvel onglet\t\t\t\t\t\t\t<\/a>\n\t\t\t\t\t<\/div>\n\t\t\t\t<\/div>\n\t\t\t<\/div>\n\t\t<\/div><p class=\"embed_download\"><a href=\"https:\/\/site.ac-martinique.fr\/clg-josephlagrosilliere\/wp-content\/uploads\/sites\/59\/2022\/09\/flyer-eleve-ebauche-modifie1-1.pdf\" download>T\u00e9l\u00e9charger <\/a><\/p><\/div>","protected":false},"excerpt":{"rendered":"<p>\u00a0 \u00a0 D\u00e9pliant de l&rsquo;\u00e9tablissement\u00a0<\/p>\n","protected":false},"author":274,"featured_media":0,"parent":0,"menu_order":0,"comment_status":"closed","ping_status":"closed","template":"","meta":{"footnotes":""},"class_list":["post-3103","page","type-page","status-publish","hentry"],"_links":{"self":[{"href":"https:\/\/site.ac-martinique.fr\/clg-josephlagrosilliere\/index.php?rest_route=\/wp\/v2\/pages\/3103","targetHints":{"allow":["GET"]}}],"collection":[{"href":"https:\/\/site.ac-martinique.fr\/clg-josephlagrosilliere\/index.php?rest_route=\/wp\/v2\/pages"}],"about":[{"href":"https:\/\/site.ac-martinique.fr\/clg-josephlagrosilliere\/index.php?rest_route=\/wp\/v2\/types\/page"}],"author":[{"embeddable":true,"href":"https:\/\/site.ac-martinique.fr\/clg-josephlagrosilliere\/index.php?rest_route=\/wp\/v2\/users\/274"}],"replies":[{"embeddable":true,"href":"https:\/\/site.ac-martinique.fr\/clg-josephlagrosilliere\/index.php?rest_route=%2Fwp%2Fv2%2Fcomments&post=3103"}],"version-history":[{"count":11,"href":"https:\/\/site.ac-martinique.fr\/clg-josephlagrosilliere\/index.php?rest_route=\/wp\/v2\/pages\/3103\/revisions"}],"predecessor-version":[{"id":3569,"href":"https:\/\/site.ac-martinique.fr\/clg-josephlagrosilliere\/index.php?rest_route=\/wp\/v2\/pages\/3103\/revisions\/3569"}],"wp:attachment":[{"href":"https:\/\/site.ac-martinique.fr\/clg-josephlagrosilliere\/index.php?rest_route=%2Fwp%2Fv2%2Fmedia&parent=3103"}],"curies":[{"name":"wp","href":"https:\/\/api.w.org\/{rel}","templated":true}]}}