{"id":3449,"date":"2025-06-12T15:42:07","date_gmt":"2025-06-12T19:42:07","guid":{"rendered":"https:\/\/site.ac-martinique.fr\/clg-josephlagrosilliere\/?page_id=3449"},"modified":"2025-06-12T15:51:04","modified_gmt":"2025-06-12T19:51:04","slug":"erasmus","status":"publish","type":"page","link":"https:\/\/site.ac-martinique.fr\/clg-josephlagrosilliere\/?page_id=3449","title":{"rendered":"ERASMUS"},"content":{"rendered":"<p><span style=\"color: #ff00ff;\"><strong>\u00c9ducation au d\u00e9veloppement durable et ouverture \u00e0 l&rsquo;international : parmi nos priorit\u00e9s<\/strong><\/span><\/p>\n<p>L&rsquo;\u00e9ducation au d\u00e9veloppement durable et l&rsquo;ouverture \u00e0 l&rsquo;international sont au c\u0153ur des priorit\u00e9s de notre \u00e9tablissement. Pour concr\u00e9tiser ces objectifs, nous nous appuyons activement sur les <span style=\"color: #008000;\"><strong>projets Erasmus+<\/strong><\/span>.<\/p>\n<p>Les r\u00e9centes mobilit\u00e9s ont notamment permis \u00e0 nos \u00e9l\u00e8ves et \u00e9quipes \u00a0de collaborer \u00e9troitement avec nos partenaires europ\u00e9ens sur certains d\u00e9fis du d\u00e9veloppement durable. Ces \u00e9changes sont une formidable opportunit\u00e9 de confronter nos perspectives et d&rsquo;enrichir notre r\u00e9flexion collective. De plus, le contact avec de nouvelles cultures nous offre la possibilit\u00e9 de percevoir les situations sous des angles diff\u00e9rents.<\/p>\n","protected":false},"excerpt":{"rendered":"<p>\u00c9ducation au d\u00e9veloppement durable et ouverture \u00e0 l&rsquo;international : parmi nos priorit\u00e9s L&rsquo;\u00e9ducation au d\u00e9veloppement durable et l&rsquo;ouverture \u00e0 l&rsquo;international sont au c\u0153ur des priorit\u00e9s de notre \u00e9tablissement. Pour concr\u00e9tiser ces objectifs, nous nous appuyons activement sur les projets Erasmus+. Les r\u00e9centes mobilit\u00e9s ont notamment permis \u00e0 nos \u00e9l\u00e8ves et \u00e9quipes \u00a0de collaborer \u00e9troitement avec nos partenaires europ\u00e9ens sur certains d\u00e9fis du d\u00e9veloppement durable. Ces \u00e9changes sont une formidable opportunit\u00e9 de confronter nos perspectives et d&rsquo;enrichir notre r\u00e9flexion collective. De plus, le contact avec de nouvelles cultures nous offre la possibilit\u00e9 de percevoir les situations sous des angles diff\u00e9rents.<\/p>\n","protected":false},"author":274,"featured_media":0,"parent":0,"menu_order":0,"comment_status":"closed","ping_status":"closed","template":"","meta":{"footnotes":""},"class_list":["post-3449","page","type-page","status-publish","hentry"],"_links":{"self":[{"href":"https:\/\/site.ac-martinique.fr\/clg-josephlagrosilliere\/index.php?rest_route=\/wp\/v2\/pages\/3449","targetHints":{"allow":["GET"]}}],"collection":[{"href":"https:\/\/site.ac-martinique.fr\/clg-josephlagrosilliere\/index.php?rest_route=\/wp\/v2\/pages"}],"about":[{"href":"https:\/\/site.ac-martinique.fr\/clg-josephlagrosilliere\/index.php?rest_route=\/wp\/v2\/types\/page"}],"author":[{"embeddable":true,"href":"https:\/\/site.ac-martinique.fr\/clg-josephlagrosilliere\/index.php?rest_route=\/wp\/v2\/users\/274"}],"replies":[{"embeddable":true,"href":"https:\/\/site.ac-martinique.fr\/clg-josephlagrosilliere\/index.php?rest_route=%2Fwp%2Fv2%2Fcomments&post=3449"}],"version-history":[{"count":3,"href":"https:\/\/site.ac-martinique.fr\/clg-josephlagrosilliere\/index.php?rest_route=\/wp\/v2\/pages\/3449\/revisions"}],"predecessor-version":[{"id":3465,"href":"https:\/\/site.ac-martinique.fr\/clg-josephlagrosilliere\/index.php?rest_route=\/wp\/v2\/pages\/3449\/revisions\/3465"}],"wp:attachment":[{"href":"https:\/\/site.ac-martinique.fr\/clg-josephlagrosilliere\/index.php?rest_route=%2Fwp%2Fv2%2Fmedia&parent=3449"}],"curies":[{"name":"wp","href":"https:\/\/api.w.org\/{rel}","templated":true}]}}