{"id":1024,"date":"2023-10-12T08:56:11","date_gmt":"2023-10-12T12:56:11","guid":{"rendered":"https:\/\/site.ac-martinique.fr\/clg-julianicolas\/?page_id=1024"},"modified":"2023-10-12T11:09:20","modified_gmt":"2023-10-12T15:09:20","slug":"cyber-espace","status":"publish","type":"page","link":"https:\/\/site.ac-martinique.fr\/clg-julianicolas\/?page_id=1024","title":{"rendered":"Cyber Espace"},"content":{"rendered":"\n<figure class=\"wp-block-image size-large\"><img loading=\"lazy\" decoding=\"async\" width=\"1024\" height=\"768\" src=\"https:\/\/site.ac-martinique.fr\/clg-julianicolas\/wp-content\/uploads\/sites\/119\/2023\/10\/cyber-espace-1-1024x768.jpeg\" alt=\"\" class=\"wp-image-1025\" srcset=\"https:\/\/site.ac-martinique.fr\/clg-julianicolas\/wp-content\/uploads\/sites\/119\/2023\/10\/cyber-espace-1-1024x768.jpeg 1024w, https:\/\/site.ac-martinique.fr\/clg-julianicolas\/wp-content\/uploads\/sites\/119\/2023\/10\/cyber-espace-1-300x225.jpeg 300w, https:\/\/site.ac-martinique.fr\/clg-julianicolas\/wp-content\/uploads\/sites\/119\/2023\/10\/cyber-espace-1-768x576.jpeg 768w, https:\/\/site.ac-martinique.fr\/clg-julianicolas\/wp-content\/uploads\/sites\/119\/2023\/10\/cyber-espace-1-400x300.jpeg 400w, https:\/\/site.ac-martinique.fr\/clg-julianicolas\/wp-content\/uploads\/sites\/119\/2023\/10\/cyber-espace-1.jpeg 1280w\" sizes=\"auto, (max-width: 1024px) 100vw, 1024px\" \/><\/figure>\n\n\n\n<p>Le college JULIA NICOLAS dispose d&rsquo;un cyber espace \u00e0 l&rsquo;entr\u00e9e de l&rsquo;\u00e9tablissement. <\/p>\n\n\n\n<p>Cet espace est accessible \u00e0 tous les usagers majeurs de l&rsquo;\u00e9tablissement du lundi au vendredi d\u00e8s 7H 30.<\/p>\n\n\n\n<p>Vous pouvez y effectuer l&rsquo;ensemble des demarches en ligne concernant la scolarit\u00e9 des \u00e9l\u00e8ves : connexion pronote, inscription \u00e0 la bourse ect&#8230;<\/p>\n\n\n\n<p>Mais cet espace est \u00e9galement destin\u00e9 \u00e0 effectuer toutes les autres demarches du quotidien: impots , caf, s\u00e9curit\u00e9 social, r\u00e9daction de courrier et plus encore&#8230;<\/p>\n\n\n\n<p>Pour vous y rendre, rien de plus simple, pr\u00e9sentez-vous \u00e0 l&rsquo;accueil de l&rsquo;\u00e9tablissement et vous serez dirig\u00e9.<\/p>\n\n\n\n<p><strong>STOP INFO <\/strong>: L&rsquo;informaticien (AED TICE) du coll\u00e8ge accompagne les parents d&rsquo;\u00e9l\u00e8ve tous les lundis matins de 8h \u00e0 11h sans rendez-vous pour les difficult\u00e9s d&rsquo;acc\u00e8s aux applications. <\/p>\n","protected":false},"excerpt":{"rendered":"<p>Le college JULIA NICOLAS dispose d&rsquo;un cyber espace \u00e0 l&rsquo;entr\u00e9e de l&rsquo;\u00e9tablissement. Cet espace est accessible \u00e0 tous les usagers majeurs de l&rsquo;\u00e9tablissement du lundi au vendredi d\u00e8s 7H 30. Vous pouvez y effectuer l&rsquo;ensemble des demarches en ligne concernant &hellip; <a href=\"https:\/\/site.ac-martinique.fr\/clg-julianicolas\/?page_id=1024\">Continuer la lecture <span class=\"meta-nav\">&rarr;<\/span><\/a><\/p>\n","protected":false},"author":339,"featured_media":0,"parent":0,"menu_order":0,"comment_status":"closed","ping_status":"closed","template":"","meta":{"footnotes":""},"class_list":["post-1024","page","type-page","status-publish","hentry"],"_links":{"self":[{"href":"https:\/\/site.ac-martinique.fr\/clg-julianicolas\/index.php?rest_route=\/wp\/v2\/pages\/1024","targetHints":{"allow":["GET"]}}],"collection":[{"href":"https:\/\/site.ac-martinique.fr\/clg-julianicolas\/index.php?rest_route=\/wp\/v2\/pages"}],"about":[{"href":"https:\/\/site.ac-martinique.fr\/clg-julianicolas\/index.php?rest_route=\/wp\/v2\/types\/page"}],"author":[{"embeddable":true,"href":"https:\/\/site.ac-martinique.fr\/clg-julianicolas\/index.php?rest_route=\/wp\/v2\/users\/339"}],"replies":[{"embeddable":true,"href":"https:\/\/site.ac-martinique.fr\/clg-julianicolas\/index.php?rest_route=%2Fwp%2Fv2%2Fcomments&post=1024"}],"version-history":[{"count":6,"href":"https:\/\/site.ac-martinique.fr\/clg-julianicolas\/index.php?rest_route=\/wp\/v2\/pages\/1024\/revisions"}],"predecessor-version":[{"id":1083,"href":"https:\/\/site.ac-martinique.fr\/clg-julianicolas\/index.php?rest_route=\/wp\/v2\/pages\/1024\/revisions\/1083"}],"wp:attachment":[{"href":"https:\/\/site.ac-martinique.fr\/clg-julianicolas\/index.php?rest_route=%2Fwp%2Fv2%2Fmedia&parent=1024"}],"curies":[{"name":"wp","href":"https:\/\/api.w.org\/{rel}","templated":true}]}}