{"id":1099,"date":"2023-10-17T16:28:29","date_gmt":"2023-10-17T20:28:29","guid":{"rendered":"https:\/\/site.ac-martinique.fr\/clg-julianicolas\/?page_id=1099"},"modified":"2023-10-19T14:04:29","modified_gmt":"2023-10-19T18:04:29","slug":"espace-numerique","status":"publish","type":"page","link":"https:\/\/site.ac-martinique.fr\/clg-julianicolas\/?page_id=1099","title":{"rendered":"Espace Num\u00e9rique"},"content":{"rendered":"\n<p>Le coll\u00e8ge JULIA NICOLAS a pour ambition de d\u00e9velopper l&rsquo;acc\u00e8s au num\u00e9rique des diff\u00e9rents utilisateurs. <\/p>\n\n\n\n<p>Afin de permettre au num\u00e9rique de se d\u00e9velopper pleinement, il a \u00e9t\u00e9 constitu\u00e9 au sein de l&rsquo;\u00e9tablissement une commission num\u00e9rique qui est en charge de tout ce qui attrait au num\u00e9rique. Elle a en charge la gestion du materielle, la mise en commun des pratiques num\u00e9riques au sein de l&rsquo;\u00e9tablissement, la formation et l&rsquo;accompagnement des personnels.<\/p>\n\n\n\n<p>En compl\u00e9ment, l&rsquo;\u00e9tablissement met \u00e0 la disposition de l&rsquo;ensemble des usagers un cyber-espace. <\/p>\n\n\n\n<figure class=\"wp-block-gallery has-nested-images columns-default is-cropped wp-block-gallery-1 is-layout-flex wp-block-gallery-is-layout-flex\">\n<figure class=\"wp-block-image size-large\"><img loading=\"lazy\" decoding=\"async\" width=\"1024\" height=\"768\" data-id=\"1110\" src=\"https:\/\/site.ac-martinique.fr\/clg-julianicolas\/wp-content\/uploads\/sites\/119\/2023\/10\/Livre-numerrique.jpg\" alt=\"\" class=\"wp-image-1110\" srcset=\"https:\/\/site.ac-martinique.fr\/clg-julianicolas\/wp-content\/uploads\/sites\/119\/2023\/10\/Livre-numerrique.jpg 1024w, https:\/\/site.ac-martinique.fr\/clg-julianicolas\/wp-content\/uploads\/sites\/119\/2023\/10\/Livre-numerrique-300x225.jpg 300w, https:\/\/site.ac-martinique.fr\/clg-julianicolas\/wp-content\/uploads\/sites\/119\/2023\/10\/Livre-numerrique-768x576.jpg 768w, https:\/\/site.ac-martinique.fr\/clg-julianicolas\/wp-content\/uploads\/sites\/119\/2023\/10\/Livre-numerrique-400x300.jpg 400w\" sizes=\"auto, (max-width: 1024px) 100vw, 1024px\" \/><figcaption class=\"wp-element-caption\">Learning concept on digital background<\/figcaption><\/figure>\n<\/figure>\n","protected":false},"excerpt":{"rendered":"<p>Le coll\u00e8ge JULIA NICOLAS a pour ambition de d\u00e9velopper l&rsquo;acc\u00e8s au num\u00e9rique des diff\u00e9rents utilisateurs. Afin de permettre au num\u00e9rique de se d\u00e9velopper pleinement, il a \u00e9t\u00e9 constitu\u00e9 au sein de l&rsquo;\u00e9tablissement une commission num\u00e9rique qui est en charge de &hellip; <a href=\"https:\/\/site.ac-martinique.fr\/clg-julianicolas\/?page_id=1099\">Continuer la lecture <span class=\"meta-nav\">&rarr;<\/span><\/a><\/p>\n","protected":false},"author":339,"featured_media":0,"parent":0,"menu_order":0,"comment_status":"closed","ping_status":"closed","template":"","meta":{"footnotes":""},"class_list":["post-1099","page","type-page","status-publish","hentry"],"_links":{"self":[{"href":"https:\/\/site.ac-martinique.fr\/clg-julianicolas\/index.php?rest_route=\/wp\/v2\/pages\/1099","targetHints":{"allow":["GET"]}}],"collection":[{"href":"https:\/\/site.ac-martinique.fr\/clg-julianicolas\/index.php?rest_route=\/wp\/v2\/pages"}],"about":[{"href":"https:\/\/site.ac-martinique.fr\/clg-julianicolas\/index.php?rest_route=\/wp\/v2\/types\/page"}],"author":[{"embeddable":true,"href":"https:\/\/site.ac-martinique.fr\/clg-julianicolas\/index.php?rest_route=\/wp\/v2\/users\/339"}],"replies":[{"embeddable":true,"href":"https:\/\/site.ac-martinique.fr\/clg-julianicolas\/index.php?rest_route=%2Fwp%2Fv2%2Fcomments&post=1099"}],"version-history":[{"count":3,"href":"https:\/\/site.ac-martinique.fr\/clg-julianicolas\/index.php?rest_route=\/wp\/v2\/pages\/1099\/revisions"}],"predecessor-version":[{"id":1113,"href":"https:\/\/site.ac-martinique.fr\/clg-julianicolas\/index.php?rest_route=\/wp\/v2\/pages\/1099\/revisions\/1113"}],"wp:attachment":[{"href":"https:\/\/site.ac-martinique.fr\/clg-julianicolas\/index.php?rest_route=%2Fwp%2Fv2%2Fmedia&parent=1099"}],"curies":[{"name":"wp","href":"https:\/\/api.w.org\/{rel}","templated":true}]}}