{"id":15,"date":"2022-02-13T07:57:13","date_gmt":"2022-02-13T11:57:13","guid":{"rendered":"https:\/\/site.ac-martinique.fr\/clg-julianicolas\/?page_id=15"},"modified":"2023-09-21T14:49:44","modified_gmt":"2023-09-21T18:49:44","slug":"le-college","status":"publish","type":"page","link":"https:\/\/site.ac-martinique.fr\/clg-julianicolas\/?page_id=15","title":{"rendered":"Le coll\u00e8ge"},"content":{"rendered":"\n<blockquote class=\"wp-block-quote is-layout-flow wp-block-quote-is-layout-flow\">\n<p><\/p>\n\n\n\n<p><em><mark style=\"background-color:rgba(0, 0, 0, 0)\" class=\"has-inline-color has-blue-color\">\u00ab\u00a0La r\u00e9ussite appartient \u00e0 tout le monde. C&rsquo;est au travail d&rsquo;\u00e9quipe qu&rsquo;en revient le m\u00e9rite\u00a0\u00bb<\/mark><br><\/em><\/p>\n\n\n\n<p><a href=\"https:\/\/fr.wikipedia.org\/wiki\/Franck_Piccard\">Franck PICCARD<\/a><\/p>\n\n\n\n<hr class=\"wp-block-separator has-alpha-channel-opacity\"\/>\n<\/blockquote>\n\n\n\n<p><strong>L&rsquo;Equipe de Direction<\/strong><\/p>\n\n\n\n<ul class=\"wp-block-list\">\n<li>Madame le Chef d&rsquo;\u00e9tablissement : Madame BLERALD<\/li>\n\n\n\n<li>Madame la Principale adjointe : Madame DELEM<\/li>\n\n\n\n<li>Madame l&rsquo;Adjointe gestionnaire : Madame DONGAR<\/li>\n<\/ul>\n\n\n\n<h2 class=\"wp-block-heading\">La Vie scolaire <\/h2>\n\n\n\n<ul class=\"wp-block-list\">\n<li>Madame la CPE <\/li>\n\n\n\n<li>L&rsquo;\u00e9quipe d&rsquo;assistants d&rsquo;\u00e9ducation<\/li>\n<\/ul>\n\n\n\n<h2 class=\"wp-block-heading\">L&rsquo;\u00e9quipe m\u00e9dicale &amp; sociale<\/h2>\n\n\n\n<ul class=\"wp-block-list\">\n<li>Madame l&rsquo;Infirmi\u00e8re : Madame DARSOULANT<\/li>\n\n\n\n<li>Madame l&rsquo;assistante social: Madame MARY<\/li>\n<\/ul>\n\n\n\n<h2 class=\"wp-block-heading\">L&rsquo;\u00e9quipe enseignante<\/h2>\n\n\n\n<p><\/p>\n\n\n\n<h2 class=\"wp-block-heading\">Les agents polyvalents <\/h2>\n\n\n\n<p><\/p>\n","protected":false},"excerpt":{"rendered":"<p>L&rsquo;Equipe de Direction La Vie scolaire L&rsquo;\u00e9quipe m\u00e9dicale &amp; sociale L&rsquo;\u00e9quipe enseignante Les agents polyvalents<\/p>\n","protected":false},"author":339,"featured_media":0,"parent":0,"menu_order":0,"comment_status":"closed","ping_status":"closed","template":"","meta":{"footnotes":""},"class_list":["post-15","page","type-page","status-publish","hentry"],"_links":{"self":[{"href":"https:\/\/site.ac-martinique.fr\/clg-julianicolas\/index.php?rest_route=\/wp\/v2\/pages\/15","targetHints":{"allow":["GET"]}}],"collection":[{"href":"https:\/\/site.ac-martinique.fr\/clg-julianicolas\/index.php?rest_route=\/wp\/v2\/pages"}],"about":[{"href":"https:\/\/site.ac-martinique.fr\/clg-julianicolas\/index.php?rest_route=\/wp\/v2\/types\/page"}],"author":[{"embeddable":true,"href":"https:\/\/site.ac-martinique.fr\/clg-julianicolas\/index.php?rest_route=\/wp\/v2\/users\/339"}],"replies":[{"embeddable":true,"href":"https:\/\/site.ac-martinique.fr\/clg-julianicolas\/index.php?rest_route=%2Fwp%2Fv2%2Fcomments&post=15"}],"version-history":[{"count":16,"href":"https:\/\/site.ac-martinique.fr\/clg-julianicolas\/index.php?rest_route=\/wp\/v2\/pages\/15\/revisions"}],"predecessor-version":[{"id":982,"href":"https:\/\/site.ac-martinique.fr\/clg-julianicolas\/index.php?rest_route=\/wp\/v2\/pages\/15\/revisions\/982"}],"wp:attachment":[{"href":"https:\/\/site.ac-martinique.fr\/clg-julianicolas\/index.php?rest_route=%2Fwp%2Fv2%2Fmedia&parent=15"}],"curies":[{"name":"wp","href":"https:\/\/api.w.org\/{rel}","templated":true}]}}