{"id":17,"date":"2022-02-13T07:57:13","date_gmt":"2022-02-13T11:57:13","guid":{"rendered":"https:\/\/site.ac-martinique.fr\/clg-julianicolas\/?page_id=17"},"modified":"2024-11-08T17:10:07","modified_gmt":"2024-11-08T21:10:07","slug":"demi-pension","status":"publish","type":"page","link":"https:\/\/site.ac-martinique.fr\/clg-julianicolas\/?page_id=17","title":{"rendered":"L&rsquo;INTENDANCE"},"content":{"rendered":"\n<p>La mission g\u00e9n\u00e9rale du service d&rsquo;intendance est d\u2019assurer, sous l\u2019autorit\u00e9 du chef d\u2019\u00e9tablissement, &nbsp;le bon fonctionnement mat\u00e9riel de l&rsquo;\u00e9tablissement et sa s\u00e9curit\u00e9 dans le cadre de la politique et des missions \u00e9ducatives men\u00e9es au coll\u00e8ge. <\/p>\n\n\n\n<p>Le service d&rsquo;intendance g\u00e8re entre autre la demi-pension ( paiement et service), le versement des bourse aux familles, le versement du fond social.  <\/p>\n\n\n\n<h2 class=\"wp-block-heading\">FAISONS LE CHOIX DES BONS COMPORTEMENTS<\/h2>\n\n\n\n<p>Les \u00e9l\u00e8ves des trois 6\u00e8me de l&rsquo;an dernier ont contribu\u00e9 \u00e0 la r\u00e9alisation d&rsquo;une vid\u00e9o qui nous concerne tous, \u00e0 l&rsquo;initiative de leur professeure d&rsquo;anglais.<\/p>\n\n\n\n<p>Au coll\u00e8ge Julia Nicolas, faisons le choix des bons comportements, affirmons nous calmement et soyons solidaires. Ensemble visons loin!.<\/p>\n\n\n\n<figure class=\"wp-block-video\"><video height=\"480\" style=\"aspect-ratio: 852 \/ 480;\" width=\"852\" controls src=\"https:\/\/site.ac-martinique.fr\/clg-julianicolas\/wp-content\/uploads\/sites\/119\/2024\/11\/positive-behavior-zip_fGtcqDGm.mp4\"><\/video><\/figure>\n\n\n\n<h2 class=\"wp-block-heading\">La DEMI-PENSION <\/h2>\n\n\n\n<div data-wp-interactive=\"core\/file\" class=\"wp-block-file\"><object data-wp-bind--hidden=\"!state.hasPdfPreview\" hidden class=\"wp-block-file__embed\" data=\"https:\/\/site.ac-martinique.fr\/clg-julianicolas\/wp-content\/uploads\/sites\/119\/2023\/09\/2023-Planning-paiement-et-tarif-DP-V3-de.pdf\" type=\"application\/pdf\" style=\"width:100%;height:600px\" aria-label=\"Contenu embarqu\u00e9 2023-Planning-paiement-et-tarif-DP-V3-de.\"><\/object><a id=\"wp-block-file--media-e3c3f23c-c458-483a-b83f-e35a985de650\" href=\"https:\/\/site.ac-martinique.fr\/clg-julianicolas\/wp-content\/uploads\/sites\/119\/2023\/09\/2023-Planning-paiement-et-tarif-DP-V3-de.pdf\">2023-Planning-paiement-et-tarif-DP-V3-de<\/a><a href=\"https:\/\/site.ac-martinique.fr\/clg-julianicolas\/wp-content\/uploads\/sites\/119\/2023\/09\/2023-Planning-paiement-et-tarif-DP-V3-de.pdf\" class=\"wp-block-file__button wp-element-button\" download aria-describedby=\"wp-block-file--media-e3c3f23c-c458-483a-b83f-e35a985de650\">T\u00e9l\u00e9charger<\/a><\/div>\n\n\n\n<p class=\"has-black-color has-vivid-red-background-color has-text-color has-background\"><strong>LE<\/strong> <strong><em>PAIEMENT DE LA DEMI-PENSION  EST OUVERT SUR PLACE OU PAR TELEPHONE&nbsp;<\/em><\/strong><\/p>\n\n\n\n<p class=\"has-black-color has-vivid-red-background-color has-text-color has-background\"><strong>Horaires&nbsp;: 8H30 \u00e0 11H- Aux dates indiqu\u00e9es ci-dessus<\/strong><\/p>\n\n\n\n<p class=\"has-black-color has-vivid-red-background-color has-text-color has-background\"><strong>Paiement&nbsp;: Carte (sur place ou par t\u00e9l\u00e9phone), Ch\u00e8que, Esp\u00e8ce;<\/strong><\/p>\n\n\n\n<figure class=\"wp-block-image size-full\"><img loading=\"lazy\" decoding=\"async\" width=\"325\" height=\"95\" src=\"https:\/\/site.ac-martinique.fr\/clg-julianicolas\/wp-content\/uploads\/sites\/119\/2022\/02\/turbo-self.png\" alt=\"\" class=\"wp-image-41\" srcset=\"https:\/\/site.ac-martinique.fr\/clg-julianicolas\/wp-content\/uploads\/sites\/119\/2022\/02\/turbo-self.png 325w, https:\/\/site.ac-martinique.fr\/clg-julianicolas\/wp-content\/uploads\/sites\/119\/2022\/02\/turbo-self-300x88.png 300w\" sizes=\"auto, (max-width: 325px) 100vw, 325px\" \/><\/figure>\n\n\n\n<h2 class=\"wp-block-heading has-medium-font-size\" id=\"paiement-en-ligne-cliquez-sur-le-lien-suivant\"><strong><em>Paiement en ligne cliquez sur le lien suivant <\/em><\/strong>:<\/h2>\n\n\n\n<div class=\"wp-block-buttons is-layout-flex wp-block-buttons-is-layout-flex\">\n<div class=\"wp-block-button\"><a class=\"wp-block-button__link wp-element-button\" href=\"https:\/\/espacenumerique.turbo-self.com\/connexion.aspx?id=0\" target=\"_blank\" rel=\"noreferrer noopener\">https:\/\/espacenumerique.turbo-self.com\/connexion.aspx?id=0<\/a><\/div>\n<\/div>\n","protected":false},"excerpt":{"rendered":"<p>La mission g\u00e9n\u00e9rale du service d&rsquo;intendance est d\u2019assurer, sous l\u2019autorit\u00e9 du chef d\u2019\u00e9tablissement, &nbsp;le bon fonctionnement mat\u00e9riel de l&rsquo;\u00e9tablissement et sa s\u00e9curit\u00e9 dans le cadre de la politique et des missions \u00e9ducatives men\u00e9es au coll\u00e8ge. Le service d&rsquo;intendance g\u00e8re entre &hellip; <a href=\"https:\/\/site.ac-martinique.fr\/clg-julianicolas\/?page_id=17\">Continuer la lecture <span class=\"meta-nav\">&rarr;<\/span><\/a><\/p>\n","protected":false},"author":339,"featured_media":0,"parent":0,"menu_order":0,"comment_status":"closed","ping_status":"closed","template":"","meta":{"footnotes":""},"class_list":["post-17","page","type-page","status-publish","hentry"],"_links":{"self":[{"href":"https:\/\/site.ac-martinique.fr\/clg-julianicolas\/index.php?rest_route=\/wp\/v2\/pages\/17","targetHints":{"allow":["GET"]}}],"collection":[{"href":"https:\/\/site.ac-martinique.fr\/clg-julianicolas\/index.php?rest_route=\/wp\/v2\/pages"}],"about":[{"href":"https:\/\/site.ac-martinique.fr\/clg-julianicolas\/index.php?rest_route=\/wp\/v2\/types\/page"}],"author":[{"embeddable":true,"href":"https:\/\/site.ac-martinique.fr\/clg-julianicolas\/index.php?rest_route=\/wp\/v2\/users\/339"}],"replies":[{"embeddable":true,"href":"https:\/\/site.ac-martinique.fr\/clg-julianicolas\/index.php?rest_route=%2Fwp%2Fv2%2Fcomments&post=17"}],"version-history":[{"count":31,"href":"https:\/\/site.ac-martinique.fr\/clg-julianicolas\/index.php?rest_route=\/wp\/v2\/pages\/17\/revisions"}],"predecessor-version":[{"id":1975,"href":"https:\/\/site.ac-martinique.fr\/clg-julianicolas\/index.php?rest_route=\/wp\/v2\/pages\/17\/revisions\/1975"}],"wp:attachment":[{"href":"https:\/\/site.ac-martinique.fr\/clg-julianicolas\/index.php?rest_route=%2Fwp%2Fv2%2Fmedia&parent=17"}],"curies":[{"name":"wp","href":"https:\/\/api.w.org\/{rel}","templated":true}]}}