{"id":2087,"date":"2025-01-31T15:51:08","date_gmt":"2025-01-31T19:51:08","guid":{"rendered":"https:\/\/site.ac-martinique.fr\/clg-julianicolas\/?page_id=2087"},"modified":"2025-03-26T11:43:46","modified_gmt":"2025-03-26T15:43:46","slug":"anglais","status":"publish","type":"page","link":"https:\/\/site.ac-martinique.fr\/clg-julianicolas\/?page_id=2087","title":{"rendered":"ANGLAIS"},"content":{"rendered":"\n<figure class=\"wp-block-image size-large\"><img loading=\"lazy\" decoding=\"async\" width=\"1024\" height=\"398\" src=\"https:\/\/site.ac-martinique.fr\/clg-julianicolas\/wp-content\/uploads\/sites\/119\/2025\/01\/image-1024x398.png\" alt=\"\" class=\"wp-image-2088\" srcset=\"https:\/\/site.ac-martinique.fr\/clg-julianicolas\/wp-content\/uploads\/sites\/119\/2025\/01\/image-1024x398.png 1024w, https:\/\/site.ac-martinique.fr\/clg-julianicolas\/wp-content\/uploads\/sites\/119\/2025\/01\/image-300x117.png 300w, https:\/\/site.ac-martinique.fr\/clg-julianicolas\/wp-content\/uploads\/sites\/119\/2025\/01\/image-768x299.png 768w, https:\/\/site.ac-martinique.fr\/clg-julianicolas\/wp-content\/uploads\/sites\/119\/2025\/01\/image-500x194.png 500w, https:\/\/site.ac-martinique.fr\/clg-julianicolas\/wp-content\/uploads\/sites\/119\/2025\/01\/image.png 1072w\" sizes=\"auto, (max-width: 1024px) 100vw, 1024px\" \/><\/figure>\n\n\n\n<p class=\"has-text-align-center\"><strong>\u00ab&nbsp;L&rsquo;\u00e9ducation est l&rsquo;arme la plus puissante<\/strong><\/p>\n\n\n\n<p class=\"has-text-align-center\"><strong>que l&rsquo;on puisse utiliser pour changer le monde.&nbsp;\u00bb<\/strong><\/p>\n\n\n\n<p class=\"has-text-align-center\">Nelson Mandela, South Africa, 1990.<\/p>\n\n\n\n<div class=\"wp-block-group is-vertical is-layout-flex wp-container-core-group-is-layout-8cf370e7 wp-block-group-is-layout-flex\">\n<details class=\"wp-block-details is-layout-flow wp-block-details-is-layout-flow\"><summary>Le cours d&rsquo;anglais (cliquer sur la fl\u00e8che)<\/summary>\n<p>Le cours d&rsquo;anglais est une invitation au voyage, d&rsquo;un continent \u00e0 l&rsquo;autre, d&rsquo;un pays anglophone \u00e0 l&rsquo;autre. Nous partons \u00e0 la d\u00e9couverte des gens et des paysages nouveaux. Nous \u00e9largissons nos horizons musicaux et artistiques. L&rsquo;anglais est une ouverture sur le monde, un monde o\u00f9 tout est en mouvement et rien n&rsquo;est fig\u00e9, un monde inspirant qui suscite en nous la curiosit\u00e9 et pourquoi pas la cr\u00e9ativit\u00e9.<\/p>\n\n\n\n<p class=\"has-text-align-center\"><strong>\u00ab<em>&nbsp;l&rsquo;Inattendu&#8230;<\/em> un monde o\u00f9 fusionnent <em>des pens\u00e9es m\u00e9tisses, des pens\u00e9es ouvertes, des pens\u00e9es cr\u00e9oles.<\/em> <em>Nous vivons dans un bouleversement perp\u00e9tuel o\u00f9 les civilisations s\u2019entrecroisent&#8230;&nbsp;\u00bb <\/em>Edouard GLISSANT, romancier, po\u00e8te et philosophe martiniquais.<\/strong><\/p>\n<\/details>\n<\/div>\n\n\n\n<details class=\"wp-block-details is-layout-flow wp-block-details-is-layout-flow\"><summary>L&rsquo;apprentissage de l&rsquo;anglais (cliquer sur la fl\u00e8che)<\/summary>\n<p>L&rsquo;apprentissage de l&rsquo;anglais \u00e0 l&rsquo;\u00e9cole nous ouvre donc le champ des possibles pour l&rsquo;avenir.<\/p>\n\n\n\n<p>Le coll\u00e9gien d&rsquo;aujourd&rsquo;hui sera tr\u00e8s probablement demain int\u00e9ress\u00e9 professionnellement par un de ces secteurs d&rsquo;activit\u00e9&nbsp;: journaliste, guide\/accompagnateur de s\u00e9jour, agent de voyage, h\u00f4tesse de l&rsquo;air\/steward, pilote de ligne, m\u00e9tiers du tourisme (h\u00f4tels, restaurants, bateaux de croisi\u00e8re, mus\u00e9es, \u00e9v\u00e9nements culturels&#8230;), manager d&rsquo;une entreprise ouverte \u00e0 l&rsquo;international, ing\u00e9nieur, scientifique, m\u00e9decin dans une ONG etc&#8230; Dans tous ces secteurs, la ma\u00eetrise de l&rsquo;anglais s&rsquo;av\u00e8re \u00eatre un atout majeur voire essentiel.<\/p>\n\n\n\n<p>De mani\u00e8re g\u00e9n\u00e9rale, concernant le march\u00e9 de l&#8217;emploi, un bon niveau en anglais \u00e0 la sortie du lyc\u00e9e (B2 du CECRL) fera toujours la diff\u00e9rence sur le CV et face \u00e0 un recruteur.<\/p>\n\n\n\n<p>Cet <strong>objectif ne pourra clairement \u00eatre atteint qu&rsquo;en travaillant s\u00e9rieusement d\u00e8s la 6\u00e8me.<\/strong><\/p>\n\n\n\n<p>Enfin, l&rsquo;anglais en tant qu&rsquo;\u00e9preuve au DNB et au Baccalaur\u00e9at (g\u00e9n\u00e9ral ou professionnel) ne peut pas \u00eatre n\u00e9glig\u00e9e pour l&rsquo;obtention des dipl\u00f4mes.<\/p>\n\n\n\n<p><br><strong><em>\u00ab&nbsp;Agis dans ton lieu, pense avec le monde&nbsp;\u00bb,<\/em> Edouard GLISSANT<\/strong><\/p>\n<\/details>\n\n\n\n<p class=\"has-text-align-center\"><strong>Let&rsquo;s start&nbsp;!<\/strong><\/p>\n\n\n\n<p class=\"has-text-align-center\"><strong>We&rsquo;ll do it together&nbsp;!<\/strong><\/p>\n\n\n\n<figure class=\"wp-block-gallery has-nested-images columns-default is-cropped wp-block-gallery-1 is-layout-flex wp-block-gallery-is-layout-flex\">\n<figure class=\"wp-block-image size-large\"><img loading=\"lazy\" decoding=\"async\" width=\"275\" height=\"183\" data-id=\"2090\" src=\"https:\/\/site.ac-martinique.fr\/clg-julianicolas\/wp-content\/uploads\/sites\/119\/2025\/01\/image-1.png\" alt=\"\" class=\"wp-image-2090\"\/><\/figure>\n\n\n\n<figure class=\"wp-block-image size-large\"><img loading=\"lazy\" decoding=\"async\" width=\"1024\" height=\"693\" data-id=\"2091\" src=\"https:\/\/site.ac-martinique.fr\/clg-julianicolas\/wp-content\/uploads\/sites\/119\/2025\/01\/image-2-1024x693.png\" alt=\"\" class=\"wp-image-2091\" srcset=\"https:\/\/site.ac-martinique.fr\/clg-julianicolas\/wp-content\/uploads\/sites\/119\/2025\/01\/image-2-1024x693.png 1024w, https:\/\/site.ac-martinique.fr\/clg-julianicolas\/wp-content\/uploads\/sites\/119\/2025\/01\/image-2-300x203.png 300w, https:\/\/site.ac-martinique.fr\/clg-julianicolas\/wp-content\/uploads\/sites\/119\/2025\/01\/image-2-768x520.png 768w, https:\/\/site.ac-martinique.fr\/clg-julianicolas\/wp-content\/uploads\/sites\/119\/2025\/01\/image-2-1536x1039.png 1536w, https:\/\/site.ac-martinique.fr\/clg-julianicolas\/wp-content\/uploads\/sites\/119\/2025\/01\/image-2-443x300.png 443w, https:\/\/site.ac-martinique.fr\/clg-julianicolas\/wp-content\/uploads\/sites\/119\/2025\/01\/image-2.png 1663w\" sizes=\"auto, (max-width: 1024px) 100vw, 1024px\" \/><\/figure>\n<\/figure>\n\n\n\n<figure class=\"wp-block-image size-full\"><img loading=\"lazy\" decoding=\"async\" width=\"692\" height=\"617\" src=\"https:\/\/site.ac-martinique.fr\/clg-julianicolas\/wp-content\/uploads\/sites\/119\/2025\/01\/image-3.png\" alt=\"\" class=\"wp-image-2092\" srcset=\"https:\/\/site.ac-martinique.fr\/clg-julianicolas\/wp-content\/uploads\/sites\/119\/2025\/01\/image-3.png 692w, https:\/\/site.ac-martinique.fr\/clg-julianicolas\/wp-content\/uploads\/sites\/119\/2025\/01\/image-3-300x267.png 300w, https:\/\/site.ac-martinique.fr\/clg-julianicolas\/wp-content\/uploads\/sites\/119\/2025\/01\/image-3-336x300.png 336w\" sizes=\"auto, (max-width: 692px) 100vw, 692px\" \/><\/figure>\n\n\n\n<details class=\"wp-block-details is-layout-flow wp-block-details-is-layout-flow\"><summary>Sites et liens <\/summary>\n<p>Voici l<strong>es sites et liens utiles pour progresser \u00e0 son rythme<\/strong> en anglais en dehors du cours.<\/p>\n\n\n\n<p>Pour <strong>progresser en compr\u00e9hension orale<\/strong> et que <strong>l&rsquo;oreille se forme au m\u00e9canisme de la langue,<\/strong> il faut <strong>\u00e9couter ce que vous entendez et lire en m\u00eame temps<\/strong> ce qui est dit dans l&rsquo;audio, c&rsquo;est \u00e0 dire le script de l&rsquo;audio (sous-titre anglais). Pour progresser en expression orale, vous faites une pause entre chaque phrase d&rsquo;un audio et vous la r\u00e9p\u00e9tez jusqu&rsquo;\u00e0 se rapprocher de l&rsquo;original.<\/p>\n\n\n\n<ul class=\"wp-block-list\">\n<li><a href=\"https:\/\/www.wordreference.com\/fr\/\">Dictionnaire en ligne avec le son des mots<\/a><\/li>\n\n\n\n<li>Applications gratuities :<\/li>\n<\/ul>\n\n\n\n<p>&#8211; Google traduction pour traduire et \u00e9couter des phrases simples du quotidien.<\/p>\n\n\n\n<p>&#8211; <a href=\"https:\/\/play.google.com\/store\/apps\/details?id=com.kimco.learn.english.listening&amp;hl=en_US&amp;pli=1\">Listen English Practice (level Beginner, level A) pour la compr\u00e9hension orale<\/a><\/p>\n\n\n\n<ul class=\"wp-block-list\">\n<li>Sites et cha\u00eene youtube<\/li>\n<\/ul>\n\n\n\n<p>&#8211; <a href=\"https:\/\/www.gamestolearnenglish.com\/\">jeux interactifs<\/a><\/p>\n\n\n\n<p>&#8211; <a href=\"https:\/\/www.youtube.com\/@ELTSongs\">apprendre le vocabulaire en chanson \u2013 Planet Pop<\/a><\/p>\n\n\n\n<p>&#8211;<a href=\"https:\/\/www.bbc.co.uk\/learningenglish\/\">BBC learning English<\/a><\/p>\n\n\n\n<p>&#8211;<a href=\"https:\/\/www.youtube.com\/@missgmd9491\">la grammaire expliqu\u00e9e 1<\/a><\/p>\n\n\n\n<p>&#8211;<a href=\"https:\/\/www.youtube.com\/@MyEnglishTeacher-mv2dt\">la grammaire expliqu\u00e9e 2<\/a><\/p>\n\n\n\n<p>&#8211;<a href=\"https:\/\/www.youtube.com\/@englishtogether001\">la comprehension orale<\/a><\/p>\n<\/details>\n\n\n\n<h2 class=\"wp-block-heading has-text-align-center\">Les comportements positifs<\/h2>\n\n\n\n<p>Voici une vid\u00e9o r\u00e9alis\u00e9e par les \u00e9l\u00e8ves de 6\u00e8me mettant en avant les comportements positifs \u00e0 adopter au coll\u00e8ge : A Julia Nicolas, faisons le choix des bons comportements. Ensemble, visons loin !<\/p>\n\n\n\n<figure class=\"wp-block-video\"><video height=\"1080\" style=\"aspect-ratio: 1918 \/ 1080;\" width=\"1918\" controls src=\"https:\/\/site.ac-martinique.fr\/clg-julianicolas\/wp-content\/uploads\/sites\/119\/2025\/01\/positive-behavior-zip-1.mp4\"><\/video><\/figure>\n\n\n\n<h2 class=\"wp-block-heading has-text-align-center\">Conseils utiles \u2013 Manger \u00e9quilibr\u00e9<\/h2>\n\n\n<div class=\"wp-block-image\">\n<figure class=\"aligncenter size-full\"><img loading=\"lazy\" decoding=\"async\" width=\"259\" height=\"155\" src=\"https:\/\/site.ac-martinique.fr\/clg-julianicolas\/wp-content\/uploads\/sites\/119\/2025\/01\/image-4.png\" alt=\"\" class=\"wp-image-2094\"\/><\/figure>\n<\/div>\n\n\n<p><a href=\"https:\/\/www.youtube.com\/watch?v=C7NdShlrRAQ\">manger \u00e9quilibr\u00e9 \u00e7a veut dire quoi ?<\/a><\/p>\n\n\n\n<p><a href=\"https:\/\/www.mangerbouger.fr\">https:\/\/www.mangerbouger.fr<\/a><\/p>\n\n\n\n<p><\/p>\n","protected":false},"excerpt":{"rendered":"<p>\u00ab&nbsp;L&rsquo;\u00e9ducation est l&rsquo;arme la plus puissante que l&rsquo;on puisse utiliser pour changer le monde.&nbsp;\u00bb Nelson Mandela, South Africa, 1990. Let&rsquo;s start&nbsp;! We&rsquo;ll do it together&nbsp;! Les comportements positifs Voici une vid\u00e9o r\u00e9alis\u00e9e par les \u00e9l\u00e8ves de 6\u00e8me mettant en avant &hellip; <a href=\"https:\/\/site.ac-martinique.fr\/clg-julianicolas\/?page_id=2087\">Continuer la lecture <span class=\"meta-nav\">&rarr;<\/span><\/a><\/p>\n","protected":false},"author":427,"featured_media":0,"parent":0,"menu_order":0,"comment_status":"closed","ping_status":"closed","template":"","meta":{"footnotes":""},"class_list":["post-2087","page","type-page","status-publish","hentry"],"_links":{"self":[{"href":"https:\/\/site.ac-martinique.fr\/clg-julianicolas\/index.php?rest_route=\/wp\/v2\/pages\/2087","targetHints":{"allow":["GET"]}}],"collection":[{"href":"https:\/\/site.ac-martinique.fr\/clg-julianicolas\/index.php?rest_route=\/wp\/v2\/pages"}],"about":[{"href":"https:\/\/site.ac-martinique.fr\/clg-julianicolas\/index.php?rest_route=\/wp\/v2\/types\/page"}],"author":[{"embeddable":true,"href":"https:\/\/site.ac-martinique.fr\/clg-julianicolas\/index.php?rest_route=\/wp\/v2\/users\/427"}],"replies":[{"embeddable":true,"href":"https:\/\/site.ac-martinique.fr\/clg-julianicolas\/index.php?rest_route=%2Fwp%2Fv2%2Fcomments&post=2087"}],"version-history":[{"count":5,"href":"https:\/\/site.ac-martinique.fr\/clg-julianicolas\/index.php?rest_route=\/wp\/v2\/pages\/2087\/revisions"}],"predecessor-version":[{"id":2217,"href":"https:\/\/site.ac-martinique.fr\/clg-julianicolas\/index.php?rest_route=\/wp\/v2\/pages\/2087\/revisions\/2217"}],"wp:attachment":[{"href":"https:\/\/site.ac-martinique.fr\/clg-julianicolas\/index.php?rest_route=%2Fwp%2Fv2%2Fmedia&parent=2087"}],"curies":[{"name":"wp","href":"https:\/\/api.w.org\/{rel}","templated":true}]}}