{"id":240,"date":"2022-04-06T08:09:57","date_gmt":"2022-04-06T12:09:57","guid":{"rendered":"https:\/\/site.ac-martinique.fr\/clg-julianicolas\/?page_id=240"},"modified":"2025-08-30T10:12:22","modified_gmt":"2025-08-30T14:12:22","slug":"pronote","status":"publish","type":"page","link":"https:\/\/site.ac-martinique.fr\/clg-julianicolas\/?page_id=240","title":{"rendered":"Outils en Ligne"},"content":{"rendered":"\n<p>Des <strong>outils en ligne<\/strong> sont \u00e0 la disposition des familles afin de suivre la scolarit\u00e9 des enfants.<br>Il convient de se connecter r\u00e9guli\u00e8rement afin d&rsquo;\u00eatre bien inform\u00e9 .<\/p>\n\n\n\n<hr class=\"wp-block-separator has-text-color has-blue-color has-alpha-channel-opacity has-blue-background-color has-background is-style-wide\"\/>\n\n\n\n<h2 class=\"wp-block-heading\">Pr\u00e9ambule :<\/h2>\n\n\n\n<h5 class=\"wp-block-heading\"><em>Pour\u00a0<strong>Se Connecter\u00a0\u00e0 l\u2019ENT\u00a0puis\u00a0Pronote<\/strong>, il faut utiliser les identifiants de son compte\u00a0<strong>EDUCONNECT<\/strong>.<\/em><\/h5>\n\n\n\n<ul class=\"wp-block-list\">\n<li><em>Pour les \u00e9l\u00e8ves n\u2019ayant pas de compte\u00a0<strong>EDUCONNECT<\/strong>, leurs identifiant et mot de passe leur seront distribu\u00e9s \u00e0 leur arriv\u00e9e au coll\u00e8ge.<\/em><\/li>\n\n\n\n<li><em><strong>Les parents d\u2019\u00e9l\u00e8ves,\u00a0<\/strong>quant \u00e0 eux<strong>, doivent<\/strong>\u00a0se cr\u00e9er chacun leur compte.<\/em><\/li>\n<\/ul>\n\n\n\n<figure class=\"wp-block-image size-large\"><img loading=\"lazy\" decoding=\"async\" width=\"1024\" height=\"490\" src=\"https:\/\/site.ac-martinique.fr\/clg-julianicolas\/wp-content\/uploads\/sites\/119\/2025\/08\/image-3-1024x490.png\" alt=\"\" class=\"wp-image-2427\" srcset=\"https:\/\/site.ac-martinique.fr\/clg-julianicolas\/wp-content\/uploads\/sites\/119\/2025\/08\/image-3-1024x490.png 1024w, https:\/\/site.ac-martinique.fr\/clg-julianicolas\/wp-content\/uploads\/sites\/119\/2025\/08\/image-3-300x144.png 300w, https:\/\/site.ac-martinique.fr\/clg-julianicolas\/wp-content\/uploads\/sites\/119\/2025\/08\/image-3-768x368.png 768w, https:\/\/site.ac-martinique.fr\/clg-julianicolas\/wp-content\/uploads\/sites\/119\/2025\/08\/image-3-500x239.png 500w, https:\/\/site.ac-martinique.fr\/clg-julianicolas\/wp-content\/uploads\/sites\/119\/2025\/08\/image-3.png 1426w\" sizes=\"auto, (max-width: 1024px) 100vw, 1024px\" \/><\/figure>\n\n\n\n<h2 class=\"wp-block-heading\"><strong>Proc\u00e9dure \u00e0 suivre pour cr\u00e9er un compte EDUCONNECT parent :<\/strong><\/h2>\n\n\n\n<p>Cliquer sur l&rsquo;image ci-dessous pour acc\u00e8der au site Educonnect.<\/p>\n\n\n\n<div class=\"wp-block-media-text alignwide is-stacked-on-mobile\" style=\"grid-template-columns:41% auto\"><figure class=\"wp-block-media-text__media\"><a href=\"https:\/\/educonnect.education.gouv.fr\/\" target=\"_blank\" rel=\"noreferrer noopener\"><img loading=\"lazy\" decoding=\"async\" width=\"512\" height=\"268\" src=\"https:\/\/site.ac-martinique.fr\/clg-julianicolas\/wp-content\/uploads\/sites\/119\/2022\/09\/bandeau-7-432d8.jpg\" alt=\"Logo Educonnect\" class=\"wp-image-292 size-full\" srcset=\"https:\/\/site.ac-martinique.fr\/clg-julianicolas\/wp-content\/uploads\/sites\/119\/2022\/09\/bandeau-7-432d8.jpg 512w, https:\/\/site.ac-martinique.fr\/clg-julianicolas\/wp-content\/uploads\/sites\/119\/2022\/09\/bandeau-7-432d8-300x157.jpg 300w\" sizes=\"auto, (max-width: 512px) 100vw, 512px\" \/><\/a><\/figure><div class=\"wp-block-media-text__content\">\n<p><strong>EDUCONNECT<\/strong>, c&rsquo;est <strong>un compte<\/strong> \u00e0 m\u00e9moriser pour un acc\u00e8s \u00e0 <strong>tous les services en ligne<\/strong>.<br><br>Identifiants disponibles au coll\u00e8ge<\/p>\n<\/div><\/div>\n\n\n\n<div class=\"wp-block-media-text alignwide has-media-on-the-right is-stacked-on-mobile\" style=\"grid-template-columns:auto 41%\"><div class=\"wp-block-media-text__content\">\n<p>Tutoriel d&rsquo;aide \u00e0 la 1\u00e8re connexion : <\/p>\n<\/div><figure class=\"wp-block-media-text__media\"><video controls src=\"https:\/\/site.ac-martinique.fr\/clg-julianicolas\/wp-content\/uploads\/sites\/119\/2022\/10\/Tuto-Educonnect-01.mp4\"><\/video><\/figure><\/div>\n\n\n\n<h2 class=\"wp-block-heading\">P<strong>roc\u00e9dure \u00e0 suivre pour r\u00e9initialiser un mot de passe d&rsquo;un compte EDUCONNECT parent<\/strong><\/h2>\n\n\n\n<p>Aller sur la page&nbsp;&nbsp;<strong><a href=\"https:\/\/educonnect.education.gouv.fr\/\">https:\/\/educonnect.education.gouv.fr<\/a><\/strong><\/p>\n\n\n\n<p>Choisir selon le cas, le lien \u00ab\u00a0<strong>Identifiant oubli\u00e9 ?<\/strong>\u00a0\u00bb ou \u00ab\u00a0<strong>Mot de passe oubli\u00e9 ?\u00a0\u00bb<\/strong>.<\/p>\n\n\n\n<figure class=\"wp-block-image size-full\"><img loading=\"lazy\" decoding=\"async\" width=\"735\" height=\"438\" src=\"https:\/\/site.ac-martinique.fr\/clg-julianicolas\/wp-content\/uploads\/sites\/119\/2025\/08\/image.png\" alt=\"\" class=\"wp-image-2423\" srcset=\"https:\/\/site.ac-martinique.fr\/clg-julianicolas\/wp-content\/uploads\/sites\/119\/2025\/08\/image.png 735w, https:\/\/site.ac-martinique.fr\/clg-julianicolas\/wp-content\/uploads\/sites\/119\/2025\/08\/image-300x179.png 300w, https:\/\/site.ac-martinique.fr\/clg-julianicolas\/wp-content\/uploads\/sites\/119\/2025\/08\/image-500x298.png 500w\" sizes=\"auto, (max-width: 735px) 100vw, 735px\" \/><\/figure>\n\n\n\n<hr class=\"wp-block-separator has-text-color has-blue-color has-alpha-channel-opacity has-blue-background-color has-background is-style-wide\"\/>\n\n\n\n<p><strong>Attention\u00a0<\/strong>: la proc\u00e9dure ci-dessous ne fonctionne que si votre n\u00b0 de portable n&rsquo;a pas chang\u00e9 depuis l&rsquo;inscription administrative au coll\u00e8ge.<br><strong>Sinon contacter le secr\u00e9tariat\u00a0<\/strong>\u00e0 cette adresse (<a href=\"mailto:Coll%C3%A8ge%20Arc%20en%20Ciers%20%28ce.0380004y@ac-grenoble.fr%29\"><em>ce.9720052z@ac-martinique.fr<\/em><\/a>) en pr\u00e9cisant vos nom, pr\u00e9nom, ceux de votre enfant et sa classe ainsi que le nouveau num\u00e9ro de t\u00e9l\u00e9phone. Vous pourrez alors suivre la proc\u00e9dure d\u00e9crite ci-dessous\u00a0<strong>24h apr\u00e8s que vos donn\u00e9es ont \u00e9t\u00e9 mises \u00e0 jour<\/strong>.<\/p>\n\n\n\n<h5 class=\"wp-block-heading\">&nbsp;<strong>Parent &#8211; 1 : Identifiant oubli\u00e9<\/strong><\/h5>\n\n\n\n<p>Cliquer sur \u00ab\u00a0Par SMS\u00a0\u00bb : le rappel de votre identifiant sera envoy\u00e9<strong>&nbsp;<\/strong>au n\u00b0 de t\u00e9l\u00e9phone transmis \u00e0 l&rsquo;\u00e9tablissement au moment de l&rsquo;inscription.<\/p>\n\n\n\n<figure class=\"wp-block-image size-full\"><img loading=\"lazy\" decoding=\"async\" width=\"878\" height=\"175\" src=\"https:\/\/site.ac-martinique.fr\/clg-julianicolas\/wp-content\/uploads\/sites\/119\/2025\/08\/image-1.png\" alt=\"\" class=\"wp-image-2424\" srcset=\"https:\/\/site.ac-martinique.fr\/clg-julianicolas\/wp-content\/uploads\/sites\/119\/2025\/08\/image-1.png 878w, https:\/\/site.ac-martinique.fr\/clg-julianicolas\/wp-content\/uploads\/sites\/119\/2025\/08\/image-1-300x60.png 300w, https:\/\/site.ac-martinique.fr\/clg-julianicolas\/wp-content\/uploads\/sites\/119\/2025\/08\/image-1-768x153.png 768w, https:\/\/site.ac-martinique.fr\/clg-julianicolas\/wp-content\/uploads\/sites\/119\/2025\/08\/image-1-500x100.png 500w\" sizes=\"auto, (max-width: 878px) 100vw, 878px\" \/><\/figure>\n\n\n\n<p><strong>Parent &#8211; 2 :&nbsp; Mot de passe oubli\u00e9 \/ Changement de mot de passe<\/strong><\/p>\n\n\n\n<p>Donner votre identifiant&nbsp;<strong>EDUCCONECT<\/strong>&nbsp;puis cliquer sur \u00ab\u00a0Par SMS\u00a0\u00bb : un nouveau mot de passe sera envoy\u00e9<strong>&nbsp;<\/strong>au n\u00b0 de t\u00e9l\u00e9phone transmis \u00e0 l&rsquo;\u00e9tablissement au moment de l&rsquo;inscription.<\/p>\n\n\n\n<figure class=\"wp-block-image size-full\"><img loading=\"lazy\" decoding=\"async\" width=\"891\" height=\"326\" src=\"https:\/\/site.ac-martinique.fr\/clg-julianicolas\/wp-content\/uploads\/sites\/119\/2025\/08\/image-2.png\" alt=\"\" class=\"wp-image-2425\" srcset=\"https:\/\/site.ac-martinique.fr\/clg-julianicolas\/wp-content\/uploads\/sites\/119\/2025\/08\/image-2.png 891w, https:\/\/site.ac-martinique.fr\/clg-julianicolas\/wp-content\/uploads\/sites\/119\/2025\/08\/image-2-300x110.png 300w, https:\/\/site.ac-martinique.fr\/clg-julianicolas\/wp-content\/uploads\/sites\/119\/2025\/08\/image-2-768x281.png 768w, https:\/\/site.ac-martinique.fr\/clg-julianicolas\/wp-content\/uploads\/sites\/119\/2025\/08\/image-2-500x183.png 500w\" sizes=\"auto, (max-width: 891px) 100vw, 891px\" \/><\/figure>\n\n\n\n<hr class=\"wp-block-separator has-alpha-channel-opacity is-style-wide\"\/>\n\n\n\n<div class=\"wp-block-media-text alignwide is-stacked-on-mobile\" style=\"grid-template-columns:31% auto\"><figure class=\"wp-block-media-text__media\"><img loading=\"lazy\" decoding=\"async\" width=\"259\" height=\"194\" src=\"https:\/\/site.ac-martinique.fr\/clg-julianicolas\/wp-content\/uploads\/sites\/119\/2022\/03\/index.jpg\" alt=\"\" class=\"wp-image-201 size-full\"\/><\/figure><div class=\"wp-block-media-text__content\">\n<p><strong>PRONOTE<\/strong> est l&rsquo;outil privil\u00e9gi\u00e9 de communication entre l&rsquo;\u00e9tablissement, l&rsquo;\u00e9l\u00e8ve et les familles.<br><\/p>\n<\/div><\/div>\n\n\n\n<hr class=\"wp-block-separator has-text-color has-blue-color has-alpha-channel-opacity has-blue-background-color has-background is-style-wide\"\/>\n\n\n\n<div class=\"wp-block-media-text alignwide is-stacked-on-mobile\" style=\"grid-template-columns:29% auto\"><figure class=\"wp-block-media-text__media\"><a href=\"https:\/\/colibri.ac-martinique.fr\/auth\/login#\/\" target=\"_blank\" rel=\"noreferrer noopener\"><img loading=\"lazy\" decoding=\"async\" width=\"255\" height=\"73\" src=\"https:\/\/site.ac-martinique.fr\/clg-julianicolas\/wp-content\/uploads\/sites\/119\/2023\/06\/colibri.png\" alt=\"\" class=\"wp-image-884 size-full\"\/><\/a><\/figure><div class=\"wp-block-media-text__content\">\n<p><strong>ENT Colibri<\/strong>, Espace Num\u00e9rique de Travail<\/p>\n<\/div><\/div>\n\n\n\n<hr class=\"wp-block-separator has-text-color has-blue-color has-alpha-channel-opacity has-blue-background-color has-background is-style-wide\"\/>\n","protected":false},"excerpt":{"rendered":"<p>Des outils en ligne sont \u00e0 la disposition des familles afin de suivre la scolarit\u00e9 des enfants.Il convient de se connecter r\u00e9guli\u00e8rement afin d&rsquo;\u00eatre bien inform\u00e9 . Pr\u00e9ambule : Pour\u00a0Se Connecter\u00a0\u00e0 l\u2019ENT\u00a0puis\u00a0Pronote, il faut utiliser les identifiants de son compte\u00a0EDUCONNECT. &hellip; <a href=\"https:\/\/site.ac-martinique.fr\/clg-julianicolas\/?page_id=240\">Continuer la lecture <span class=\"meta-nav\">&rarr;<\/span><\/a><\/p>\n","protected":false},"author":339,"featured_media":0,"parent":0,"menu_order":0,"comment_status":"closed","ping_status":"closed","template":"","meta":{"footnotes":""},"class_list":["post-240","page","type-page","status-publish","hentry"],"_links":{"self":[{"href":"https:\/\/site.ac-martinique.fr\/clg-julianicolas\/index.php?rest_route=\/wp\/v2\/pages\/240","targetHints":{"allow":["GET"]}}],"collection":[{"href":"https:\/\/site.ac-martinique.fr\/clg-julianicolas\/index.php?rest_route=\/wp\/v2\/pages"}],"about":[{"href":"https:\/\/site.ac-martinique.fr\/clg-julianicolas\/index.php?rest_route=\/wp\/v2\/types\/page"}],"author":[{"embeddable":true,"href":"https:\/\/site.ac-martinique.fr\/clg-julianicolas\/index.php?rest_route=\/wp\/v2\/users\/339"}],"replies":[{"embeddable":true,"href":"https:\/\/site.ac-martinique.fr\/clg-julianicolas\/index.php?rest_route=%2Fwp%2Fv2%2Fcomments&post=240"}],"version-history":[{"count":16,"href":"https:\/\/site.ac-martinique.fr\/clg-julianicolas\/index.php?rest_route=\/wp\/v2\/pages\/240\/revisions"}],"predecessor-version":[{"id":2442,"href":"https:\/\/site.ac-martinique.fr\/clg-julianicolas\/index.php?rest_route=\/wp\/v2\/pages\/240\/revisions\/2442"}],"wp:attachment":[{"href":"https:\/\/site.ac-martinique.fr\/clg-julianicolas\/index.php?rest_route=%2Fwp%2Fv2%2Fmedia&parent=240"}],"curies":[{"name":"wp","href":"https:\/\/api.w.org\/{rel}","templated":true}]}}