{"id":354,"date":"2023-04-20T16:02:18","date_gmt":"2023-04-20T20:02:18","guid":{"rendered":"https:\/\/site.ac-martinique.fr\/clg-julianicolas\/?p=354"},"modified":"2023-05-09T15:26:55","modified_gmt":"2023-05-09T19:26:55","slug":"madame-julia-nicolas","status":"publish","type":"page","link":"https:\/\/site.ac-martinique.fr\/clg-julianicolas\/?page_id=354","title":{"rendered":"FRANCAIS"},"content":{"rendered":"\n<p>Mme BIANCHET, Professeure de Lettres propose ces ressources aux \u00e9l\u00e8ves. <\/p>\n\n\n\n<p>Vous trouverez des modules interactifs par niveau. Ils peuvent \u00eatre consult\u00e9s \u00e0 tout moment. Une petite r\u00e9vision ne fait jamais de mal&#8230;Bon visionnage \u00e0 tous!<\/p>\n\n\n\n<div class=\"wp-block-media-text alignwide is-stacked-on-mobile\"><figure class=\"wp-block-media-text__media\"><img loading=\"lazy\" decoding=\"async\" width=\"279\" height=\"181\" src=\"https:\/\/site.ac-martinique.fr\/clg-julianicolas\/wp-content\/uploads\/sites\/119\/2023\/04\/6eme-1.jpg\" alt=\"\" class=\"wp-image-442 size-full\"\/><\/figure><div class=\"wp-block-media-text__content\">\n<p><a href=\"https:\/\/view.genial.ly\/624e1760319706001d8c1061\">Etude de la langue &#8211; 6\u00e8me : le futur<\/a><\/p>\n<\/div><\/div>\n\n\n\n<div class=\"wp-block-media-text alignwide is-stacked-on-mobile\"><figure class=\"wp-block-media-text__media\"><img loading=\"lazy\" decoding=\"async\" width=\"308\" height=\"200\" src=\"https:\/\/site.ac-martinique.fr\/clg-julianicolas\/wp-content\/uploads\/sites\/119\/2023\/04\/5eme.png\" alt=\"\" class=\"wp-image-444 size-full\" srcset=\"https:\/\/site.ac-martinique.fr\/clg-julianicolas\/wp-content\/uploads\/sites\/119\/2023\/04\/5eme.png 308w, https:\/\/site.ac-martinique.fr\/clg-julianicolas\/wp-content\/uploads\/sites\/119\/2023\/04\/5eme-300x195.png 300w\" sizes=\"auto, (max-width: 308px) 100vw, 308px\" \/><\/figure><div class=\"wp-block-media-text__content\">\n<p><a href=\"https:\/\/view.genial.ly\/61ae2c8076a0420d6a8be5c0\">https:\/\/view.genial.ly\/61ae2c8076a0420d6a8be5c0<\/a><\/p>\n<\/div><\/div>\n\n\n\n<div class=\"wp-block-media-text alignwide is-stacked-on-mobile\"><figure class=\"wp-block-media-text__media\"><img loading=\"lazy\" decoding=\"async\" width=\"279\" height=\"181\" src=\"https:\/\/site.ac-martinique.fr\/clg-julianicolas\/wp-content\/uploads\/sites\/119\/2023\/04\/4eme-1.jpg\" alt=\"\" class=\"wp-image-448 size-full\"\/><\/figure><div class=\"wp-block-media-text__content\">\n<p><a href=\"https:\/\/view.genial.ly\/6368ed779269e000184c7676\">La rivi\u00e8re \u00e0 l&rsquo;envers &#8211; Escape Game<\/a><\/p>\n<\/div><\/div>\n\n\n\n<div class=\"wp-block-media-text alignwide is-stacked-on-mobile\"><figure class=\"wp-block-media-text__media\"><img loading=\"lazy\" decoding=\"async\" width=\"308\" height=\"200\" src=\"https:\/\/site.ac-martinique.fr\/clg-julianicolas\/wp-content\/uploads\/sites\/119\/2023\/04\/3eme.png\" alt=\"\" class=\"wp-image-446 size-full\" srcset=\"https:\/\/site.ac-martinique.fr\/clg-julianicolas\/wp-content\/uploads\/sites\/119\/2023\/04\/3eme.png 308w, https:\/\/site.ac-martinique.fr\/clg-julianicolas\/wp-content\/uploads\/sites\/119\/2023\/04\/3eme-300x195.png 300w\" sizes=\"auto, (max-width: 308px) 100vw, 308px\" \/><\/figure><div class=\"wp-block-media-text__content\">\n<p><a href=\"https:\/\/view.genial.ly\/628f66a23e2f350018f5ed80\"> Figures de style<\/a><\/p>\n\n\n\n<p><a href=\"https:\/\/view.genial.ly\/615f0469048b2f0debd19b89\">Vision po\u00e9tique du monde<\/a><\/p>\n\n\n\n<p><a href=\"https:\/\/view.genial.ly\/5eec16f5fb13f70d97dc9993\">Quelques activit\u00e9s de vacances<\/a><\/p>\n<\/div><\/div>\n","protected":false},"excerpt":{"rendered":"<p>Mme BIANCHET, Professeure de Lettres propose ces ressources aux \u00e9l\u00e8ves. Vous trouverez des modules interactifs par niveau. Ils peuvent \u00eatre consult\u00e9s \u00e0 tout moment. Une petite r\u00e9vision ne fait jamais de mal&#8230;Bon visionnage \u00e0 tous! Etude de la langue &#8211; &hellip; <a href=\"https:\/\/site.ac-martinique.fr\/clg-julianicolas\/?page_id=354\">Continuer la lecture <span class=\"meta-nav\">&rarr;<\/span><\/a><\/p>\n","protected":false},"author":339,"featured_media":0,"parent":0,"menu_order":0,"comment_status":"closed","ping_status":"closed","template":"","meta":{"footnotes":""},"class_list":["post-354","page","type-page","status-publish","hentry"],"_links":{"self":[{"href":"https:\/\/site.ac-martinique.fr\/clg-julianicolas\/index.php?rest_route=\/wp\/v2\/pages\/354","targetHints":{"allow":["GET"]}}],"collection":[{"href":"https:\/\/site.ac-martinique.fr\/clg-julianicolas\/index.php?rest_route=\/wp\/v2\/pages"}],"about":[{"href":"https:\/\/site.ac-martinique.fr\/clg-julianicolas\/index.php?rest_route=\/wp\/v2\/types\/page"}],"author":[{"embeddable":true,"href":"https:\/\/site.ac-martinique.fr\/clg-julianicolas\/index.php?rest_route=\/wp\/v2\/users\/339"}],"replies":[{"embeddable":true,"href":"https:\/\/site.ac-martinique.fr\/clg-julianicolas\/index.php?rest_route=%2Fwp%2Fv2%2Fcomments&post=354"}],"version-history":[{"count":14,"href":"https:\/\/site.ac-martinique.fr\/clg-julianicolas\/index.php?rest_route=\/wp\/v2\/pages\/354\/revisions"}],"predecessor-version":[{"id":547,"href":"https:\/\/site.ac-martinique.fr\/clg-julianicolas\/index.php?rest_route=\/wp\/v2\/pages\/354\/revisions\/547"}],"wp:attachment":[{"href":"https:\/\/site.ac-martinique.fr\/clg-julianicolas\/index.php?rest_route=%2Fwp%2Fv2%2Fmedia&parent=354"}],"curies":[{"name":"wp","href":"https:\/\/api.w.org\/{rel}","templated":true}]}}