{"id":392,"date":"2023-04-21T08:19:42","date_gmt":"2023-04-21T12:19:42","guid":{"rendered":"https:\/\/site.ac-martinique.fr\/clg-julianicolas\/?page_id=392"},"modified":"2023-09-21T14:53:23","modified_gmt":"2023-09-21T18:53:23","slug":"web-radio","status":"publish","type":"page","link":"https:\/\/site.ac-martinique.fr\/clg-julianicolas\/?page_id=392","title":{"rendered":"Web Radio"},"content":{"rendered":"\n<p>L&rsquo;\u00e9tablissement dispose d&rsquo;une web radio \u00ab\u00a0Radio JN\u00a0\u00bb anim\u00e9e par les \u00e9l\u00e8ves et supervis\u00e9e par le professeur documentaliste de l&rsquo;\u00e9tablissement. <\/p>\n\n\n\n<p>Radio JN a \u00e9t\u00e9 laur\u00e9ate au Prix acad\u00e9mique M\u00e9diatiks 2022. F\u00e9licitations \u00e0 toute l&rsquo;\u00e9quipe !<\/p>\n\n\n\n<p>Pour \u00e9couter la Web radio, cliquez sur le lien ci-dessous et retrouvez toutes les \u00e9missions et plus encore&#8230;<\/p>\n\n\n\n<p><a href=\"https:\/\/audioblog.arteradio.com\/blog\/181125\/radio-jn\" data-type=\"URL\" data-id=\"https:\/\/audioblog.arteradio.com\/blog\/181125\/radio-jn\">https:\/\/audioblog.arteradio.com\/blog\/181125\/radio-jn<\/a><\/p>\n\n\n<div class=\"wp-block-image\">\n<figure class=\"aligncenter size-full is-resized\"><img loading=\"lazy\" decoding=\"async\" src=\"https:\/\/site.ac-martinique.fr\/clg-julianicolas\/wp-content\/uploads\/sites\/119\/2023\/04\/Web-radio.jpg\" alt=\"\" class=\"wp-image-401\" style=\"width:485px;height:320px\" width=\"485\" height=\"320\"\/><\/figure>\n<\/div>\n\n\n<h2 class=\"wp-block-heading\"> La Fresque murale WEB RADIO r\u00e9alis\u00e9e par les agents<\/h2>\n\n\n\n<p>Afin de mettre en valeur l&rsquo;espace web radio, les agents de l&rsquo;\u00e9tablissement ont r\u00e9alis\u00e9 cette tr\u00e8s belle fresque murale. Merci \u00e0 eux pour le travail r\u00e9alis\u00e9. <\/p>\n\n\n\n<figure class=\"wp-block-image size-full\"><img loading=\"lazy\" decoding=\"async\" width=\"768\" height=\"1024\" src=\"https:\/\/site.ac-martinique.fr\/clg-julianicolas\/wp-content\/uploads\/sites\/119\/2023\/09\/fresque-web-radio3.jpeg\" alt=\"\" class=\"wp-image-983\" srcset=\"https:\/\/site.ac-martinique.fr\/clg-julianicolas\/wp-content\/uploads\/sites\/119\/2023\/09\/fresque-web-radio3.jpeg 768w, https:\/\/site.ac-martinique.fr\/clg-julianicolas\/wp-content\/uploads\/sites\/119\/2023\/09\/fresque-web-radio3-225x300.jpeg 225w\" sizes=\"auto, (max-width: 768px) 100vw, 768px\" \/><\/figure>\n","protected":false},"excerpt":{"rendered":"<p>L&rsquo;\u00e9tablissement dispose d&rsquo;une web radio \u00ab\u00a0Radio JN\u00a0\u00bb anim\u00e9e par les \u00e9l\u00e8ves et supervis\u00e9e par le professeur documentaliste de l&rsquo;\u00e9tablissement. Radio JN a \u00e9t\u00e9 laur\u00e9ate au Prix acad\u00e9mique M\u00e9diatiks 2022. F\u00e9licitations \u00e0 toute l&rsquo;\u00e9quipe ! Pour \u00e9couter la Web radio, cliquez &hellip; <a href=\"https:\/\/site.ac-martinique.fr\/clg-julianicolas\/?page_id=392\">Continuer la lecture <span class=\"meta-nav\">&rarr;<\/span><\/a><\/p>\n","protected":false},"author":339,"featured_media":0,"parent":0,"menu_order":0,"comment_status":"closed","ping_status":"closed","template":"","meta":{"footnotes":""},"class_list":["post-392","page","type-page","status-publish","hentry"],"_links":{"self":[{"href":"https:\/\/site.ac-martinique.fr\/clg-julianicolas\/index.php?rest_route=\/wp\/v2\/pages\/392","targetHints":{"allow":["GET"]}}],"collection":[{"href":"https:\/\/site.ac-martinique.fr\/clg-julianicolas\/index.php?rest_route=\/wp\/v2\/pages"}],"about":[{"href":"https:\/\/site.ac-martinique.fr\/clg-julianicolas\/index.php?rest_route=\/wp\/v2\/types\/page"}],"author":[{"embeddable":true,"href":"https:\/\/site.ac-martinique.fr\/clg-julianicolas\/index.php?rest_route=\/wp\/v2\/users\/339"}],"replies":[{"embeddable":true,"href":"https:\/\/site.ac-martinique.fr\/clg-julianicolas\/index.php?rest_route=%2Fwp%2Fv2%2Fcomments&post=392"}],"version-history":[{"count":7,"href":"https:\/\/site.ac-martinique.fr\/clg-julianicolas\/index.php?rest_route=\/wp\/v2\/pages\/392\/revisions"}],"predecessor-version":[{"id":984,"href":"https:\/\/site.ac-martinique.fr\/clg-julianicolas\/index.php?rest_route=\/wp\/v2\/pages\/392\/revisions\/984"}],"wp:attachment":[{"href":"https:\/\/site.ac-martinique.fr\/clg-julianicolas\/index.php?rest_route=%2Fwp%2Fv2%2Fmedia&parent=392"}],"curies":[{"name":"wp","href":"https:\/\/api.w.org\/{rel}","templated":true}]}}