{"id":56,"date":"2022-02-13T09:01:59","date_gmt":"2022-02-13T13:01:59","guid":{"rendered":"https:\/\/site.ac-martinique.fr\/clg-julianicolas\/?page_id=56"},"modified":"2023-06-29T15:28:06","modified_gmt":"2023-06-29T19:28:06","slug":"ent","status":"publish","type":"page","link":"https:\/\/site.ac-martinique.fr\/clg-julianicolas\/?page_id=56","title":{"rendered":"EDUCONNECT"},"content":{"rendered":"\n<p>Un compte unique pour les services num\u00e9riques des \u00e9coles et des \u00e9tablissements<\/p>\n\n\n\n<div class=\"wp-block-group\"><div class=\"wp-block-group__inner-container is-layout-flow wp-block-group-is-layout-flow\">\n<div class=\"wp-block-columns is-layout-flex wp-container-core-columns-is-layout-abceabcf wp-block-columns-is-layout-flex\">\n<div class=\"wp-block-column is-vertically-aligned-center is-layout-flow wp-block-column-is-layout-flow\" style=\"--col-width:100%;flex-basis:100%\">\n<div class=\"wp-block-group\"><div class=\"wp-block-group__inner-container is-layout-flow wp-block-group-is-layout-flow\">\n<div class=\"wp-block-columns is-layout-flex wp-container-core-columns-is-layout-abceabcf wp-block-columns-is-layout-flex\">\n<div class=\"wp-block-column is-layout-flow wp-block-column-is-layout-flow\" style=\"--col-width:100%;flex-basis:100%\">\n<div class=\"wp-block-group alignwide\"><div class=\"wp-block-group__inner-container is-layout-flow wp-block-group-is-layout-flow\">\n<div class=\"wp-block-columns alignwide are-vertically-aligned-bottom is-layout-flex wp-container-core-columns-is-layout-abceabcf wp-block-columns-is-layout-flex\">\n<div class=\"wp-block-column is-vertically-aligned-bottom is-layout-flow wp-block-column-is-layout-flow\" style=\"--col-width:50%;flex-basis:50%\">\n<figure class=\"wp-block-gallery has-nested-images columns-default is-cropped wp-block-gallery-1 is-layout-flex wp-block-gallery-is-layout-flex\">\n<figure class=\"wp-block-image size-full\"><a href=\"https:\/\/educonnect.education.gouv.fr\/idp\/profile\/SAML2\/Redirect\/SSO?execution=e2s1\" target=\"_blank\" rel=\"noreferrer noopener\"><img loading=\"lazy\" decoding=\"async\" width=\"512\" height=\"268\" data-id=\"292\" src=\"https:\/\/site.ac-martinique.fr\/clg-julianicolas\/wp-content\/uploads\/sites\/119\/2022\/09\/bandeau-7-432d8.jpg\" alt=\"\" class=\"wp-image-292\" srcset=\"https:\/\/site.ac-martinique.fr\/clg-julianicolas\/wp-content\/uploads\/sites\/119\/2022\/09\/bandeau-7-432d8.jpg 512w, https:\/\/site.ac-martinique.fr\/clg-julianicolas\/wp-content\/uploads\/sites\/119\/2022\/09\/bandeau-7-432d8-300x157.jpg 300w\" sizes=\"auto, (max-width: 512px) 100vw, 512px\" \/><\/a><\/figure>\n<\/figure>\n<\/div>\n\n\n\n<div class=\"wp-block-column is-vertically-aligned-bottom is-layout-flow wp-block-column-is-layout-flow\" style=\"--col-width:50%;flex-basis:50%\">\n<figure class=\"wp-block-video\"><video height=\"740\" style=\"aspect-ratio: 1364 \/ 740;\" width=\"1364\" controls src=\"https:\/\/site.ac-martinique.fr\/clg-julianicolas\/wp-content\/uploads\/sites\/119\/2022\/10\/Tuto-Educonnect-01.mp4\"><\/video><figcaption class=\"wp-element-caption\">tutoriel  de connexion educonnect<\/figcaption><\/figure>\n<\/div>\n<\/div>\n<\/div><\/div>\n<\/div>\n<\/div>\n<\/div><\/div>\n<\/div>\n<\/div>\n<\/div><\/div>\n\n\n\n<p>Visualiser le  tutoriel vid\u00e9o pour se connecter \u00e0 l&rsquo;ENT Colibri.<\/p>\n\n\n\n<div class=\"wp-block-media-text alignwide is-stacked-on-mobile\"><figure class=\"wp-block-media-text__media\"><video controls src=\"https:\/\/site.ac-martinique.fr\/clg-julianicolas\/wp-content\/uploads\/sites\/119\/2022\/02\/Se-connecter-pour-la-1ere-fois-a-Colibri-Parents-PeerTub.mp4\"><\/video><\/figure><div class=\"wp-block-media-text__content\">\n<p class=\"has-large-font-size\"><\/p>\n<\/div><\/div>\n\n\n\n<p><\/p>\n","protected":false},"excerpt":{"rendered":"<p>Un compte unique pour les services num\u00e9riques des \u00e9coles et des \u00e9tablissements Visualiser le tutoriel vid\u00e9o pour se connecter \u00e0 l&rsquo;ENT Colibri.<\/p>\n","protected":false},"author":339,"featured_media":0,"parent":0,"menu_order":0,"comment_status":"closed","ping_status":"closed","template":"","meta":{"footnotes":""},"class_list":["post-56","page","type-page","status-publish","hentry"],"_links":{"self":[{"href":"https:\/\/site.ac-martinique.fr\/clg-julianicolas\/index.php?rest_route=\/wp\/v2\/pages\/56","targetHints":{"allow":["GET"]}}],"collection":[{"href":"https:\/\/site.ac-martinique.fr\/clg-julianicolas\/index.php?rest_route=\/wp\/v2\/pages"}],"about":[{"href":"https:\/\/site.ac-martinique.fr\/clg-julianicolas\/index.php?rest_route=\/wp\/v2\/types\/page"}],"author":[{"embeddable":true,"href":"https:\/\/site.ac-martinique.fr\/clg-julianicolas\/index.php?rest_route=\/wp\/v2\/users\/339"}],"replies":[{"embeddable":true,"href":"https:\/\/site.ac-martinique.fr\/clg-julianicolas\/index.php?rest_route=%2Fwp%2Fv2%2Fcomments&post=56"}],"version-history":[{"count":29,"href":"https:\/\/site.ac-martinique.fr\/clg-julianicolas\/index.php?rest_route=\/wp\/v2\/pages\/56\/revisions"}],"predecessor-version":[{"id":880,"href":"https:\/\/site.ac-martinique.fr\/clg-julianicolas\/index.php?rest_route=\/wp\/v2\/pages\/56\/revisions\/880"}],"wp:attachment":[{"href":"https:\/\/site.ac-martinique.fr\/clg-julianicolas\/index.php?rest_route=%2Fwp%2Fv2%2Fmedia&parent=56"}],"curies":[{"name":"wp","href":"https:\/\/api.w.org\/{rel}","templated":true}]}}