{"id":63,"date":"2022-02-13T09:06:03","date_gmt":"2022-02-13T13:06:03","guid":{"rendered":"https:\/\/site.ac-martinique.fr\/clg-julianicolas\/?page_id=63"},"modified":"2023-09-17T17:56:06","modified_gmt":"2023-09-17T21:56:06","slug":"blog","status":"publish","type":"page","link":"https:\/\/site.ac-martinique.fr\/clg-julianicolas\/?page_id=63","title":{"rendered":"L&rsquo;EPS  au Coll\u00e8ge Julia Nicolas"},"content":{"rendered":"\n<p>(\u00c9ducation Physique et Sportive)<\/p>\n\n\n<div class=\"wp-block-image\">\n<figure class=\"aligncenter size-full is-resized\"><img loading=\"lazy\" decoding=\"async\" src=\"https:\/\/site.ac-martinique.fr\/clg-julianicolas\/wp-content\/uploads\/sites\/119\/2022\/03\/index2.jpg\" alt=\"\" class=\"wp-image-203\" style=\"width:257px;height:112px\" width=\"257\" height=\"112\" srcset=\"https:\/\/site.ac-martinique.fr\/clg-julianicolas\/wp-content\/uploads\/sites\/119\/2022\/03\/index2.jpg 340w, https:\/\/site.ac-martinique.fr\/clg-julianicolas\/wp-content\/uploads\/sites\/119\/2022\/03\/index2-300x131.jpg 300w\" sizes=\"auto, (max-width: 257px) 100vw, 257px\" \/><\/figure>\n<\/div>\n\n\n<p>Les axes du projet p\u00e9dagogique EPS sont les suivants : <\/p>\n\n\n\n<ul class=\"wp-block-list\">\n<li>Contribuer \u00e0 rendre l&rsquo;\u00e9l\u00e8ve autonome et lucide par l\u2019apprentissage de la citoyennet\u00e9 en acte;<\/li>\n\n\n\n<li>Donner acc\u00e8s \u00e0 la culture par une programmation vari\u00e9e touchant les 4 champs d&rsquo;apprentissage;<\/li>\n\n\n\n<li>D\u00e9velopper le go\u00fbt de l&rsquo;effort par une p\u00e9dagogie de la r\u00e9ussite et des bar\u00e8mes adapt\u00e9s.      <\/li>\n<\/ul>\n\n\n\n<h2 class=\"wp-block-heading\">LE BLOG EPS DU COLL\u00c8GE<\/h2>\n\n\n\n<p>Les enseignants d&rsquo;EPS tiennent un blog regroupant des informations pratiques ainsi que des photos des activit\u00e9s. <\/p>\n\n\n\n<p>Cliquez ci-dessous afin d&rsquo;\u00eatre redirig\u00e9  sur le blog :<\/p>\n\n\n\n<div class=\"wp-block-buttons is-layout-flex wp-block-buttons-is-layout-flex\">\n<div class=\"wp-block-button\"><a class=\"wp-block-button__link wp-element-button\" href=\"http:\/\/collegejulianicolas.unblog.fr\" target=\"_blank\" rel=\"noreferrer noopener\">  collegejulianicolas.unblog.fr<\/a><\/div>\n<\/div>\n\n\n\n<h2 class=\"wp-block-heading has-text-align-center\">Le KAYAK en EPS &#8211; une belle exp\u00e9rience <\/h2>\n\n\n\n<figure class=\"wp-block-gallery has-nested-images columns-default is-cropped wp-block-gallery-1 is-layout-flex wp-block-gallery-is-layout-flex\">\n<figure class=\"wp-block-image size-large\"><img loading=\"lazy\" decoding=\"async\" width=\"1024\" height=\"467\" data-id=\"468\" src=\"https:\/\/site.ac-martinique.fr\/clg-julianicolas\/wp-content\/uploads\/sites\/119\/2023\/04\/kayak-2-1024x467.jpeg\" alt=\"\" class=\"wp-image-468\" srcset=\"https:\/\/site.ac-martinique.fr\/clg-julianicolas\/wp-content\/uploads\/sites\/119\/2023\/04\/kayak-2-1024x467.jpeg 1024w, https:\/\/site.ac-martinique.fr\/clg-julianicolas\/wp-content\/uploads\/sites\/119\/2023\/04\/kayak-2-300x137.jpeg 300w, https:\/\/site.ac-martinique.fr\/clg-julianicolas\/wp-content\/uploads\/sites\/119\/2023\/04\/kayak-2-768x350.jpeg 768w, https:\/\/site.ac-martinique.fr\/clg-julianicolas\/wp-content\/uploads\/sites\/119\/2023\/04\/kayak-2-1536x700.jpeg 1536w, https:\/\/site.ac-martinique.fr\/clg-julianicolas\/wp-content\/uploads\/sites\/119\/2023\/04\/kayak-2-500x228.jpeg 500w, https:\/\/site.ac-martinique.fr\/clg-julianicolas\/wp-content\/uploads\/sites\/119\/2023\/04\/kayak-2.jpeg 1600w\" sizes=\"auto, (max-width: 1024px) 100vw, 1024px\" \/><\/figure>\n<\/figure>\n\n\n\n<figure class=\"wp-block-image size-large is-resized\"><img loading=\"lazy\" decoding=\"async\" src=\"https:\/\/site.ac-martinique.fr\/clg-julianicolas\/wp-content\/uploads\/sites\/119\/2023\/04\/kayak-3-1024x467.jpeg\" alt=\"\" class=\"wp-image-469\" style=\"width:614px;height:280px\" width=\"614\" height=\"280\" srcset=\"https:\/\/site.ac-martinique.fr\/clg-julianicolas\/wp-content\/uploads\/sites\/119\/2023\/04\/kayak-3-1024x467.jpeg 1024w, https:\/\/site.ac-martinique.fr\/clg-julianicolas\/wp-content\/uploads\/sites\/119\/2023\/04\/kayak-3-300x137.jpeg 300w, https:\/\/site.ac-martinique.fr\/clg-julianicolas\/wp-content\/uploads\/sites\/119\/2023\/04\/kayak-3-768x350.jpeg 768w, https:\/\/site.ac-martinique.fr\/clg-julianicolas\/wp-content\/uploads\/sites\/119\/2023\/04\/kayak-3-1536x700.jpeg 1536w, https:\/\/site.ac-martinique.fr\/clg-julianicolas\/wp-content\/uploads\/sites\/119\/2023\/04\/kayak-3-500x228.jpeg 500w, https:\/\/site.ac-martinique.fr\/clg-julianicolas\/wp-content\/uploads\/sites\/119\/2023\/04\/kayak-3.jpeg 1600w\" sizes=\"auto, (max-width: 614px) 100vw, 614px\" \/><\/figure>\n\n\n\n<figure class=\"wp-block-image size-large\"><img loading=\"lazy\" decoding=\"async\" width=\"1024\" height=\"467\" src=\"https:\/\/site.ac-martinique.fr\/clg-julianicolas\/wp-content\/uploads\/sites\/119\/2023\/04\/kayak-4-1024x467.jpeg\" alt=\"\" class=\"wp-image-470\" srcset=\"https:\/\/site.ac-martinique.fr\/clg-julianicolas\/wp-content\/uploads\/sites\/119\/2023\/04\/kayak-4-1024x467.jpeg 1024w, https:\/\/site.ac-martinique.fr\/clg-julianicolas\/wp-content\/uploads\/sites\/119\/2023\/04\/kayak-4-300x137.jpeg 300w, https:\/\/site.ac-martinique.fr\/clg-julianicolas\/wp-content\/uploads\/sites\/119\/2023\/04\/kayak-4-768x350.jpeg 768w, https:\/\/site.ac-martinique.fr\/clg-julianicolas\/wp-content\/uploads\/sites\/119\/2023\/04\/kayak-4-1536x700.jpeg 1536w, https:\/\/site.ac-martinique.fr\/clg-julianicolas\/wp-content\/uploads\/sites\/119\/2023\/04\/kayak-4-500x228.jpeg 500w, https:\/\/site.ac-martinique.fr\/clg-julianicolas\/wp-content\/uploads\/sites\/119\/2023\/04\/kayak-4.jpeg 1600w\" sizes=\"auto, (max-width: 1024px) 100vw, 1024px\" \/><\/figure>\n","protected":false},"excerpt":{"rendered":"<p>(\u00c9ducation Physique et Sportive) Les axes du projet p\u00e9dagogique EPS sont les suivants : LE BLOG EPS DU COLL\u00c8GE Les enseignants d&rsquo;EPS tiennent un blog regroupant des informations pratiques ainsi que des photos des activit\u00e9s. Cliquez ci-dessous afin d&rsquo;\u00eatre redirig\u00e9 &hellip; <a href=\"https:\/\/site.ac-martinique.fr\/clg-julianicolas\/?page_id=63\">Continuer la lecture <span class=\"meta-nav\">&rarr;<\/span><\/a><\/p>\n","protected":false},"author":339,"featured_media":0,"parent":0,"menu_order":0,"comment_status":"closed","ping_status":"closed","template":"","meta":{"footnotes":""},"class_list":["post-63","page","type-page","status-publish","hentry"],"_links":{"self":[{"href":"https:\/\/site.ac-martinique.fr\/clg-julianicolas\/index.php?rest_route=\/wp\/v2\/pages\/63","targetHints":{"allow":["GET"]}}],"collection":[{"href":"https:\/\/site.ac-martinique.fr\/clg-julianicolas\/index.php?rest_route=\/wp\/v2\/pages"}],"about":[{"href":"https:\/\/site.ac-martinique.fr\/clg-julianicolas\/index.php?rest_route=\/wp\/v2\/types\/page"}],"author":[{"embeddable":true,"href":"https:\/\/site.ac-martinique.fr\/clg-julianicolas\/index.php?rest_route=\/wp\/v2\/users\/339"}],"replies":[{"embeddable":true,"href":"https:\/\/site.ac-martinique.fr\/clg-julianicolas\/index.php?rest_route=%2Fwp%2Fv2%2Fcomments&post=63"}],"version-history":[{"count":18,"href":"https:\/\/site.ac-martinique.fr\/clg-julianicolas\/index.php?rest_route=\/wp\/v2\/pages\/63\/revisions"}],"predecessor-version":[{"id":956,"href":"https:\/\/site.ac-martinique.fr\/clg-julianicolas\/index.php?rest_route=\/wp\/v2\/pages\/63\/revisions\/956"}],"wp:attachment":[{"href":"https:\/\/site.ac-martinique.fr\/clg-julianicolas\/index.php?rest_route=%2Fwp%2Fv2%2Fmedia&parent=63"}],"curies":[{"name":"wp","href":"https:\/\/api.w.org\/{rel}","templated":true}]}}