{"id":835,"date":"2023-06-29T15:06:42","date_gmt":"2023-06-29T19:06:42","guid":{"rendered":"https:\/\/site.ac-martinique.fr\/clg-julianicolas\/?page_id=835"},"modified":"2023-06-29T15:06:42","modified_gmt":"2023-06-29T19:06:42","slug":"dispositif-ulis","status":"publish","type":"page","link":"https:\/\/site.ac-martinique.fr\/clg-julianicolas\/?page_id=835","title":{"rendered":"DISPOSITIF ULIS"},"content":{"rendered":"\n<p>L&rsquo;ULIS (<strong>U<\/strong>nit\u00e9 <strong>L<\/strong>ocalis\u00e9e pour l&rsquo;<strong>I<\/strong>nclusion <strong>S<\/strong>colaire) a pour mission d\u2019accueillir des \u00e9l\u00e8ves en situation de handicap. Il s&rsquo;agit d&rsquo;\u00e9l\u00e8ves atteints de TFC (Troubles des fonctions cognitives) et TSA (Troubles du spectre autistique). L\u2019ULIS n\u2019est pas une classe mais un dispositif collectif d\u2019aide \u00e0 la scolarisation. <br>Au sein de notre \u00e9tablissement, le dispositif ULIS accueille une vingtaine d&rsquo;\u00e9l\u00e8ves sur des temps bien pr\u00e9cis. Ils b\u00e9n\u00e9ficient du soutien du dispositif dans une salle d\u00e9di\u00e9e au regroupement. Ils y retrouvent l&rsquo;enseignante sp\u00e9cialis\u00e9e (la coordonnatrice) et l&rsquo;AESH-Co avec lesquelles ils travaillent les apprentissages des fondamentaux, selon leurs besoins.<br>Certains \u00e9l\u00e8ves b\u00e9n\u00e9ficient aussi de l&rsquo;accompagnement d&rsquo;AESH (Accompagnateurs d&rsquo;\u00e9l\u00e8ves en situation de handicap) dans leur classe de r\u00e9f\u00e9rence.<br>Au coll\u00e8ge, les AESH sont au nombre de cinq. Ils apportent une aide \u00e0 l\u2019organisation, la prise de notes, la trace \u00e9crite, l\u2019explication de consignes\u2026mais aussi pour les d\u00e9placements, l&rsquo;orientation dans le coll\u00e8ge.<\/p>\n\n\n\n<div class=\"alignnormal\"><div id=\"metaslider-id-848\" style=\"width: 100%;\" class=\"ml-slider-3-107-0 metaslider metaslider-responsive metaslider-848 ml-slider has-dots-nav ms-theme-default\" role=\"region\" aria-label=\"ULIS\" data-height=\"300\" data-width=\"600\">\n    <div id=\"metaslider_container_848\">\n        <ul id='metaslider_848' class='rslides'>\n            <li aria-roledescription='slide' aria-labelledby='slide-0'><img loading=\"lazy\" decoding=\"async\" src=\"https:\/\/site.ac-martinique.fr\/clg-julianicolas\/wp-content\/uploads\/sites\/119\/2023\/06\/1683674208000-scaled-600x300.jpg\" height=\"300\" width=\"600\" alt=\"\" class=\"slider-848 slide-849 msDefaultImage\" title=\"1683674208000\" \/><div class=\"caption-wrap\"><div class=\"caption\">Salle de travail<\/div><\/div><\/li>\n            <li style='display: none;' aria-roledescription='slide' aria-labelledby='slide-1'><img loading=\"lazy\" decoding=\"async\" src=\"https:\/\/site.ac-martinique.fr\/clg-julianicolas\/wp-content\/uploads\/sites\/119\/2023\/06\/1683674207984-scaled-600x300.jpg\" height=\"300\" width=\"600\" alt=\"\" class=\"slider-848 slide-850 msDefaultImage\" title=\"1683674207984\" \/><div class=\"caption-wrap\"><div class=\"caption\">Salle de travail<\/div><\/div><\/li>\n            <li style='display: none;' aria-roledescription='slide' aria-labelledby='slide-2'><img loading=\"lazy\" decoding=\"async\" src=\"https:\/\/site.ac-martinique.fr\/clg-julianicolas\/wp-content\/uploads\/sites\/119\/2023\/06\/1683674208095-scaled-600x300.jpg\" height=\"300\" width=\"600\" alt=\"\" class=\"slider-848 slide-851 msDefaultImage\" title=\"1683674208095\" \/><div class=\"caption-wrap\"><div class=\"caption\">Salle de r\u00e9pit<\/div><\/div><\/li>\n            <li style='display: none;' aria-roledescription='slide' aria-labelledby='slide-3'><img loading=\"lazy\" decoding=\"async\" src=\"https:\/\/site.ac-martinique.fr\/clg-julianicolas\/wp-content\/uploads\/sites\/119\/2023\/06\/1683674208032-scaled-600x300.jpg\" height=\"300\" width=\"600\" alt=\"\" class=\"slider-848 slide-852 msDefaultImage\" title=\"1683674208032\" \/><div class=\"caption-wrap\"><div class=\"caption\">Salle de r\u00e9pit<\/div><\/div><\/li>\n        <\/ul>\n        \n    <\/div>\n<\/div><\/div>\n\n\n\n<p>G\u00e9n\u00e9ralement, l&rsquo;usage du num\u00e9rique est un support utilis\u00e9 pour faciliter et consolider les apprentissages scolaires ou encore am\u00e9liorer des capacit\u00e9s cognitives<\/p>\n\n\n\n<figure class=\"wp-block-gallery has-nested-images columns-default is-cropped wp-block-gallery-1 is-layout-flex wp-block-gallery-is-layout-flex\">\n<figure class=\"wp-block-image size-large\"><img loading=\"lazy\" decoding=\"async\" width=\"1024\" height=\"768\" data-id=\"857\" src=\"https:\/\/site.ac-martinique.fr\/clg-julianicolas\/wp-content\/uploads\/sites\/119\/2023\/06\/1683674207912-2-1024x768.jpg\" alt=\"\" class=\"wp-image-857\" srcset=\"https:\/\/site.ac-martinique.fr\/clg-julianicolas\/wp-content\/uploads\/sites\/119\/2023\/06\/1683674207912-2-1024x768.jpg 1024w, https:\/\/site.ac-martinique.fr\/clg-julianicolas\/wp-content\/uploads\/sites\/119\/2023\/06\/1683674207912-2-300x225.jpg 300w, https:\/\/site.ac-martinique.fr\/clg-julianicolas\/wp-content\/uploads\/sites\/119\/2023\/06\/1683674207912-2-768x576.jpg 768w, https:\/\/site.ac-martinique.fr\/clg-julianicolas\/wp-content\/uploads\/sites\/119\/2023\/06\/1683674207912-2-1536x1152.jpg 1536w, https:\/\/site.ac-martinique.fr\/clg-julianicolas\/wp-content\/uploads\/sites\/119\/2023\/06\/1683674207912-2-2048x1536.jpg 2048w, https:\/\/site.ac-martinique.fr\/clg-julianicolas\/wp-content\/uploads\/sites\/119\/2023\/06\/1683674207912-2-400x300.jpg 400w\" sizes=\"auto, (max-width: 1024px) 100vw, 1024px\" \/><\/figure>\n\n\n\n<figure class=\"wp-block-image size-large\"><img loading=\"lazy\" decoding=\"async\" width=\"768\" height=\"1024\" data-id=\"858\" src=\"https:\/\/site.ac-martinique.fr\/clg-julianicolas\/wp-content\/uploads\/sites\/119\/2023\/06\/1683674207957-2-768x1024.jpg\" alt=\"\" class=\"wp-image-858\" srcset=\"https:\/\/site.ac-martinique.fr\/clg-julianicolas\/wp-content\/uploads\/sites\/119\/2023\/06\/1683674207957-2-768x1024.jpg 768w, https:\/\/site.ac-martinique.fr\/clg-julianicolas\/wp-content\/uploads\/sites\/119\/2023\/06\/1683674207957-2-225x300.jpg 225w, https:\/\/site.ac-martinique.fr\/clg-julianicolas\/wp-content\/uploads\/sites\/119\/2023\/06\/1683674207957-2-1152x1536.jpg 1152w, https:\/\/site.ac-martinique.fr\/clg-julianicolas\/wp-content\/uploads\/sites\/119\/2023\/06\/1683674207957-2-1536x2048.jpg 1536w, https:\/\/site.ac-martinique.fr\/clg-julianicolas\/wp-content\/uploads\/sites\/119\/2023\/06\/1683674207957-2-scaled.jpg 1920w\" sizes=\"auto, (max-width: 768px) 100vw, 768px\" \/><figcaption class=\"wp-element-caption\"><strong>Apprendre \u00e0 comprendre<\/strong><br> avec la plateforme <strong>TACIT<\/strong><\/figcaption><\/figure>\n<\/figure>\n\n\n\n<p>Le dispositif est aussi l&rsquo;occasion de laisser la cr\u00e9ativit\u00e9 s&rsquo;exprimer ou encore de donner vie \u00e0 une id\u00e9e.<\/p>\n\n\n\n<figure class=\"wp-block-gallery has-nested-images columns-default is-cropped wp-block-gallery-2 is-layout-flex wp-block-gallery-is-layout-flex\">\n<figure class=\"wp-block-image size-large\"><img loading=\"lazy\" decoding=\"async\" width=\"1024\" height=\"768\" data-id=\"862\" src=\"https:\/\/site.ac-martinique.fr\/clg-julianicolas\/wp-content\/uploads\/sites\/119\/2023\/06\/1683674207823-1024x768.jpg\" alt=\"\" class=\"wp-image-862\" srcset=\"https:\/\/site.ac-martinique.fr\/clg-julianicolas\/wp-content\/uploads\/sites\/119\/2023\/06\/1683674207823-1024x768.jpg 1024w, https:\/\/site.ac-martinique.fr\/clg-julianicolas\/wp-content\/uploads\/sites\/119\/2023\/06\/1683674207823-300x225.jpg 300w, https:\/\/site.ac-martinique.fr\/clg-julianicolas\/wp-content\/uploads\/sites\/119\/2023\/06\/1683674207823-768x576.jpg 768w, https:\/\/site.ac-martinique.fr\/clg-julianicolas\/wp-content\/uploads\/sites\/119\/2023\/06\/1683674207823-1536x1152.jpg 1536w, https:\/\/site.ac-martinique.fr\/clg-julianicolas\/wp-content\/uploads\/sites\/119\/2023\/06\/1683674207823-2048x1536.jpg 2048w, https:\/\/site.ac-martinique.fr\/clg-julianicolas\/wp-content\/uploads\/sites\/119\/2023\/06\/1683674207823-400x300.jpg 400w\" sizes=\"auto, (max-width: 1024px) 100vw, 1024px\" \/><\/figure>\n\n\n\n<figure class=\"wp-block-image size-large\"><img loading=\"lazy\" decoding=\"async\" width=\"1024\" height=\"768\" data-id=\"863\" src=\"https:\/\/site.ac-martinique.fr\/clg-julianicolas\/wp-content\/uploads\/sites\/119\/2023\/06\/1683674207847-1024x768.jpg\" alt=\"\" class=\"wp-image-863\" srcset=\"https:\/\/site.ac-martinique.fr\/clg-julianicolas\/wp-content\/uploads\/sites\/119\/2023\/06\/1683674207847-1024x768.jpg 1024w, https:\/\/site.ac-martinique.fr\/clg-julianicolas\/wp-content\/uploads\/sites\/119\/2023\/06\/1683674207847-300x225.jpg 300w, https:\/\/site.ac-martinique.fr\/clg-julianicolas\/wp-content\/uploads\/sites\/119\/2023\/06\/1683674207847-768x576.jpg 768w, https:\/\/site.ac-martinique.fr\/clg-julianicolas\/wp-content\/uploads\/sites\/119\/2023\/06\/1683674207847-1536x1152.jpg 1536w, https:\/\/site.ac-martinique.fr\/clg-julianicolas\/wp-content\/uploads\/sites\/119\/2023\/06\/1683674207847-2048x1536.jpg 2048w, https:\/\/site.ac-martinique.fr\/clg-julianicolas\/wp-content\/uploads\/sites\/119\/2023\/06\/1683674207847-400x300.jpg 400w\" sizes=\"auto, (max-width: 1024px) 100vw, 1024px\" \/><\/figure>\n<\/figure>\n","protected":false},"excerpt":{"rendered":"<p>L&rsquo;ULIS (Unit\u00e9 Localis\u00e9e pour l&rsquo;Inclusion Scolaire) a pour mission d\u2019accueillir des \u00e9l\u00e8ves en situation de handicap. Il s&rsquo;agit d&rsquo;\u00e9l\u00e8ves atteints de TFC (Troubles des fonctions cognitives) et TSA (Troubles du spectre autistique). L\u2019ULIS n\u2019est pas une classe mais un dispositif &hellip; <a href=\"https:\/\/site.ac-martinique.fr\/clg-julianicolas\/?page_id=835\">Continuer la lecture <span class=\"meta-nav\">&rarr;<\/span><\/a><\/p>\n","protected":false},"author":423,"featured_media":0,"parent":0,"menu_order":0,"comment_status":"closed","ping_status":"closed","template":"","meta":{"footnotes":""},"class_list":["post-835","page","type-page","status-publish","hentry"],"_links":{"self":[{"href":"https:\/\/site.ac-martinique.fr\/clg-julianicolas\/index.php?rest_route=\/wp\/v2\/pages\/835","targetHints":{"allow":["GET"]}}],"collection":[{"href":"https:\/\/site.ac-martinique.fr\/clg-julianicolas\/index.php?rest_route=\/wp\/v2\/pages"}],"about":[{"href":"https:\/\/site.ac-martinique.fr\/clg-julianicolas\/index.php?rest_route=\/wp\/v2\/types\/page"}],"author":[{"embeddable":true,"href":"https:\/\/site.ac-martinique.fr\/clg-julianicolas\/index.php?rest_route=\/wp\/v2\/users\/423"}],"replies":[{"embeddable":true,"href":"https:\/\/site.ac-martinique.fr\/clg-julianicolas\/index.php?rest_route=%2Fwp%2Fv2%2Fcomments&post=835"}],"version-history":[{"count":9,"href":"https:\/\/site.ac-martinique.fr\/clg-julianicolas\/index.php?rest_route=\/wp\/v2\/pages\/835\/revisions"}],"predecessor-version":[{"id":868,"href":"https:\/\/site.ac-martinique.fr\/clg-julianicolas\/index.php?rest_route=\/wp\/v2\/pages\/835\/revisions\/868"}],"wp:attachment":[{"href":"https:\/\/site.ac-martinique.fr\/clg-julianicolas\/index.php?rest_route=%2Fwp%2Fv2%2Fmedia&parent=835"}],"curies":[{"name":"wp","href":"https:\/\/api.w.org\/{rel}","templated":true}]}}