{"id":344,"date":"2024-06-01T10:56:26","date_gmt":"2024-06-01T14:56:26","guid":{"rendered":"https:\/\/site.ac-martinique.fr\/clg-mandyfrancois-elie\/?page_id=344"},"modified":"2024-06-01T11:09:59","modified_gmt":"2024-06-01T15:09:59","slug":"jeux-scolaires-caribeens","status":"publish","type":"page","link":"https:\/\/site.ac-martinique.fr\/clg-mandyfrancois-elie\/?page_id=344","title":{"rendered":"Projets"},"content":{"rendered":"\n<p>JEUX SCOLAIRES CARIB\u00c9ENS<\/p>\n\n\n\n<p>Nos \u00e9l\u00e8ves du dispositif ULIS y \u00e9taient !<\/p>\n\n\n\n<p>Reportage des JEUX SCOLAIRES CARIBEENS UNSS 2024 qui se sont d\u00e9roul\u00e9s mercredi 29 mai 2024 au stade Louis Achille \u00e0 Fort de France. Manifestation TERRE DE JEUX ou les valeurs Olympiques et Paralympiques \u00e9taient pr\u00e9sentes. Pr\u00e9sence d&rsquo;une d\u00e9l\u00e9gation de la Dominique, de Sainte Lucie et de la Guadeloupe.<\/p>\n\n\n\n<figure class=\"wp-block-image size-large\"><img loading=\"lazy\" decoding=\"async\" width=\"1024\" height=\"573\" src=\"https:\/\/site.ac-martinique.fr\/clg-mandyfrancois-elie\/wp-content\/uploads\/sites\/101\/2024\/06\/Capture-decran-2024-06-01-a-11.01.12-1024x573.png\" alt=\"\" class=\"wp-image-348\" srcset=\"https:\/\/site.ac-martinique.fr\/clg-mandyfrancois-elie\/wp-content\/uploads\/sites\/101\/2024\/06\/Capture-decran-2024-06-01-a-11.01.12-1024x573.png 1024w, https:\/\/site.ac-martinique.fr\/clg-mandyfrancois-elie\/wp-content\/uploads\/sites\/101\/2024\/06\/Capture-decran-2024-06-01-a-11.01.12-300x168.png 300w, https:\/\/site.ac-martinique.fr\/clg-mandyfrancois-elie\/wp-content\/uploads\/sites\/101\/2024\/06\/Capture-decran-2024-06-01-a-11.01.12-768x430.png 768w, https:\/\/site.ac-martinique.fr\/clg-mandyfrancois-elie\/wp-content\/uploads\/sites\/101\/2024\/06\/Capture-decran-2024-06-01-a-11.01.12.png 1144w\" sizes=\"auto, (max-width: 767px) 89vw, (max-width: 1000px) 54vw, (max-width: 1071px) 543px, 580px\" \/><\/figure>\n\n\n\n<p><a href=\"https:\/\/www.youtube.com\/watch?v=iUp6TGc0C4o\">https:\/\/www.youtube.com\/watch?v=iUp6TGc0C4o<\/a><\/p>\n","protected":false},"excerpt":{"rendered":"<p>JEUX SCOLAIRES CARIB\u00c9ENS Nos \u00e9l\u00e8ves du dispositif ULIS y \u00e9taient ! Reportage des JEUX SCOLAIRES CARIBEENS UNSS 2024 qui se sont d\u00e9roul\u00e9s mercredi 29 mai 2024 au stade Louis Achille \u00e0 Fort de France. Manifestation TERRE DE JEUX ou les valeurs Olympiques et Paralympiques \u00e9taient pr\u00e9sentes. Pr\u00e9sence d&rsquo;une d\u00e9l\u00e9gation de la Dominique, de Sainte Lucie &hellip; <\/p>\n<p class=\"link-more\"><a href=\"https:\/\/site.ac-martinique.fr\/clg-mandyfrancois-elie\/?page_id=344\" class=\"more-link\">Continuer la lecture<span class=\"screen-reader-text\"> de &laquo;&nbsp;Projets&nbsp;&raquo;<\/span><\/a><\/p>\n","protected":false},"author":261,"featured_media":0,"parent":0,"menu_order":0,"comment_status":"closed","ping_status":"closed","template":"","meta":{"footnotes":""},"class_list":["post-344","page","type-page","status-publish","hentry"],"_links":{"self":[{"href":"https:\/\/site.ac-martinique.fr\/clg-mandyfrancois-elie\/index.php?rest_route=\/wp\/v2\/pages\/344","targetHints":{"allow":["GET"]}}],"collection":[{"href":"https:\/\/site.ac-martinique.fr\/clg-mandyfrancois-elie\/index.php?rest_route=\/wp\/v2\/pages"}],"about":[{"href":"https:\/\/site.ac-martinique.fr\/clg-mandyfrancois-elie\/index.php?rest_route=\/wp\/v2\/types\/page"}],"author":[{"embeddable":true,"href":"https:\/\/site.ac-martinique.fr\/clg-mandyfrancois-elie\/index.php?rest_route=\/wp\/v2\/users\/261"}],"replies":[{"embeddable":true,"href":"https:\/\/site.ac-martinique.fr\/clg-mandyfrancois-elie\/index.php?rest_route=%2Fwp%2Fv2%2Fcomments&post=344"}],"version-history":[{"count":5,"href":"https:\/\/site.ac-martinique.fr\/clg-mandyfrancois-elie\/index.php?rest_route=\/wp\/v2\/pages\/344\/revisions"}],"predecessor-version":[{"id":355,"href":"https:\/\/site.ac-martinique.fr\/clg-mandyfrancois-elie\/index.php?rest_route=\/wp\/v2\/pages\/344\/revisions\/355"}],"wp:attachment":[{"href":"https:\/\/site.ac-martinique.fr\/clg-mandyfrancois-elie\/index.php?rest_route=%2Fwp%2Fv2%2Fmedia&parent=344"}],"curies":[{"name":"wp","href":"https:\/\/api.w.org\/{rel}","templated":true}]}}