{"id":3269,"date":"2017-10-16T22:56:02","date_gmt":"2017-10-16T20:56:02","guid":{"rendered":"\/clg-mornedesesses\/?page_id=3269"},"modified":"2019-10-01T16:11:06","modified_gmt":"2019-10-01T14:11:06","slug":"presentation-du-college","status":"publish","type":"page","link":"https:\/\/site.ac-martinique.fr\/clg-mornedesesses\/?page_id=3269","title":{"rendered":"Pr\u00e9sentation du Coll\u00e8ge"},"content":{"rendered":"<h3><img loading=\"lazy\" decoding=\"async\" class=\"aligncenter wp-image-3108 size-full\" src=\"\/clg-mornedesesses\/wp-content\/uploads\/sites\/61\/2017\/10\/Nouvelle-image-5.png\" alt=\"\" width=\"850\" height=\"310\" srcset=\"https:\/\/site.ac-martinique.fr\/clg-mornedesesses\/wp-content\/uploads\/sites\/61\/2017\/10\/Nouvelle-image-5.png 850w, https:\/\/site.ac-martinique.fr\/clg-mornedesesses\/wp-content\/uploads\/sites\/61\/2017\/10\/Nouvelle-image-5-300x109.png 300w, https:\/\/site.ac-martinique.fr\/clg-mornedesesses\/wp-content\/uploads\/sites\/61\/2017\/10\/Nouvelle-image-5-768x280.png 768w\" sizes=\"auto, (max-width: 850px) 100vw, 850px\" \/><\/h3>\n<h3><strong>Notre \u00e9tablissement<\/strong><\/h3>\n<p><img loading=\"lazy\" decoding=\"async\" class=\"aligncenter size-full wp-image-3944\" src=\"\/clg-mornedesesses\/wp-content\/uploads\/sites\/61\/2019\/10\/P1000297.jpg\" alt=\"\" width=\"4608\" height=\"3456\" srcset=\"https:\/\/site.ac-martinique.fr\/clg-mornedesesses\/wp-content\/uploads\/sites\/61\/2019\/10\/P1000297.jpg 4608w, https:\/\/site.ac-martinique.fr\/clg-mornedesesses\/wp-content\/uploads\/sites\/61\/2019\/10\/P1000297-300x225.jpg 300w, https:\/\/site.ac-martinique.fr\/clg-mornedesesses\/wp-content\/uploads\/sites\/61\/2019\/10\/P1000297-768x576.jpg 768w, https:\/\/site.ac-martinique.fr\/clg-mornedesesses\/wp-content\/uploads\/sites\/61\/2019\/10\/P1000297-1024x768.jpg 1024w\" sizes=\"auto, (max-width: 4608px) 100vw, 4608px\" \/><\/p>\n<p><em>Depuis la rentr\u00e9e 2003, le coll\u00e8ge de Morne des Esses est le plus r\u00e9cent des \u00e9tablissements du bassin du Nord Atlantique de l\u2019acad\u00e9mie de Martinique. D\u00e8s\u00a0 2007, le coll\u00e8ge et les trois \u00e9coles primaires rattach\u00e9es forment le RRS de Morne des Esses.<\/em><\/p>\n<p>&nbsp;<\/p>\n<p><em>Capitale de l\u2019artisanat, le Morne des Esses se singularise par son atelier de vannerie, h\u00e9ritage de son pass\u00e9 de refuge des indiens cara\u00efbes. Morne des Esses a aussi \u00e9t\u00e9 un bastion de n\u00e8gres marrons, ce qui lui vaut d\u2019\u00eatre le berceau d\u2019un autre fleuron du patrimoine martiniquais\u00a0: le \u00ab\u00a0b\u00e8l\u00e8\u00a0\u00bb, musique et danse traditionnelles de la Martinique. <\/em><\/p>\n<p><em>Le Morne des Esses reste toujours fortement marqu\u00e9 par ces deux activit\u00e9s culturelles.<\/em><\/p>\n<p><img loading=\"lazy\" decoding=\"async\" class=\"aligncenter size-full wp-image-3942\" src=\"\/clg-mornedesesses\/wp-content\/uploads\/sites\/61\/2019\/10\/P1000287.jpg\" alt=\"\" width=\"4608\" height=\"3456\" srcset=\"https:\/\/site.ac-martinique.fr\/clg-mornedesesses\/wp-content\/uploads\/sites\/61\/2019\/10\/P1000287.jpg 4608w, https:\/\/site.ac-martinique.fr\/clg-mornedesesses\/wp-content\/uploads\/sites\/61\/2019\/10\/P1000287-300x225.jpg 300w, https:\/\/site.ac-martinique.fr\/clg-mornedesesses\/wp-content\/uploads\/sites\/61\/2019\/10\/P1000287-768x576.jpg 768w, https:\/\/site.ac-martinique.fr\/clg-mornedesesses\/wp-content\/uploads\/sites\/61\/2019\/10\/P1000287-1024x768.jpg 1024w\" sizes=\"auto, (max-width: 4608px) 100vw, 4608px\" \/><\/p>\n<h4><strong>Les locaux<\/strong><\/h4>\n<p>Situ\u00e9 dans un environnement peu urbanis\u00e9, le coll\u00e8ge, s\u2019\u00e9tend sur une superficie de 16 500 m2 et constitue un espace architectural relativement accueillant et fonctionnel.<\/p>\n<p><img loading=\"lazy\" decoding=\"async\" class=\"aligncenter size-full wp-image-3939\" src=\"\/clg-mornedesesses\/wp-content\/uploads\/sites\/61\/2019\/10\/P1000282.jpg\" alt=\"\" width=\"4608\" height=\"3456\" srcset=\"https:\/\/site.ac-martinique.fr\/clg-mornedesesses\/wp-content\/uploads\/sites\/61\/2019\/10\/P1000282.jpg 4608w, https:\/\/site.ac-martinique.fr\/clg-mornedesesses\/wp-content\/uploads\/sites\/61\/2019\/10\/P1000282-300x225.jpg 300w, https:\/\/site.ac-martinique.fr\/clg-mornedesesses\/wp-content\/uploads\/sites\/61\/2019\/10\/P1000282-768x576.jpg 768w, https:\/\/site.ac-martinique.fr\/clg-mornedesesses\/wp-content\/uploads\/sites\/61\/2019\/10\/P1000282-1024x768.jpg 1024w\" sizes=\"auto, (max-width: 4608px) 100vw, 4608px\" \/><\/p>\n<p>&nbsp;<\/p>\n<p><img loading=\"lazy\" decoding=\"async\" class=\"aligncenter size-full wp-image-3946\" src=\"\/clg-mornedesesses\/wp-content\/uploads\/sites\/61\/2019\/10\/P1000302.jpg\" alt=\"\" width=\"4608\" height=\"3456\" srcset=\"https:\/\/site.ac-martinique.fr\/clg-mornedesesses\/wp-content\/uploads\/sites\/61\/2019\/10\/P1000302.jpg 4608w, https:\/\/site.ac-martinique.fr\/clg-mornedesesses\/wp-content\/uploads\/sites\/61\/2019\/10\/P1000302-300x225.jpg 300w, https:\/\/site.ac-martinique.fr\/clg-mornedesesses\/wp-content\/uploads\/sites\/61\/2019\/10\/P1000302-768x576.jpg 768w, https:\/\/site.ac-martinique.fr\/clg-mornedesesses\/wp-content\/uploads\/sites\/61\/2019\/10\/P1000302-1024x768.jpg 1024w\" sizes=\"auto, (max-width: 4608px) 100vw, 4608px\" \/> <img loading=\"lazy\" decoding=\"async\" class=\"aligncenter size-full wp-image-3945\" src=\"\/clg-mornedesesses\/wp-content\/uploads\/sites\/61\/2019\/10\/P1000301.jpg\" alt=\"\" width=\"4608\" height=\"3456\" srcset=\"https:\/\/site.ac-martinique.fr\/clg-mornedesesses\/wp-content\/uploads\/sites\/61\/2019\/10\/P1000301.jpg 4608w, https:\/\/site.ac-martinique.fr\/clg-mornedesesses\/wp-content\/uploads\/sites\/61\/2019\/10\/P1000301-300x225.jpg 300w, https:\/\/site.ac-martinique.fr\/clg-mornedesesses\/wp-content\/uploads\/sites\/61\/2019\/10\/P1000301-768x576.jpg 768w, https:\/\/site.ac-martinique.fr\/clg-mornedesesses\/wp-content\/uploads\/sites\/61\/2019\/10\/P1000301-1024x768.jpg 1024w\" sizes=\"auto, (max-width: 4608px) 100vw, 4608px\" \/> <img loading=\"lazy\" decoding=\"async\" class=\"aligncenter size-full wp-image-3943\" src=\"\/clg-mornedesesses\/wp-content\/uploads\/sites\/61\/2019\/10\/P1000292.jpg\" alt=\"\" width=\"4608\" height=\"3456\" srcset=\"https:\/\/site.ac-martinique.fr\/clg-mornedesesses\/wp-content\/uploads\/sites\/61\/2019\/10\/P1000292.jpg 4608w, https:\/\/site.ac-martinique.fr\/clg-mornedesesses\/wp-content\/uploads\/sites\/61\/2019\/10\/P1000292-300x225.jpg 300w, https:\/\/site.ac-martinique.fr\/clg-mornedesesses\/wp-content\/uploads\/sites\/61\/2019\/10\/P1000292-768x576.jpg 768w, https:\/\/site.ac-martinique.fr\/clg-mornedesesses\/wp-content\/uploads\/sites\/61\/2019\/10\/P1000292-1024x768.jpg 1024w\" sizes=\"auto, (max-width: 4608px) 100vw, 4608px\" \/><\/p>\n<p>L\u2019espace non b\u00e2ti est constitu\u00e9 principalement d\u2019un terrain nu avec en son centre un talweg recouvert d\u2019une v\u00e9g\u00e9tation encore sauvage.<\/p>\n<p>Le gymnase spacieux, est l\u2019une des fiert\u00e9s du coll\u00e8ge de Morne des Esses, l\u2019un des rares \u00e9tablissements \u00e0 poss\u00e9der un mur d\u2019escalade dans l\u2019acad\u00e9mie.<\/p>\n<p>Le vaste pr\u00e9au couvert qui peut \u00e0 l\u2019occasion se transformer en espace de r\u00e9ception, est un \u00e9l\u00e9ment non n\u00e9gligeable.<\/p>\n<p>&nbsp;<\/p>\n<p><img loading=\"lazy\" decoding=\"async\" class=\"aligncenter size-full wp-image-3940\" src=\"\/clg-mornedesesses\/wp-content\/uploads\/sites\/61\/2019\/10\/P1000285.jpg\" alt=\"\" width=\"4608\" height=\"3456\" srcset=\"https:\/\/site.ac-martinique.fr\/clg-mornedesesses\/wp-content\/uploads\/sites\/61\/2019\/10\/P1000285.jpg 4608w, https:\/\/site.ac-martinique.fr\/clg-mornedesesses\/wp-content\/uploads\/sites\/61\/2019\/10\/P1000285-300x225.jpg 300w, https:\/\/site.ac-martinique.fr\/clg-mornedesesses\/wp-content\/uploads\/sites\/61\/2019\/10\/P1000285-768x576.jpg 768w, https:\/\/site.ac-martinique.fr\/clg-mornedesesses\/wp-content\/uploads\/sites\/61\/2019\/10\/P1000285-1024x768.jpg 1024w\" sizes=\"auto, (max-width: 4608px) 100vw, 4608px\" \/><\/p>\n","protected":false},"excerpt":{"rendered":"<p>Notre \u00e9tablissement Depuis la rentr\u00e9e 2003, le coll\u00e8ge de Morne des Esses est le plus r\u00e9cent des \u00e9tablissements du bassin du Nord Atlantique de l\u2019acad\u00e9mie de Martinique. D\u00e8s\u00a0 2007, le coll\u00e8ge et les trois \u00e9coles primaires rattach\u00e9es forment le RRS &hellip; <a href=\"https:\/\/site.ac-martinique.fr\/clg-mornedesesses\/?page_id=3269\">Continuer la lecture <span class=\"meta-nav\">&rarr;<\/span><\/a><\/p>\n","protected":false},"author":150,"featured_media":0,"parent":3218,"menu_order":1,"comment_status":"closed","ping_status":"closed","template":"","meta":{"footnotes":""},"class_list":["post-3269","page","type-page","status-publish","hentry"],"_links":{"self":[{"href":"https:\/\/site.ac-martinique.fr\/clg-mornedesesses\/index.php?rest_route=\/wp\/v2\/pages\/3269","targetHints":{"allow":["GET"]}}],"collection":[{"href":"https:\/\/site.ac-martinique.fr\/clg-mornedesesses\/index.php?rest_route=\/wp\/v2\/pages"}],"about":[{"href":"https:\/\/site.ac-martinique.fr\/clg-mornedesesses\/index.php?rest_route=\/wp\/v2\/types\/page"}],"author":[{"embeddable":true,"href":"https:\/\/site.ac-martinique.fr\/clg-mornedesesses\/index.php?rest_route=\/wp\/v2\/users\/150"}],"replies":[{"embeddable":true,"href":"https:\/\/site.ac-martinique.fr\/clg-mornedesesses\/index.php?rest_route=%2Fwp%2Fv2%2Fcomments&post=3269"}],"version-history":[{"count":4,"href":"https:\/\/site.ac-martinique.fr\/clg-mornedesesses\/index.php?rest_route=\/wp\/v2\/pages\/3269\/revisions"}],"predecessor-version":[{"id":3949,"href":"https:\/\/site.ac-martinique.fr\/clg-mornedesesses\/index.php?rest_route=\/wp\/v2\/pages\/3269\/revisions\/3949"}],"up":[{"embeddable":true,"href":"https:\/\/site.ac-martinique.fr\/clg-mornedesesses\/index.php?rest_route=\/wp\/v2\/pages\/3218"}],"wp:attachment":[{"href":"https:\/\/site.ac-martinique.fr\/clg-mornedesesses\/index.php?rest_route=%2Fwp%2Fv2%2Fmedia&parent=3269"}],"curies":[{"name":"wp","href":"https:\/\/api.w.org\/{rel}","templated":true}]}}