{"id":3271,"date":"2017-10-16T22:57:03","date_gmt":"2017-10-16T20:57:03","guid":{"rendered":"\/clg-mornedesesses\/?page_id=3271"},"modified":"2024-09-12T21:21:17","modified_gmt":"2024-09-13T01:21:17","slug":"administration","status":"publish","type":"page","link":"https:\/\/site.ac-martinique.fr\/clg-mornedesesses\/?page_id=3271","title":{"rendered":"Administration"},"content":{"rendered":"<h3><strong>DIRECTION<\/strong><\/h3>\n<p>Principale : Madame Lina LOTH<\/p>\n<p>Secr\u00e9taire de direction : Madame Nadine PAIN<\/p>\n<h3><strong>GESTION<\/strong><\/h3>\n<p>Gestionnaire : Madame Marl\u00e8ne LABOURG<\/p>\n<p>Secr\u00e9taire d&rsquo;intendance : Madame Marie-Christine TOULA<\/p>\n<p>Secr\u00e9taire restauration :<\/p>\n","protected":false},"excerpt":{"rendered":"<p>DIRECTION Principale : Madame Lina LOTH Secr\u00e9taire de direction : Madame Nadine PAIN GESTION Gestionnaire : Madame Marl\u00e8ne LABOURG Secr\u00e9taire d&rsquo;intendance : Madame Marie-Christine TOULA Secr\u00e9taire restauration :<\/p>\n","protected":false},"author":150,"featured_media":0,"parent":3218,"menu_order":2,"comment_status":"closed","ping_status":"closed","template":"","meta":{"footnotes":""},"class_list":["post-3271","page","type-page","status-publish","hentry"],"_links":{"self":[{"href":"https:\/\/site.ac-martinique.fr\/clg-mornedesesses\/index.php?rest_route=\/wp\/v2\/pages\/3271","targetHints":{"allow":["GET"]}}],"collection":[{"href":"https:\/\/site.ac-martinique.fr\/clg-mornedesesses\/index.php?rest_route=\/wp\/v2\/pages"}],"about":[{"href":"https:\/\/site.ac-martinique.fr\/clg-mornedesesses\/index.php?rest_route=\/wp\/v2\/types\/page"}],"author":[{"embeddable":true,"href":"https:\/\/site.ac-martinique.fr\/clg-mornedesesses\/index.php?rest_route=\/wp\/v2\/users\/150"}],"replies":[{"embeddable":true,"href":"https:\/\/site.ac-martinique.fr\/clg-mornedesesses\/index.php?rest_route=%2Fwp%2Fv2%2Fcomments&post=3271"}],"version-history":[{"count":4,"href":"https:\/\/site.ac-martinique.fr\/clg-mornedesesses\/index.php?rest_route=\/wp\/v2\/pages\/3271\/revisions"}],"predecessor-version":[{"id":4600,"href":"https:\/\/site.ac-martinique.fr\/clg-mornedesesses\/index.php?rest_route=\/wp\/v2\/pages\/3271\/revisions\/4600"}],"up":[{"embeddable":true,"href":"https:\/\/site.ac-martinique.fr\/clg-mornedesesses\/index.php?rest_route=\/wp\/v2\/pages\/3218"}],"wp:attachment":[{"href":"https:\/\/site.ac-martinique.fr\/clg-mornedesesses\/index.php?rest_route=%2Fwp%2Fv2%2Fmedia&parent=3271"}],"curies":[{"name":"wp","href":"https:\/\/api.w.org\/{rel}","templated":true}]}}