{"id":3376,"date":"2017-10-19T16:50:01","date_gmt":"2017-10-19T14:50:01","guid":{"rendered":"\/clg-mornedesesses\/?page_id=3376"},"modified":"2024-09-12T21:51:34","modified_gmt":"2024-09-13T01:51:34","slug":"sante-service-social-et-dorientation","status":"publish","type":"page","link":"https:\/\/site.ac-martinique.fr\/clg-mornedesesses\/?page_id=3376","title":{"rendered":"Sant\u00e9 | Service social et d&rsquo;orientation"},"content":{"rendered":"<h3><strong>SANTE<\/strong><\/h3>\n<h3><img loading=\"lazy\" decoding=\"async\" class=\"size-full wp-image-3395 aligncenter\" src=\"\/clg-mornedesesses\/wp-content\/uploads\/sites\/61\/2017\/10\/ob_f26565d9d40e13b2edc97f07a379c671_logo-infirmerie.jpg\" alt=\"\" width=\"341\" height=\"130\" srcset=\"https:\/\/site.ac-martinique.fr\/clg-mornedesesses\/wp-content\/uploads\/sites\/61\/2017\/10\/ob_f26565d9d40e13b2edc97f07a379c671_logo-infirmerie.jpg 341w, https:\/\/site.ac-martinique.fr\/clg-mornedesesses\/wp-content\/uploads\/sites\/61\/2017\/10\/ob_f26565d9d40e13b2edc97f07a379c671_logo-infirmerie-300x114.jpg 300w\" sizes=\"auto, (max-width: 341px) 100vw, 341px\" \/><\/h3>\n<h3><strong>L&rsquo;infirmi\u00e8re <\/strong>: Madame Marie-Chantal PAKA-RUBAL<\/h3>\n<h3><strong>M\u00e9decin scolaire <\/strong>: Dr Gaoussou KEITA<\/h3>\n<h3><strong>Secr\u00e9taire m\u00e9dicale <\/strong>: Mme Yveline HONORIN<\/h3>\n<h3><strong>SERVICE SOCIAL<\/strong><\/h3>\n<h3><img loading=\"lazy\" decoding=\"async\" class=\"aligncenter wp-image-3392\" src=\"\/clg-mornedesesses\/wp-content\/uploads\/sites\/61\/2017\/10\/assistante-sociale.png\" alt=\"\" width=\"208\" height=\"210\" srcset=\"https:\/\/site.ac-martinique.fr\/clg-mornedesesses\/wp-content\/uploads\/sites\/61\/2017\/10\/assistante-sociale.png 419w, https:\/\/site.ac-martinique.fr\/clg-mornedesesses\/wp-content\/uploads\/sites\/61\/2017\/10\/assistante-sociale-150x150.png 150w, https:\/\/site.ac-martinique.fr\/clg-mornedesesses\/wp-content\/uploads\/sites\/61\/2017\/10\/assistante-sociale-297x300.png 297w\" sizes=\"auto, (max-width: 208px) 100vw, 208px\" \/><\/h3>\n<h3><strong>Assistante sociale <\/strong>: Madame Ghislaine JOSEPH-EDOUARD<\/h3>\n<p>Mardi de 8h \u00e0 12h30 : Permanence sans rendez-vous<\/p>\n<p>Mardi apr\u00e8s-midi : r\u00e9ception sur rendez-vous<\/p>\n<p>Pour me contacter : 0596 69 07 89 (laisser \u00e9ventuellement un message \u00e0 l&rsquo;accueil ou \u00e0 la vie scolaire)<\/p>\n<p>Mon portable professionnel : 0696 50 85 21 &#8211; avec messagerie<\/p>\n<p>E-mail : Ghislaine.joseph-edouard@ac-martinique.fr<\/p>\n<h3><strong>ORIENTATION<\/strong><\/h3>\n<h3><img loading=\"lazy\" decoding=\"async\" class=\"aligncenter wp-image-3396\" style=\"font-size: 16px;\" src=\"\/clg-mornedesesses\/wp-content\/uploads\/sites\/61\/2017\/10\/orientation-scolaire.jpg\" alt=\"\" width=\"284\" height=\"190\" srcset=\"https:\/\/site.ac-martinique.fr\/clg-mornedesesses\/wp-content\/uploads\/sites\/61\/2017\/10\/orientation-scolaire.jpg 500w, https:\/\/site.ac-martinique.fr\/clg-mornedesesses\/wp-content\/uploads\/sites\/61\/2017\/10\/orientation-scolaire-300x200.jpg 300w\" sizes=\"auto, (max-width: 284px) 100vw, 284px\" \/><\/h3>\n<p><strong>Conseill\u00e8re d&rsquo;Orientation Psychologique (COP)<\/strong>: Madame Marika ARNETON<\/p>\n<p>LUNDI: DE 8H30 \u00e0 13H00<\/p>\n<p>VENDREDI: DE 8H30 \u00e0 12H30<\/p>\n<p>Prendre rendez-vous \u00e0 la vie scolaire<\/p>\n<p>Je suis disponible lors des permanences au CIO le jeudi du Nord Atlantique de 8h00 \u00e0 13h00<\/p>\n<p>Le CIO est situ\u00e9 \u00e0 la zone de Belle Etoile \u00e0 Sainte Marie.<\/p>\n<p>Ouvert de 8h \u00e0 13h le lundi et le vendredi.<\/p>\n<p>Ouvert de 8h \u00e0 16h du mardi au jeudi.<\/p>\n<p>Site : <a href=\"https:\/\/site.ac-martinique.fr\/cio-nordatlantique\/\">https:\/\/site.ac-martinique.fr\/cio-nordatlantique\/<\/a><\/p>\n","protected":false},"excerpt":{"rendered":"<p>SANTE L&rsquo;infirmi\u00e8re : Madame Marie-Chantal PAKA-RUBAL M\u00e9decin scolaire : Dr Gaoussou KEITA Secr\u00e9taire m\u00e9dicale : Mme Yveline HONORIN SERVICE SOCIAL Assistante sociale : Madame Ghislaine JOSEPH-EDOUARD Mardi de 8h \u00e0 12h30 : Permanence sans rendez-vous Mardi apr\u00e8s-midi : r\u00e9ception sur &hellip; <a href=\"https:\/\/site.ac-martinique.fr\/clg-mornedesesses\/?page_id=3376\">Continuer la lecture <span class=\"meta-nav\">&rarr;<\/span><\/a><\/p>\n","protected":false},"author":150,"featured_media":0,"parent":3218,"menu_order":4,"comment_status":"closed","ping_status":"closed","template":"","meta":{"footnotes":""},"class_list":["post-3376","page","type-page","status-publish","hentry"],"_links":{"self":[{"href":"https:\/\/site.ac-martinique.fr\/clg-mornedesesses\/index.php?rest_route=\/wp\/v2\/pages\/3376","targetHints":{"allow":["GET"]}}],"collection":[{"href":"https:\/\/site.ac-martinique.fr\/clg-mornedesesses\/index.php?rest_route=\/wp\/v2\/pages"}],"about":[{"href":"https:\/\/site.ac-martinique.fr\/clg-mornedesesses\/index.php?rest_route=\/wp\/v2\/types\/page"}],"author":[{"embeddable":true,"href":"https:\/\/site.ac-martinique.fr\/clg-mornedesesses\/index.php?rest_route=\/wp\/v2\/users\/150"}],"replies":[{"embeddable":true,"href":"https:\/\/site.ac-martinique.fr\/clg-mornedesesses\/index.php?rest_route=%2Fwp%2Fv2%2Fcomments&post=3376"}],"version-history":[{"count":9,"href":"https:\/\/site.ac-martinique.fr\/clg-mornedesesses\/index.php?rest_route=\/wp\/v2\/pages\/3376\/revisions"}],"predecessor-version":[{"id":4606,"href":"https:\/\/site.ac-martinique.fr\/clg-mornedesesses\/index.php?rest_route=\/wp\/v2\/pages\/3376\/revisions\/4606"}],"up":[{"embeddable":true,"href":"https:\/\/site.ac-martinique.fr\/clg-mornedesesses\/index.php?rest_route=\/wp\/v2\/pages\/3218"}],"wp:attachment":[{"href":"https:\/\/site.ac-martinique.fr\/clg-mornedesesses\/index.php?rest_route=%2Fwp%2Fv2%2Fmedia&parent=3376"}],"curies":[{"name":"wp","href":"https:\/\/api.w.org\/{rel}","templated":true}]}}