{"id":3380,"date":"2017-10-19T16:51:43","date_gmt":"2017-10-19T14:51:43","guid":{"rendered":"\/clg-mornedesesses\/?page_id=3380"},"modified":"2025-09-14T17:35:34","modified_gmt":"2025-09-14T21:35:34","slug":"equipe-pedagogique","status":"publish","type":"page","link":"https:\/\/site.ac-martinique.fr\/clg-mornedesesses\/?page_id=3380","title":{"rendered":"Equipe p\u00e9dagogique"},"content":{"rendered":"<p><img loading=\"lazy\" decoding=\"async\" class=\"size-medium wp-image-3101 aligncenter\" src=\"\/clg-mornedesesses\/wp-content\/uploads\/sites\/61\/2017\/10\/Capture-d\u2019\u00e9cran-2016-09-07-\u00e0-21.43.13-300x258.png\" alt=\"\" width=\"300\" height=\"258\" srcset=\"https:\/\/site.ac-martinique.fr\/clg-mornedesesses\/wp-content\/uploads\/sites\/61\/2017\/10\/Capture-d\u2019\u00e9cran-2016-09-07-\u00e0-21.43.13-300x258.png 300w, https:\/\/site.ac-martinique.fr\/clg-mornedesesses\/wp-content\/uploads\/sites\/61\/2017\/10\/Capture-d\u2019\u00e9cran-2016-09-07-\u00e0-21.43.13.png 369w\" sizes=\"auto, (max-width: 300px) 100vw, 300px\" \/><\/p>\n<p><strong>Anglais:<\/strong><\/p>\n<ul>\n<li>Catherine VERIDIQUE<\/li>\n<li>Sylvie LEJUSTE<\/li>\n<\/ul>\n<p><strong>Arts plastiques:<\/strong><\/p>\n<ul>\n<li>Clarisse JOURDAN<\/li>\n<\/ul>\n<p><strong>EPS:<\/strong><\/p>\n<ul>\n<li>Marc BIEL<\/li>\n<li>Franck BAVARIN<\/li>\n<\/ul>\n<p><strong>Espagnol:<\/strong><\/p>\n<ul>\n<li>Nathalie HORVATH<\/li>\n<\/ul>\n<p><strong>Histoire-G\u00e9ographie:<\/strong><\/p>\n<ul>\n<li>Michel FARRAUDIERE<\/li>\n<li>Martine NINO<\/li>\n<\/ul>\n<p><strong>Langues et Cultures R\u00e9gionales:<\/strong><\/p>\n<ul>\n<li>M\u00e9lanie PEPIN<\/li>\n<\/ul>\n<p><strong>Latin:<\/strong><\/p>\n<ul>\n<li>M\u00e9lanie TORRES<\/li>\n<\/ul>\n<p><strong>Lettres Modernes:<\/strong><\/p>\n<ul>\n<li>Fabienne CLEREMBEAU<\/li>\n<li>Estelle EXILIE<\/li>\n<li>M\u00e9lanie TORRES<\/li>\n<\/ul>\n<p><strong>Math\u00e9matiques:<\/strong><\/p>\n<ul>\n<li>David HO-CAN-SUNG<\/li>\n<li>Christian VICTORIN<\/li>\n<li>Eddy EMONIDES<\/li>\n<li>C\u00e9line SINOVASSIN-NA\u00cfK<\/li>\n<\/ul>\n<p><strong>Musique:<\/strong><\/p>\n<ul>\n<li>Ellen MOURAIN<\/li>\n<\/ul>\n<p><strong>Sciences Physiques:<\/strong><\/p>\n<ul>\n<li>Daniel SYLLANDE<\/li>\n<\/ul>\n<p><strong>SVT:<\/strong><\/p>\n<ul>\n<li>Vanessa THALY<\/li>\n<\/ul>\n<p><strong>Technologie:<\/strong><\/p>\n<ul>\n<li>J\u00e9r\u00f4me MAUMET<\/li>\n<\/ul>\n","protected":false},"excerpt":{"rendered":"<p>Anglais: Catherine VERIDIQUE Sylvie LEJUSTE Arts plastiques: Clarisse JOURDAN EPS: Marc BIEL Franck BAVARIN Espagnol: Nathalie HORVATH Histoire-G\u00e9ographie: Michel FARRAUDIERE Martine NINO Langues et Cultures R\u00e9gionales: M\u00e9lanie PEPIN Latin: M\u00e9lanie TORRES Lettres Modernes: Fabienne CLEREMBEAU Estelle EXILIE M\u00e9lanie TORRES Math\u00e9matiques: &hellip; <a href=\"https:\/\/site.ac-martinique.fr\/clg-mornedesesses\/?page_id=3380\">Continuer la lecture <span class=\"meta-nav\">&rarr;<\/span><\/a><\/p>\n","protected":false},"author":150,"featured_media":0,"parent":3218,"menu_order":7,"comment_status":"closed","ping_status":"closed","template":"","meta":{"footnotes":""},"class_list":["post-3380","page","type-page","status-publish","hentry"],"_links":{"self":[{"href":"https:\/\/site.ac-martinique.fr\/clg-mornedesesses\/index.php?rest_route=\/wp\/v2\/pages\/3380","targetHints":{"allow":["GET"]}}],"collection":[{"href":"https:\/\/site.ac-martinique.fr\/clg-mornedesesses\/index.php?rest_route=\/wp\/v2\/pages"}],"about":[{"href":"https:\/\/site.ac-martinique.fr\/clg-mornedesesses\/index.php?rest_route=\/wp\/v2\/types\/page"}],"author":[{"embeddable":true,"href":"https:\/\/site.ac-martinique.fr\/clg-mornedesesses\/index.php?rest_route=\/wp\/v2\/users\/150"}],"replies":[{"embeddable":true,"href":"https:\/\/site.ac-martinique.fr\/clg-mornedesesses\/index.php?rest_route=%2Fwp%2Fv2%2Fcomments&post=3380"}],"version-history":[{"count":11,"href":"https:\/\/site.ac-martinique.fr\/clg-mornedesesses\/index.php?rest_route=\/wp\/v2\/pages\/3380\/revisions"}],"predecessor-version":[{"id":4723,"href":"https:\/\/site.ac-martinique.fr\/clg-mornedesesses\/index.php?rest_route=\/wp\/v2\/pages\/3380\/revisions\/4723"}],"up":[{"embeddable":true,"href":"https:\/\/site.ac-martinique.fr\/clg-mornedesesses\/index.php?rest_route=\/wp\/v2\/pages\/3218"}],"wp:attachment":[{"href":"https:\/\/site.ac-martinique.fr\/clg-mornedesesses\/index.php?rest_route=%2Fwp%2Fv2%2Fmedia&parent=3380"}],"curies":[{"name":"wp","href":"https:\/\/api.w.org\/{rel}","templated":true}]}}