{"id":3383,"date":"2017-10-19T16:54:44","date_gmt":"2017-10-19T14:54:44","guid":{"rendered":"\/clg-mornedesesses\/?page_id=3383"},"modified":"2024-09-12T21:49:29","modified_gmt":"2024-09-13T01:49:29","slug":"cdi","status":"publish","type":"page","link":"https:\/\/site.ac-martinique.fr\/clg-mornedesesses\/?page_id=3383","title":{"rendered":"CDI"},"content":{"rendered":"<h3><img loading=\"lazy\" decoding=\"async\" class=\"size-full wp-image-3120 aligncenter\" src=\"\/clg-mornedesesses\/wp-content\/uploads\/sites\/61\/2017\/10\/wordcloud-e1484405182111.jpg\" alt=\"\" width=\"593\" height=\"504\" srcset=\"https:\/\/site.ac-martinique.fr\/clg-mornedesesses\/wp-content\/uploads\/sites\/61\/2017\/10\/wordcloud-e1484405182111.jpg 593w, https:\/\/site.ac-martinique.fr\/clg-mornedesesses\/wp-content\/uploads\/sites\/61\/2017\/10\/wordcloud-e1484405182111-300x255.jpg 300w\" sizes=\"auto, (max-width: 593px) 100vw, 593px\" \/><\/h3>\n<h3>Pr\u00e9sentation du CDI :<\/h3>\n<p>Il est ouvert tous les jours et aux r\u00e9cr\u00e9ations. Tu peux profiter de tes moments libres pour y aller. Tu peux emprunter et\/ou consulter librement revues, livres, journaux. Des dictionnaires sont \u00e0 ta disposition lorsque tu as un expos\u00e9 ou des recherches \u00e0 effectuer. Tu peux \u00e9galement avoir acc\u00e8s \u00e0 des ordinateurs, au r\u00e9seau Internet et \u00e0 diff\u00e9rents logiciels. Tu peux y travailler seul, en groupe, demander de l\u2019aide pour ton travail \u00e0 la documentaliste ou tout simplement lire pour ton plaisir.<\/p>\n<h3><\/h3>\n<h3>Le personnel du CDI :<\/h3>\n<ul>\n<li>Madame Cynthia BERTHOL (Professeur documentaliste)<\/li>\n<\/ul>\n<h3>Les horaires d&rsquo;ouvertures du CDI:<\/h3>\n<p>Lundi: 7h30-12h00 et 13h00-17h00<\/p>\n<p>Mardi: 7h30-17h00<\/p>\n<p>Mercredi: 7h30-11h30<\/p>\n<p>Jeudi: 7h30-17h00<\/p>\n<p>Vendredi: 7h30-17h00<\/p>\n","protected":false},"excerpt":{"rendered":"<p>Pr\u00e9sentation du CDI : Il est ouvert tous les jours et aux r\u00e9cr\u00e9ations. Tu peux profiter de tes moments libres pour y aller. Tu peux emprunter et\/ou consulter librement revues, livres, journaux. Des dictionnaires sont \u00e0 ta disposition lorsque tu &hellip; <a href=\"https:\/\/site.ac-martinique.fr\/clg-mornedesesses\/?page_id=3383\">Continuer la lecture <span class=\"meta-nav\">&rarr;<\/span><\/a><\/p>\n","protected":false},"author":150,"featured_media":0,"parent":3218,"menu_order":5,"comment_status":"closed","ping_status":"closed","template":"","meta":{"footnotes":""},"class_list":["post-3383","page","type-page","status-publish","hentry"],"_links":{"self":[{"href":"https:\/\/site.ac-martinique.fr\/clg-mornedesesses\/index.php?rest_route=\/wp\/v2\/pages\/3383","targetHints":{"allow":["GET"]}}],"collection":[{"href":"https:\/\/site.ac-martinique.fr\/clg-mornedesesses\/index.php?rest_route=\/wp\/v2\/pages"}],"about":[{"href":"https:\/\/site.ac-martinique.fr\/clg-mornedesesses\/index.php?rest_route=\/wp\/v2\/types\/page"}],"author":[{"embeddable":true,"href":"https:\/\/site.ac-martinique.fr\/clg-mornedesesses\/index.php?rest_route=\/wp\/v2\/users\/150"}],"replies":[{"embeddable":true,"href":"https:\/\/site.ac-martinique.fr\/clg-mornedesesses\/index.php?rest_route=%2Fwp%2Fv2%2Fcomments&post=3383"}],"version-history":[{"count":4,"href":"https:\/\/site.ac-martinique.fr\/clg-mornedesesses\/index.php?rest_route=\/wp\/v2\/pages\/3383\/revisions"}],"predecessor-version":[{"id":4605,"href":"https:\/\/site.ac-martinique.fr\/clg-mornedesesses\/index.php?rest_route=\/wp\/v2\/pages\/3383\/revisions\/4605"}],"up":[{"embeddable":true,"href":"https:\/\/site.ac-martinique.fr\/clg-mornedesesses\/index.php?rest_route=\/wp\/v2\/pages\/3218"}],"wp:attachment":[{"href":"https:\/\/site.ac-martinique.fr\/clg-mornedesesses\/index.php?rest_route=%2Fwp%2Fv2%2Fmedia&parent=3383"}],"curies":[{"name":"wp","href":"https:\/\/api.w.org\/{rel}","templated":true}]}}