{"id":4860,"date":"2026-01-24T10:29:16","date_gmt":"2026-01-24T14:29:16","guid":{"rendered":"https:\/\/site.ac-martinique.fr\/clg-mornedesesses\/?page_id=4860"},"modified":"2026-01-24T10:29:51","modified_gmt":"2026-01-24T14:29:51","slug":"international-chess-tournament","status":"publish","type":"page","link":"https:\/\/site.ac-martinique.fr\/clg-mornedesesses\/?page_id=4860","title":{"rendered":"International chess tournament"},"content":{"rendered":"\n<figure class=\"wp-block-image size-large\"><img loading=\"lazy\" decoding=\"async\" width=\"1024\" height=\"615\" src=\"https:\/\/site.ac-martinique.fr\/clg-mornedesesses\/wp-content\/uploads\/sites\/61\/2026\/01\/WhatsApp-Image-2026-01-24-at-10.18.48-3-1024x615.jpeg\" alt=\"\" class=\"wp-image-4861\" srcset=\"https:\/\/site.ac-martinique.fr\/clg-mornedesesses\/wp-content\/uploads\/sites\/61\/2026\/01\/WhatsApp-Image-2026-01-24-at-10.18.48-3-1024x615.jpeg 1024w, https:\/\/site.ac-martinique.fr\/clg-mornedesesses\/wp-content\/uploads\/sites\/61\/2026\/01\/WhatsApp-Image-2026-01-24-at-10.18.48-3-300x180.jpeg 300w, https:\/\/site.ac-martinique.fr\/clg-mornedesesses\/wp-content\/uploads\/sites\/61\/2026\/01\/WhatsApp-Image-2026-01-24-at-10.18.48-3-768x461.jpeg 768w, https:\/\/site.ac-martinique.fr\/clg-mornedesesses\/wp-content\/uploads\/sites\/61\/2026\/01\/WhatsApp-Image-2026-01-24-at-10.18.48-3.jpeg 1441w\" sizes=\"auto, (max-width: 1024px) 100vw, 1024px\" \/><\/figure>\n\n\n\n<p>Erasmus days<br>Tournoi d\u2019\u00e9checs rassemblant 4 pays, 4 \u00e9tablissements :<br>Martinique, Gr\u00e8ce, Su\u00e8de, Espagne.<\/p>\n\n\n\n<figure class=\"wp-block-gallery has-nested-images columns-default is-cropped wp-block-gallery-1 is-layout-flex wp-block-gallery-is-layout-flex\">\n<figure class=\"wp-block-image size-large\"><img loading=\"lazy\" decoding=\"async\" width=\"1024\" height=\"768\" data-id=\"4862\" src=\"https:\/\/site.ac-martinique.fr\/clg-mornedesesses\/wp-content\/uploads\/sites\/61\/2026\/01\/WhatsApp-Image-2026-01-24-at-10.18.48-4-1024x768.jpeg\" alt=\"\" class=\"wp-image-4862\" srcset=\"https:\/\/site.ac-martinique.fr\/clg-mornedesesses\/wp-content\/uploads\/sites\/61\/2026\/01\/WhatsApp-Image-2026-01-24-at-10.18.48-4-1024x768.jpeg 1024w, https:\/\/site.ac-martinique.fr\/clg-mornedesesses\/wp-content\/uploads\/sites\/61\/2026\/01\/WhatsApp-Image-2026-01-24-at-10.18.48-4-300x225.jpeg 300w, https:\/\/site.ac-martinique.fr\/clg-mornedesesses\/wp-content\/uploads\/sites\/61\/2026\/01\/WhatsApp-Image-2026-01-24-at-10.18.48-4-768x576.jpeg 768w, https:\/\/site.ac-martinique.fr\/clg-mornedesesses\/wp-content\/uploads\/sites\/61\/2026\/01\/WhatsApp-Image-2026-01-24-at-10.18.48-4-1536x1152.jpeg 1536w, https:\/\/site.ac-martinique.fr\/clg-mornedesesses\/wp-content\/uploads\/sites\/61\/2026\/01\/WhatsApp-Image-2026-01-24-at-10.18.48-4.jpeg 1600w\" sizes=\"auto, (max-width: 1024px) 100vw, 1024px\" \/><\/figure>\n<\/figure>\n\n\n\n<p>Congratulations to Mrs TORRES and her champions.<\/p>\n\n\n\n<figure class=\"wp-block-image size-large\"><img loading=\"lazy\" decoding=\"async\" width=\"768\" height=\"1024\" src=\"https:\/\/site.ac-martinique.fr\/clg-mornedesesses\/wp-content\/uploads\/sites\/61\/2026\/01\/WhatsApp-Image-2026-01-24-at-10.18.48-5-768x1024.jpeg\" alt=\"\" class=\"wp-image-4863\" srcset=\"https:\/\/site.ac-martinique.fr\/clg-mornedesesses\/wp-content\/uploads\/sites\/61\/2026\/01\/WhatsApp-Image-2026-01-24-at-10.18.48-5-768x1024.jpeg 768w, https:\/\/site.ac-martinique.fr\/clg-mornedesesses\/wp-content\/uploads\/sites\/61\/2026\/01\/WhatsApp-Image-2026-01-24-at-10.18.48-5-225x300.jpeg 225w, https:\/\/site.ac-martinique.fr\/clg-mornedesesses\/wp-content\/uploads\/sites\/61\/2026\/01\/WhatsApp-Image-2026-01-24-at-10.18.48-5-1152x1536.jpeg 1152w, https:\/\/site.ac-martinique.fr\/clg-mornedesesses\/wp-content\/uploads\/sites\/61\/2026\/01\/WhatsApp-Image-2026-01-24-at-10.18.48-5.jpeg 1200w\" sizes=\"auto, (max-width: 768px) 100vw, 768px\" \/><\/figure>\n\n\n\n<p>\u00c7a r\u00e9fl\u00e9chit dur !<\/p>\n","protected":false},"excerpt":{"rendered":"<p>Erasmus daysTournoi d\u2019\u00e9checs rassemblant 4 pays, 4 \u00e9tablissements :Martinique, Gr\u00e8ce, Su\u00e8de, Espagne. Congratulations to Mrs TORRES and her champions. \u00c7a r\u00e9fl\u00e9chit dur !<\/p>\n","protected":false},"author":150,"featured_media":0,"parent":4858,"menu_order":0,"comment_status":"closed","ping_status":"closed","template":"","meta":{"footnotes":""},"class_list":["post-4860","page","type-page","status-publish","hentry"],"_links":{"self":[{"href":"https:\/\/site.ac-martinique.fr\/clg-mornedesesses\/index.php?rest_route=\/wp\/v2\/pages\/4860","targetHints":{"allow":["GET"]}}],"collection":[{"href":"https:\/\/site.ac-martinique.fr\/clg-mornedesesses\/index.php?rest_route=\/wp\/v2\/pages"}],"about":[{"href":"https:\/\/site.ac-martinique.fr\/clg-mornedesesses\/index.php?rest_route=\/wp\/v2\/types\/page"}],"author":[{"embeddable":true,"href":"https:\/\/site.ac-martinique.fr\/clg-mornedesesses\/index.php?rest_route=\/wp\/v2\/users\/150"}],"replies":[{"embeddable":true,"href":"https:\/\/site.ac-martinique.fr\/clg-mornedesesses\/index.php?rest_route=%2Fwp%2Fv2%2Fcomments&post=4860"}],"version-history":[{"count":1,"href":"https:\/\/site.ac-martinique.fr\/clg-mornedesesses\/index.php?rest_route=\/wp\/v2\/pages\/4860\/revisions"}],"predecessor-version":[{"id":4864,"href":"https:\/\/site.ac-martinique.fr\/clg-mornedesesses\/index.php?rest_route=\/wp\/v2\/pages\/4860\/revisions\/4864"}],"up":[{"embeddable":true,"href":"https:\/\/site.ac-martinique.fr\/clg-mornedesesses\/index.php?rest_route=\/wp\/v2\/pages\/4858"}],"wp:attachment":[{"href":"https:\/\/site.ac-martinique.fr\/clg-mornedesesses\/index.php?rest_route=%2Fwp%2Fv2%2Fmedia&parent=4860"}],"curies":[{"name":"wp","href":"https:\/\/api.w.org\/{rel}","templated":true}]}}