{"id":1208,"date":"2016-10-16T16:05:46","date_gmt":"2016-10-16T14:05:46","guid":{"rendered":"https:\/\/clg-paulsymphor.ac-martinique.fr\/wordpress\/?page_id=1208"},"modified":"2016-10-16T16:12:10","modified_gmt":"2016-10-16T14:12:10","slug":"euro-2013-2014-2","status":"publish","type":"page","link":"https:\/\/site.ac-martinique.fr\/clg-paulsymphor\/4e-euro-anglais-2014-2015\/euro-2013-2014-2\/","title":{"rendered":"EURO 2013-2014"},"content":{"rendered":"<p align=\"center\"><a href=\"\/clg-paulsymphor\/classe-euro-2\/euro-10\/\" rel=\"attachment wp-att-335\"><img loading=\"lazy\" decoding=\"async\" class=\"aligncenter size-full wp-image-335\" src=\"\/clg-paulsymphor\/wp-content\/uploads\/sites\/75\/2013\/09\/Euro-10.jpg\" alt=\"\" width=\"488\" height=\"259\" srcset=\"https:\/\/site.ac-martinique.fr\/clg-paulsymphor\/wp-content\/uploads\/sites\/75\/2013\/09\/Euro-10.jpg 488w, https:\/\/site.ac-martinique.fr\/clg-paulsymphor\/wp-content\/uploads\/sites\/75\/2013\/09\/Euro-10-300x159.jpg 300w\" sizes=\"auto, (max-width: 488px) 100vw, 488px\" \/><\/a><\/p>\n<p align=\"center\"><span style=\"color: #ff0000;\"><strong><span style=\"text-decoration: underline;\">LA 3<span style=\"font-size: xx-small;\">\u00e8me<\/span>\u00a0EUROPEENNE OPTION ANGLAIS<\/span><\/strong><\/span><\/p>\n<ul>\n<li>Des \u00e9l\u00e8ves motiv\u00e9s par l\u2019apprentissage de l\u2019anglais et poss\u00e9dant un assez bon niveau dans la mati\u00e8re.<\/li>\n<li>Des \u00e9l\u00e8ves qui explorent une autre fa\u00e7on de travailler la langue, en privil\u00e9giant l\u2019oral, la civilisation et la cr\u00e9ation.<\/li>\n<li>Des \u00e9l\u00e8ves volontaires pr\u00eats \u00e0 enrichir leur culture anglophone et \u00e0 la faire d\u00e9couvrir en s\u2019impliquant dans des t\u00e2ches ou des actions multiples et vari\u00e9es.<\/li>\n<li>Des \u00e9l\u00e8ves poss\u00e9dant une certaine ouverture sur autrui.<\/li>\n<li>Des \u00e9l\u00e8ves int\u00e9ress\u00e9s par les \u00e9changes et les rencontres.<\/li>\n<\/ul>\n<p><strong><span style=\"color: #ff0000;\">\u2192UN EURO CORNER<\/span>\u00a0: <\/strong>tableau d\u2019affichage r\u00e9serv\u00e9 au partage avec la communaut\u00e9 scolaire\u00a0: f\u00eates,\u00a0 jours sp\u00e9ciaux, productions d\u2019\u00e9l\u00e8ves, expressions anglaises dr\u00f4les \u00a0ou imag\u00e9es, etc.<\/p>\n<p><strong><span style=\"color: #ff0000;\">\u2192UN PROJET FINAL<\/span>\u00a0: <\/strong><strong>un voyage p\u00e9dagogique en Angleterre\u00a0<span style=\"text-decoration: underline;\">du 12 au 20 avril 2014<\/span><\/strong><\/p>\n<p align=\"center\"><span style=\"color: #ff0000;\"><strong><span style=\"text-decoration: underline;\">DIFFERENTS THEMES SUR 2 ANS<\/span><\/strong><\/span><\/p>\n<p>\u00a0<a href=\"\/clg-paulsymphor\/classe-euro-2\/capture-3\/\" rel=\"attachment wp-att-422\"><img loading=\"lazy\" decoding=\"async\" class=\"size-full wp-image-422 aligncenter\" src=\"\/clg-paulsymphor\/wp-content\/uploads\/sites\/75\/2013\/09\/Capture2.jpg\" alt=\"\" width=\"633\" height=\"218\" \/><\/a><\/p>\n<ul>\n<li><strong>L\u2019Union Europ\u00e9enne<\/strong><\/li>\n<li><strong>Le Royaume-Uni<\/strong> (famille royale, lieux et monuments c\u00e9l\u00e8bres, syst\u00e8me scolaire, etc.)<\/li>\n<li><strong><em>The English way of life<\/em><\/strong>\u00a0: vie quotidienne, us et coutumes en Angleterre.<\/li>\n<li><strong>La nourriture anglaise<\/strong><\/li>\n<li><strong>L\u2019\u00e9tude\u00a0 d\u2019\u0153uvres des litt\u00e9ratures anglaise et am\u00e9ricaine<\/strong> (Shakespeare, G.B. Shaw)<\/li>\n<li><strong>L\u2019histoire de Londres\u00a0<\/strong>: <em>From Londinium to London.<\/em><\/li>\n<li><strong>Les c\u00e9l\u00e9brations anglophones<\/strong>\u00a0: f\u00eates et jours particuliers.<\/li>\n<li><strong>Les grandes figures anglophones de l\u2019histoire<\/strong>\u00a0: Mandela, Lincoln, R. Parks, M.L. King, B.Obama.<\/li>\n<li><strong>La d\u00e9couverte de pays anglophones<\/strong>\u00a0: Irlande, Inde, Australie, Afrique du Sud.<\/li>\n<li><strong>L\u2019Angleterre multi-culturelle<\/strong><\/li>\n<li><strong>Angleterre vs U.S.A.<\/strong>\u00a0: vocabulaire, syst\u00e8mes scolaires, prononciation.<\/li>\n<\/ul>\n<p style=\"text-align: center;\"><strong>\u00a0<span style=\"color: #3366ff;\"><em>The pupils of Year 10 Euro<\/em><\/span><\/strong><\/p>\n<p style=\"text-align: center;\"><a href=\"\/clg-paulsymphor\/classe-euro-2\/pupils-of-euro-10\/\" rel=\"attachment wp-att-340\"><img loading=\"lazy\" decoding=\"async\" class=\"aligncenter size-full wp-image-340\" src=\"\/clg-paulsymphor\/wp-content\/uploads\/sites\/75\/2013\/09\/Pupils-of-Euro-10.jpg\" alt=\"\" width=\"738\" height=\"570\" srcset=\"https:\/\/site.ac-martinique.fr\/clg-paulsymphor\/wp-content\/uploads\/sites\/75\/2013\/09\/Pupils-of-Euro-10.jpg 738w, https:\/\/site.ac-martinique.fr\/clg-paulsymphor\/wp-content\/uploads\/sites\/75\/2013\/09\/Pupils-of-Euro-10-300x231.jpg 300w\" sizes=\"auto, (max-width: 738px) 100vw, 738px\" \/><\/a><\/p>\n<p align=\"center\"><strong>UN PETIT FLASHBACK, PEUT-ETRE\u00a0?<\/strong><\/p>\n<p align=\"center\"><strong>(sept 2012 \u2192 f\u00e9vr 2014)<\/strong><\/p>\n<p><strong>1)\u00a0\u00a0\u00a0 <span style=\"text-decoration: underline;\">DES DEFIS REALISES<\/span><\/strong><\/p>\n<p><strong>\u00a0<\/strong><strong>Deux logos sur 2\u00a0 ans, un seul slogan<\/strong><\/p>\n<figure id=\"attachment_421\" aria-describedby=\"caption-attachment-421\" style=\"width: 635px\" class=\"wp-caption aligncenter\"><a href=\"\/clg-paulsymphor\/classe-euro-2\/capture1-2\/\" rel=\"attachment wp-att-421\"><img loading=\"lazy\" decoding=\"async\" class=\"wp-image-421 size-full\" src=\"\/clg-paulsymphor\/wp-content\/uploads\/sites\/75\/2013\/09\/Capture12.jpg\" alt=\"\" width=\"635\" height=\"110\" \/><\/a><figcaption id=\"caption-attachment-421\" class=\"wp-caption-text\"><strong>One for all, all for Europe!<\/strong><\/figcaption><\/figure>\n<p><strong><em>Un pour tous, tous pour l\u2019Europe\u00a0!<\/em><\/strong><\/p>\n<ul>\n<li><strong>Un hymne\u00a0officiel : <em>\u00ab\u00a0Move like we do\u00a0\u00bb<\/em><\/strong><\/li>\n<\/ul>\n<p>&#8211; paroles invent\u00e9es par les \u00e9l\u00e8ves sur la m\u00e9lodie du morceau <strong><em>\u00ab\u00a0Move like Jagger\u00a0\u00bb<\/em><\/strong> du groupe <strong><em>MAROON 5<\/em><\/strong>. Enregistrement audio et clip \u00a0 \u00a0 \u00a0 \u00a0 vid\u00e9o \u00a0 pr\u00e9vus.<\/p>\n<ul>\n<li><strong>Un scrapbook :\u00a0<\/strong>\u00a0un album photo illustr\u00e9 retra\u00e7ant les \u00e9v\u00e8nements marquants de l\u2019ann\u00e9e de 4<sup>e<\/sup>. Disponible au CDI.<\/li>\n<\/ul>\n<ul>\n<li><strong>D\u00e9coration des portes des salles du p\u00f4le langues et des bureaux<\/strong>.<\/li>\n<\/ul>\n<ul>\n<li><strong>Un diaporama de la commune du Robert :\u00a0<\/strong>\u00a0\u00e0 faire parvenir aux correspondants anglophones<\/li>\n<\/ul>\n<ul>\n<li><strong>Une exposition sur Londres et la famille royale :\u00a0<\/strong>\u00a0r\u00e9alis\u00e9e en 4<sup>e<\/sup> lors du Salon des Langues.<\/li>\n<\/ul>\n<ul>\n<li><strong>Une exposition sur l\u2019Union Europ\u00e9enne :\u00a0<\/strong>\u00a0r\u00e9alis\u00e9e en 4e lors du Salon des Langues.<\/li>\n<\/ul>\n<p><strong>2) \u00a0 DES \u00a0SORTIES CINEMA<\/strong><strong>\u00a0<\/strong><\/p>\n<p><strong>\u00a0\u00a0Les b\u00eates du Sud Sauvage\u00a0\u00a0\u00a0\u00a0\u00a0\u00a0\u00a0\u00a0 \u00a0\u00a0\u00a0\u00a0\u00a0\u00a0\u00a0\u00a0\u00a0\u00a0Lincoln\u00a0\u00a0\u00a0\u00a0\u00a0\u00a0\u00a0\u00a0\u00a0\u00a0\u00a0\u00a0\u00a0\u00a0\u00a0\u00a0\u00a0\u00a0\u00a0\u00a0\u00a0\u00a0\u00a0\u00a0\u00a0\u00a0\u00a0\u00a0\u00a0\u00a0\u00a0\u00a0\u00a0\u00a0\u00a0 \u00a0Free Angela<\/strong><\/p>\n<p><strong>\u00a0 <\/strong><strong>\u00a0\u00a0\u00a0<\/strong><strong>\u00a0 \u00a0 \u00a0<\/strong><\/p>\n<p><strong>\u00a03) \u00a0DES ACTIONS CULTURELLES<\/strong><\/p>\n<ul>\n<li><strong>THE EUROPEAN DAY OF LANGUAGES<\/strong><\/li>\n<\/ul>\n<p><strong>\u00a0<\/strong><\/p>\n<p><strong>\u00a0<\/strong><\/p>\n<ul>\n<li><strong>OWN CLOTHES DAY <\/strong>:<strong> la Journ\u00e9e sans Uniforme.<\/strong><\/li>\n<\/ul>\n<p><strong>\u00a0<a href=\"\/clg-paulsymphor\/wp-content\/uploads\/sites\/75\/2013\/09\/DSC04237_compressed.jpg\"><img loading=\"lazy\" decoding=\"async\" class=\"alignnone wp-image-742\" src=\"\/clg-paulsymphor\/wp-content\/uploads\/sites\/75\/2013\/09\/DSC04237_compressed-300x225.jpg\" alt=\"DSC04237_compressed\" width=\"231\" height=\"173\" srcset=\"https:\/\/site.ac-martinique.fr\/clg-paulsymphor\/wp-content\/uploads\/sites\/75\/2013\/09\/DSC04237_compressed-300x225.jpg 300w, https:\/\/site.ac-martinique.fr\/clg-paulsymphor\/wp-content\/uploads\/sites\/75\/2013\/09\/DSC04237_compressed-1024x768.jpg 1024w\" sizes=\"auto, (max-width: 231px) 100vw, 231px\" \/><\/a><a href=\"\/clg-paulsymphor\/wp-content\/uploads\/sites\/75\/2013\/09\/148112_114903835340722_320732285_n_compressed.jpg\"><img loading=\"lazy\" decoding=\"async\" class=\"alignnone wp-image-743\" src=\"\/clg-paulsymphor\/wp-content\/uploads\/sites\/75\/2013\/09\/148112_114903835340722_320732285_n_compressed-300x225.jpg\" alt=\"148112_114903835340722_320732285_n_compressed\" width=\"231\" height=\"173\" srcset=\"https:\/\/site.ac-martinique.fr\/clg-paulsymphor\/wp-content\/uploads\/sites\/75\/2013\/09\/148112_114903835340722_320732285_n_compressed-300x225.jpg 300w, https:\/\/site.ac-martinique.fr\/clg-paulsymphor\/wp-content\/uploads\/sites\/75\/2013\/09\/148112_114903835340722_320732285_n_compressed.jpg 960w\" sizes=\"auto, (max-width: 231px) 100vw, 231px\" \/><\/a><a href=\"\/clg-paulsymphor\/wp-content\/uploads\/sites\/75\/2013\/09\/IMGP0005_compressed.jpg\"><img loading=\"lazy\" decoding=\"async\" class=\"alignnone wp-image-744\" src=\"\/clg-paulsymphor\/wp-content\/uploads\/sites\/75\/2013\/09\/IMGP0005_compressed-300x225.jpg\" alt=\"IMGP0005_compressed\" width=\"231\" height=\"173\" srcset=\"https:\/\/site.ac-martinique.fr\/clg-paulsymphor\/wp-content\/uploads\/sites\/75\/2013\/09\/IMGP0005_compressed-300x225.jpg 300w, https:\/\/site.ac-martinique.fr\/clg-paulsymphor\/wp-content\/uploads\/sites\/75\/2013\/09\/IMGP0005_compressed-1024x768.jpg 1024w\" sizes=\"auto, (max-width: 231px) 100vw, 231px\" \/><\/a><\/strong><\/p>\n<p>&#8211; comme en Angleterre, les \u00e9l\u00e8ves de la classe ont pu porter leurs propres v\u00eatements en \u00e9change d\u2019un euro et ont proc\u00e9d\u00e9 \u00e0 une \u00a0 \u00a0 \u00a0 \u00a0 \u00a0 \u00a0 \u00a0 \u00a0 \u00a0 \u00a0 \u00a0 collecte de fonds au profit d&rsquo; une association caritative.<\/p>\n<p>&#8211; expo photos.<\/p>\n<ul>\n<li><strong>THE HALLOWEEN <\/strong><strong>CONTEST<\/strong>\u00a0: concours de la plus belle d\u00e9coration d\u2019Halloween. \u00a0Expo photos. DVD disponible au CDI.<\/li>\n<\/ul>\n<p><a href=\"\/clg-paulsymphor\/wp-content\/uploads\/sites\/75\/2013\/09\/PTDC0284_compressed.jpg\"><img loading=\"lazy\" decoding=\"async\" class=\"alignnone wp-image-745\" src=\"\/clg-paulsymphor\/wp-content\/uploads\/sites\/75\/2013\/09\/PTDC0284_compressed-300x225.jpg\" alt=\"PTDC0284_compressed\" width=\"255\" height=\"191\" srcset=\"https:\/\/site.ac-martinique.fr\/clg-paulsymphor\/wp-content\/uploads\/sites\/75\/2013\/09\/PTDC0284_compressed-300x225.jpg 300w, https:\/\/site.ac-martinique.fr\/clg-paulsymphor\/wp-content\/uploads\/sites\/75\/2013\/09\/PTDC0284_compressed-1024x768.jpg 1024w\" sizes=\"auto, (max-width: 255px) 100vw, 255px\" \/><\/a>\u00a0 \u00a0 \u00a0 \u00a0 \u00a0\u00a0<a href=\"\/clg-paulsymphor\/wp-content\/uploads\/sites\/75\/2013\/09\/PTDC0288_compressed.jpg\"><img loading=\"lazy\" decoding=\"async\" class=\"alignnone wp-image-746\" src=\"\/clg-paulsymphor\/wp-content\/uploads\/sites\/75\/2013\/09\/PTDC0288_compressed-225x300.jpg\" alt=\"PTDC0288_compressed\" width=\"129\" height=\"172\" srcset=\"https:\/\/site.ac-martinique.fr\/clg-paulsymphor\/wp-content\/uploads\/sites\/75\/2013\/09\/PTDC0288_compressed-225x300.jpg 225w, https:\/\/site.ac-martinique.fr\/clg-paulsymphor\/wp-content\/uploads\/sites\/75\/2013\/09\/PTDC0288_compressed-768x1024.jpg 768w, https:\/\/site.ac-martinique.fr\/clg-paulsymphor\/wp-content\/uploads\/sites\/75\/2013\/09\/PTDC0288_compressed.jpg 1920w\" sizes=\"auto, (max-width: 129px) 100vw, 129px\" \/>\u00a0 \u00a0 \u00a0 \u00a0 <\/a><a href=\"\/clg-paulsymphor\/wp-content\/uploads\/sites\/75\/2013\/09\/PTDC0290_compressed.jpg\"><img loading=\"lazy\" decoding=\"async\" class=\"alignnone wp-image-747\" src=\"\/clg-paulsymphor\/wp-content\/uploads\/sites\/75\/2013\/09\/PTDC0290_compressed-300x225.jpg\" alt=\"PTDC0290_compressed\" width=\"255\" height=\"191\" srcset=\"https:\/\/site.ac-martinique.fr\/clg-paulsymphor\/wp-content\/uploads\/sites\/75\/2013\/09\/PTDC0290_compressed-300x225.jpg 300w, https:\/\/site.ac-martinique.fr\/clg-paulsymphor\/wp-content\/uploads\/sites\/75\/2013\/09\/PTDC0290_compressed-1024x768.jpg 1024w\" sizes=\"auto, (max-width: 255px) 100vw, 255px\" \/><\/a><\/p>\n<ul>\n<li>\u00a0<strong>NEW YEAR\u2019S DAY\u00a0<\/strong>: <strong>c\u00e9l\u00e9bration du Jour de l\u2019An dans certains pays anglophones.<\/strong><\/li>\n<\/ul>\n<p>&#8211; expo photos.<\/p>\n<p>&#8211; prestation chanson :\u00a0 <em>All Lang Syne<\/em>.<\/p>\n<ul>\n<li><strong>PANCAKE RACE\u00a0<\/strong>:<strong> Course de cr\u00eapes<\/strong><\/li>\n<\/ul>\n<p>&#8211; comme au Royaume Uni, on court tout\u00a0 en faisant sauter une cr\u00eape dans une po\u00eale\u00a0 que \u00a0l\u2019on tient \u00e0 \u00a0la main\u00a0!<\/p>\n<p>&#8211;\u00a0expo photos + DVD disponible au CDI.<\/p>\n<ul>\n<li><strong>ST PATRICK\u2019S DAY<\/strong>: <strong>la St Patrick en Irlande.<\/strong><\/li>\n<\/ul>\n<p><strong>\u00a0<\/strong><\/p>\n<ul>\n<li><strong>THE CHRISTMAS PATROL\u00a0: quiz sur No\u00ebl dans la cour \u00e0 la rencontre de la communaut\u00e9 scolaire.<\/strong><\/li>\n<\/ul>\n<p>&#8211; les bonnes r\u00e9ponses \u00e9taient r\u00e9compens\u00e9es de chocolats \u2026 <strong><em>Yum, yum<\/em><\/strong>\u00a0!!!<\/p>\n<ul>\n<li><strong>MARTIN LUTHER KING DAY et AUSTRALIA DAY\u00a0: c\u00e9l\u00e9bration commune de ces 2 jours par les 2 classes europ\u00e9ennes.<\/strong><\/li>\n<\/ul>\n<p><strong>\u00a0<\/strong><\/p>\n<p><strong>\u00a0\u00a0\u00a0\u00a0\u00a0\u00a0\u00a0\u00a0\u00a0\u00a0<\/strong><\/p>\n<p>&#8211; expo + drapeau g\u00e9ant de l\u2019Australie par la 4<sup>e<\/sup> Euro.<\/p>\n<p>&#8211; expo sur M.L. King (dont citations) par la 3e Euro + l\u00e2cher de ballons.<\/p>\n<p>&#8211; chor\u00e9graphies propos\u00e9es par les 2 classes.<\/p>\n<p><strong>\u00a04)<\/strong>\u00a0 \u00a0\u00a0<strong>DES ACTIONS DE SOUTIEN AU VOYAGE<\/strong><\/p>\n<ul>\n<li><strong>Chant\u00e9 Nwel<\/strong><\/li>\n<\/ul>\n<ul>\n<li><strong>March\u00e9 de No\u00ebl<\/strong><\/li>\n<\/ul>\n<p><strong>\u00a0\u00a0\u00a0\u00a0 \u00a0\u00a0<\/strong><\/p>\n<p><strong>\u00a0<\/strong><\/p>\n<ul>\n<li><strong>Vente de cr\u00eapes\u00a0: <\/strong>sorry, on a oubli\u00e9 de prendre des photos\u00a0!<\/li>\n<li><strong>Tombola<\/strong><\/li>\n<li><strong>2 ventes sucr\u00e9\/sal\u00e9\/boissons sur le front de mer du Robert<\/strong><\/li>\n<li><strong>7 ensachages en supermarch\u00e9<\/strong><\/li>\n<\/ul>\n<p><strong>\u00a0<\/strong><\/p>\n<ul>\n<li><strong>Vente de <em>candy grams<\/em> (t\u00e9l\u00e9grammes-bonbons) \u00e0 l\u2019occasion de la St Valentin<\/strong><\/li>\n<\/ul>\n<p><a href=\"\/clg-paulsymphor\/wp-content\/uploads\/sites\/75\/2013\/09\/DSCI0097_compressed.jpg\"><img loading=\"lazy\" decoding=\"async\" class=\"alignnone wp-image-700\" src=\"\/clg-paulsymphor\/wp-content\/uploads\/sites\/75\/2013\/09\/DSCI0097_compressed-300x225.jpg\" alt=\"DSCI0097_compressed\" width=\"231\" height=\"173\" srcset=\"https:\/\/site.ac-martinique.fr\/clg-paulsymphor\/wp-content\/uploads\/sites\/75\/2013\/09\/DSCI0097_compressed-300x225.jpg 300w, https:\/\/site.ac-martinique.fr\/clg-paulsymphor\/wp-content\/uploads\/sites\/75\/2013\/09\/DSCI0097_compressed-1024x768.jpg 1024w\" sizes=\"auto, (max-width: 231px) 100vw, 231px\" \/><\/a>\u00a0\u00a0<a href=\"\/clg-paulsymphor\/wp-content\/uploads\/sites\/75\/2013\/09\/DSCI0101_compressed.jpg\"><img loading=\"lazy\" decoding=\"async\" class=\"alignnone wp-image-701\" src=\"\/clg-paulsymphor\/wp-content\/uploads\/sites\/75\/2013\/09\/DSCI0101_compressed-300x225.jpg\" alt=\"DSCI0101_compressed\" width=\"231\" height=\"173\" srcset=\"https:\/\/site.ac-martinique.fr\/clg-paulsymphor\/wp-content\/uploads\/sites\/75\/2013\/09\/DSCI0101_compressed-300x225.jpg 300w, https:\/\/site.ac-martinique.fr\/clg-paulsymphor\/wp-content\/uploads\/sites\/75\/2013\/09\/DSCI0101_compressed-1024x768.jpg 1024w\" sizes=\"auto, (max-width: 231px) 100vw, 231px\" \/><\/a>\u00a0<a href=\"\/clg-paulsymphor\/wp-content\/uploads\/sites\/75\/2013\/09\/DSCI0093_compressed.jpg\"><img loading=\"lazy\" decoding=\"async\" class=\"alignnone wp-image-748\" src=\"\/clg-paulsymphor\/wp-content\/uploads\/sites\/75\/2013\/09\/DSCI0093_compressed-300x225.jpg\" alt=\"DSCI0093_compressed\" width=\"231\" height=\"173\" srcset=\"https:\/\/site.ac-martinique.fr\/clg-paulsymphor\/wp-content\/uploads\/sites\/75\/2013\/09\/DSCI0093_compressed-300x225.jpg 300w, https:\/\/site.ac-martinique.fr\/clg-paulsymphor\/wp-content\/uploads\/sites\/75\/2013\/09\/DSCI0093_compressed-1024x768.jpg 1024w\" sizes=\"auto, (max-width: 231px) 100vw, 231px\" \/><\/a><\/p>\n<ul>\n<li><strong>Kermesse<\/strong><\/li>\n<li><strong><a href=\"\/clg-paulsymphor\/wp-content\/uploads\/sites\/75\/2013\/09\/DSC_6627_compressed.jpg\"><img loading=\"lazy\" decoding=\"async\" class=\"alignnone wp-image-702\" src=\"\/clg-paulsymphor\/wp-content\/uploads\/sites\/75\/2013\/09\/DSC_6627_compressed-300x198.jpg\" alt=\"DSC_6627_compressed\" width=\"238\" height=\"157\" srcset=\"https:\/\/site.ac-martinique.fr\/clg-paulsymphor\/wp-content\/uploads\/sites\/75\/2013\/09\/DSC_6627_compressed-300x198.jpg 300w, https:\/\/site.ac-martinique.fr\/clg-paulsymphor\/wp-content\/uploads\/sites\/75\/2013\/09\/DSC_6627_compressed-1024x678.jpg 1024w\" sizes=\"auto, (max-width: 238px) 100vw, 238px\" \/><\/a>\u00a0 \u00a0 \u00a0 \u00a0 \u00a0 \u00a0 \u00a0\u00a0<\/strong><a href=\"\/clg-paulsymphor\/wp-content\/uploads\/sites\/75\/2013\/09\/DSCN0740_compressed.jpg\"><img loading=\"lazy\" decoding=\"async\" class=\"alignnone wp-image-704\" src=\"\/clg-paulsymphor\/wp-content\/uploads\/sites\/75\/2013\/09\/DSCN0436_compressed-225x300.jpg\" alt=\"DSCN0436_compressed\" width=\"122\" height=\"162\" srcset=\"https:\/\/site.ac-martinique.fr\/clg-paulsymphor\/wp-content\/uploads\/sites\/75\/2013\/09\/DSCN0436_compressed-225x300.jpg 225w, https:\/\/site.ac-martinique.fr\/clg-paulsymphor\/wp-content\/uploads\/sites\/75\/2013\/09\/DSCN0436_compressed-768x1024.jpg 768w\" sizes=\"auto, (max-width: 122px) 100vw, 122px\" \/><\/a>\u00a0 \u00a0 \u00a0 \u00a0 \u00a0 \u00a0 \u00a0 \u00a0<a href=\"\/clg-paulsymphor\/wp-content\/uploads\/sites\/75\/2013\/09\/DSCN0740_compressed.jpg\"><img loading=\"lazy\" decoding=\"async\" class=\"alignnone wp-image-705\" src=\"\/clg-paulsymphor\/wp-content\/uploads\/sites\/75\/2013\/09\/DSCN0740_compressed-300x225.jpg\" alt=\"DSCN0740_compressed\" width=\"231\" height=\"173\" srcset=\"https:\/\/site.ac-martinique.fr\/clg-paulsymphor\/wp-content\/uploads\/sites\/75\/2013\/09\/DSCN0740_compressed-300x225.jpg 300w, https:\/\/site.ac-martinique.fr\/clg-paulsymphor\/wp-content\/uploads\/sites\/75\/2013\/09\/DSCN0740_compressed-1024x768.jpg 1024w\" sizes=\"auto, (max-width: 231px) 100vw, 231px\" \/><\/a><a href=\"\/clg-paulsymphor\/wp-content\/uploads\/sites\/75\/2013\/09\/DSC_6602_compressed.jpg\"><img loading=\"lazy\" decoding=\"async\" class=\"alignnone wp-image-706\" src=\"\/clg-paulsymphor\/wp-content\/uploads\/sites\/75\/2013\/09\/DSC_6602_compressed-300x198.jpg\" alt=\"DSC_6602_compressed\" width=\"231\" height=\"153\" srcset=\"https:\/\/site.ac-martinique.fr\/clg-paulsymphor\/wp-content\/uploads\/sites\/75\/2013\/09\/DSC_6602_compressed-300x198.jpg 300w, https:\/\/site.ac-martinique.fr\/clg-paulsymphor\/wp-content\/uploads\/sites\/75\/2013\/09\/DSC_6602_compressed-1024x678.jpg 1024w\" sizes=\"auto, (max-width: 231px) 100vw, 231px\" \/><\/a><a href=\"\/clg-paulsymphor\/wp-content\/uploads\/sites\/75\/2013\/09\/DSC_6609_compressed.jpg\"><img loading=\"lazy\" decoding=\"async\" class=\"alignnone wp-image-707\" src=\"\/clg-paulsymphor\/wp-content\/uploads\/sites\/75\/2013\/09\/DSC_6609_compressed-300x198.jpg\" alt=\"DSC_6609_compressed\" width=\"217\" height=\"144\" srcset=\"https:\/\/site.ac-martinique.fr\/clg-paulsymphor\/wp-content\/uploads\/sites\/75\/2013\/09\/DSC_6609_compressed-300x198.jpg 300w, https:\/\/site.ac-martinique.fr\/clg-paulsymphor\/wp-content\/uploads\/sites\/75\/2013\/09\/DSC_6609_compressed-1024x678.jpg 1024w\" sizes=\"auto, (max-width: 217px) 100vw, 217px\" \/><\/a><a href=\"\/clg-paulsymphor\/wp-content\/uploads\/sites\/75\/2013\/09\/DSC_6606_compressed.jpg\"><img loading=\"lazy\" decoding=\"async\" class=\"alignnone wp-image-708\" src=\"\/clg-paulsymphor\/wp-content\/uploads\/sites\/75\/2013\/09\/DSC_6606_compressed-300x198.jpg\" alt=\"DSC_6606_compressed\" width=\"227\" height=\"150\" srcset=\"https:\/\/site.ac-martinique.fr\/clg-paulsymphor\/wp-content\/uploads\/sites\/75\/2013\/09\/DSC_6606_compressed-300x198.jpg 300w, https:\/\/site.ac-martinique.fr\/clg-paulsymphor\/wp-content\/uploads\/sites\/75\/2013\/09\/DSC_6606_compressed-1024x678.jpg 1024w\" sizes=\"auto, (max-width: 227px) 100vw, 227px\" \/><\/a><\/li>\n<li><\/li>\n<\/ul>\n<p><strong>\u00a0<\/strong><\/p>\n<p><strong>\u00a0<\/strong><\/p>\n<p><strong>\u00a05) \u00a0 \u00a0<\/strong><strong>DES PROJETS DE FIN D\u2019ANNEE<\/strong><\/p>\n<ul>\n<li><strong>Conf\u00e9rence de presse\u00a0: <\/strong>les grandes figures anglophones de l\u2019histoire.<\/li>\n<li><strong><em>The Euro Show\u00a0<\/em><\/strong><strong>: <\/strong>un spectacle o\u00f9 se m\u00ealeront th\u00e9\u00e2tre, musique et art oratoire.<\/li>\n<li><strong>Soir\u00e9e de retour de voyage<\/strong><\/li>\n<li><strong>R\u00e9alisation du DVD du voyage<\/strong><\/li>\n<\/ul>\n<p><strong>\u00a0<\/strong><\/p>\n<p><strong>\u00a0<\/strong><\/p>\n<p><strong>\u00a0<\/strong><\/p>\n<p><strong>\u00a0<\/strong><\/p>\n","protected":false},"excerpt":{"rendered":"<p>LA 3\u00e8me\u00a0EUROPEENNE OPTION ANGLAIS Des \u00e9l\u00e8ves motiv\u00e9s par l\u2019apprentissage de l\u2019anglais et poss\u00e9dant un assez bon niveau dans la mati\u00e8re. Des \u00e9l\u00e8ves qui explorent une autre fa\u00e7on de travailler la langue, en privil\u00e9giant l\u2019oral, la civilisation et la cr\u00e9ation. Des \u00e9l\u00e8ves volontaires pr\u00eats \u00e0 enrichir leur culture anglophone et \u00e0 la faire d\u00e9couvrir en s\u2019impliquant [&hellip;]<\/p>\n","protected":false},"author":1295,"featured_media":0,"parent":937,"menu_order":0,"comment_status":"closed","ping_status":"closed","template":"","meta":{"footnotes":""},"class_list":["post-1208","page","type-page","status-publish","hentry"],"_links":{"self":[{"href":"https:\/\/site.ac-martinique.fr\/clg-paulsymphor\/wp-json\/wp\/v2\/pages\/1208","targetHints":{"allow":["GET"]}}],"collection":[{"href":"https:\/\/site.ac-martinique.fr\/clg-paulsymphor\/wp-json\/wp\/v2\/pages"}],"about":[{"href":"https:\/\/site.ac-martinique.fr\/clg-paulsymphor\/wp-json\/wp\/v2\/types\/page"}],"author":[{"embeddable":true,"href":"https:\/\/site.ac-martinique.fr\/clg-paulsymphor\/wp-json\/wp\/v2\/users\/1295"}],"replies":[{"embeddable":true,"href":"https:\/\/site.ac-martinique.fr\/clg-paulsymphor\/wp-json\/wp\/v2\/comments?post=1208"}],"version-history":[{"count":1,"href":"https:\/\/site.ac-martinique.fr\/clg-paulsymphor\/wp-json\/wp\/v2\/pages\/1208\/revisions"}],"predecessor-version":[{"id":1209,"href":"https:\/\/site.ac-martinique.fr\/clg-paulsymphor\/wp-json\/wp\/v2\/pages\/1208\/revisions\/1209"}],"up":[{"embeddable":true,"href":"https:\/\/site.ac-martinique.fr\/clg-paulsymphor\/wp-json\/wp\/v2\/pages\/937"}],"wp:attachment":[{"href":"https:\/\/site.ac-martinique.fr\/clg-paulsymphor\/wp-json\/wp\/v2\/media?parent=1208"}],"curies":[{"name":"wp","href":"https:\/\/api.w.org\/{rel}","templated":true}]}}