{"id":1598,"date":"2018-01-19T20:14:29","date_gmt":"2018-01-19T19:14:29","guid":{"rendered":"https:\/\/clg-paulsymphor.ac-martinique.fr\/wordpress\/?page_id=1598"},"modified":"2023-05-09T17:32:54","modified_gmt":"2023-05-09T15:32:54","slug":"ancres","status":"publish","type":"page","link":"https:\/\/site.ac-martinique.fr\/clg-paulsymphor\/ancres\/","title":{"rendered":"ANCRES"},"content":{"rendered":"\n<figure class=\"wp-block-image size-full\"><a href=\"https:\/\/site.ac-martinique.fr\/clg-paulsymphor\/category\/ancres\/\"><img loading=\"lazy\" decoding=\"async\" width=\"1000\" height=\"200\" src=\"https:\/\/site.ac-martinique.fr\/clg-paulsymphor\/wp-content\/uploads\/sites\/75\/2023\/03\/c6e04bd9-9903-49a0-b193-4621c4b11a6d.png\" alt=\"\" class=\"wp-image-2208\" srcset=\"https:\/\/site.ac-martinique.fr\/clg-paulsymphor\/wp-content\/uploads\/sites\/75\/2023\/03\/c6e04bd9-9903-49a0-b193-4621c4b11a6d.png 1000w, https:\/\/site.ac-martinique.fr\/clg-paulsymphor\/wp-content\/uploads\/sites\/75\/2023\/03\/c6e04bd9-9903-49a0-b193-4621c4b11a6d-300x60.png 300w, https:\/\/site.ac-martinique.fr\/clg-paulsymphor\/wp-content\/uploads\/sites\/75\/2023\/03\/c6e04bd9-9903-49a0-b193-4621c4b11a6d-768x154.png 768w, https:\/\/site.ac-martinique.fr\/clg-paulsymphor\/wp-content\/uploads\/sites\/75\/2023\/03\/c6e04bd9-9903-49a0-b193-4621c4b11a6d-750x150.png 750w\" sizes=\"auto, (max-width: 1000px) 100vw, 1000px\" \/><\/a><\/figure>\n\n\n\n<div style=\"height:9px\" aria-hidden=\"true\" class=\"wp-block-spacer\"><\/div>\n\n\n<p>Bien bonjour, vous qui naviguez sur le site de notre coll\u00e8ge et avez pos\u00e9 votre ancre ici.<\/p>\n<p>Nous vous proposons un \u00ab voyage linguistique \u00bb en partant \u00e0 la d\u00e9couverte du travail de nos \u00e9l\u00e8ves et de leurs professeurs de langues.<\/p>\n<p>ANCRES est la rencontre entre l\u2019ANglais, le CR\u00e9ole et l\u2019ESpagnol.<br \/>Malgr\u00e9 la diversit\u00e9 de nos disciplines, nous nous retrouvons autour d\u2019un m\u00eame objectif : donner l\u2019envie d\u2019apprendre les langues \u00e9trang\u00e8res pour \u00e9voluer dans notre environnement<br \/>carib\u00e9en, tout en affirmant notre identit\u00e9 martiniquaise gr\u00e2ce aux enseignements en langue et culture cr\u00e9ole.<\/p>\n<p>Bon voyage et au plaisir de vous accueillir de nouveau \u00e0 bord.<\/p>\n<p>\u00a0<\/p>\n\n\n<figure class=\"wp-block-gallery has-nested-images columns-default is-cropped wp-block-gallery-1 is-layout-flex wp-block-gallery-is-layout-flex\">\n<figure class=\"wp-block-image size-large\"><a href=\"https:\/\/site.ac-martinique.fr\/clg-paulsymphor\/category\/ancres\/\"><img loading=\"lazy\" decoding=\"async\" width=\"576\" height=\"1024\" data-id=\"2193\" src=\"https:\/\/site.ac-martinique.fr\/clg-paulsymphor\/wp-content\/uploads\/sites\/75\/2023\/01\/0-1-576x1024.png\" alt=\"\" class=\"wp-image-2193\" srcset=\"https:\/\/site.ac-martinique.fr\/clg-paulsymphor\/wp-content\/uploads\/sites\/75\/2023\/01\/0-1-576x1024.png 576w, https:\/\/site.ac-martinique.fr\/clg-paulsymphor\/wp-content\/uploads\/sites\/75\/2023\/01\/0-1-169x300.png 169w, https:\/\/site.ac-martinique.fr\/clg-paulsymphor\/wp-content\/uploads\/sites\/75\/2023\/01\/0-1-768x1365.png 768w, https:\/\/site.ac-martinique.fr\/clg-paulsymphor\/wp-content\/uploads\/sites\/75\/2023\/01\/0-1-864x1536.png 864w, https:\/\/site.ac-martinique.fr\/clg-paulsymphor\/wp-content\/uploads\/sites\/75\/2023\/01\/0-1-750x1333.png 750w, https:\/\/site.ac-martinique.fr\/clg-paulsymphor\/wp-content\/uploads\/sites\/75\/2023\/01\/0-1.png 1080w\" sizes=\"auto, (max-width: 576px) 100vw, 576px\" \/><\/a><\/figure>\n\n\n\n<figure class=\"wp-block-image size-large\"><a href=\"https:\/\/site.ac-martinique.fr\/clg-paulsymphor\/category\/ancres\/\"><img loading=\"lazy\" decoding=\"async\" width=\"576\" height=\"1024\" data-id=\"2192\" src=\"https:\/\/site.ac-martinique.fr\/clg-paulsymphor\/wp-content\/uploads\/sites\/75\/2023\/01\/1-1-576x1024.png\" alt=\"\" class=\"wp-image-2192\" srcset=\"https:\/\/site.ac-martinique.fr\/clg-paulsymphor\/wp-content\/uploads\/sites\/75\/2023\/01\/1-1-576x1024.png 576w, https:\/\/site.ac-martinique.fr\/clg-paulsymphor\/wp-content\/uploads\/sites\/75\/2023\/01\/1-1-169x300.png 169w, https:\/\/site.ac-martinique.fr\/clg-paulsymphor\/wp-content\/uploads\/sites\/75\/2023\/01\/1-1-768x1365.png 768w, https:\/\/site.ac-martinique.fr\/clg-paulsymphor\/wp-content\/uploads\/sites\/75\/2023\/01\/1-1-864x1536.png 864w, https:\/\/site.ac-martinique.fr\/clg-paulsymphor\/wp-content\/uploads\/sites\/75\/2023\/01\/1-1-750x1333.png 750w, https:\/\/site.ac-martinique.fr\/clg-paulsymphor\/wp-content\/uploads\/sites\/75\/2023\/01\/1-1.png 1080w\" sizes=\"auto, (max-width: 576px) 100vw, 576px\" \/><\/a><\/figure>\n\n\n\n<figure class=\"wp-block-image size-large\"><a href=\"https:\/\/site.ac-martinique.fr\/clg-paulsymphor\/category\/ancres\/\"><img loading=\"lazy\" decoding=\"async\" width=\"576\" height=\"1024\" data-id=\"2194\" src=\"https:\/\/site.ac-martinique.fr\/clg-paulsymphor\/wp-content\/uploads\/sites\/75\/2023\/01\/2-1-576x1024.png\" alt=\"\" class=\"wp-image-2194\" srcset=\"https:\/\/site.ac-martinique.fr\/clg-paulsymphor\/wp-content\/uploads\/sites\/75\/2023\/01\/2-1-576x1024.png 576w, https:\/\/site.ac-martinique.fr\/clg-paulsymphor\/wp-content\/uploads\/sites\/75\/2023\/01\/2-1-169x300.png 169w, https:\/\/site.ac-martinique.fr\/clg-paulsymphor\/wp-content\/uploads\/sites\/75\/2023\/01\/2-1-768x1365.png 768w, https:\/\/site.ac-martinique.fr\/clg-paulsymphor\/wp-content\/uploads\/sites\/75\/2023\/01\/2-1-864x1536.png 864w, https:\/\/site.ac-martinique.fr\/clg-paulsymphor\/wp-content\/uploads\/sites\/75\/2023\/01\/2-1-750x1333.png 750w, https:\/\/site.ac-martinique.fr\/clg-paulsymphor\/wp-content\/uploads\/sites\/75\/2023\/01\/2-1.png 1080w\" sizes=\"auto, (max-width: 576px) 100vw, 576px\" \/><\/a><\/figure>\n<\/figure>\n\n\n\n<div style=\"height:7px\" aria-hidden=\"true\" class=\"wp-block-spacer\"><\/div>\n","protected":false},"excerpt":{"rendered":"<p>Bien bonjour, vous qui naviguez sur le site de notre coll\u00e8ge et avez pos\u00e9 votre ancre ici. Nous vous proposons un \u00ab voyage linguistique \u00bb en partant \u00e0 la d\u00e9couverte du travail de nos \u00e9l\u00e8ves et de leurs professeurs de langues. ANCRES est la rencontre entre l\u2019ANglais, le CR\u00e9ole et l\u2019ESpagnol.Malgr\u00e9 la diversit\u00e9 de nos [&hellip;]<\/p>\n","protected":false},"author":1295,"featured_media":0,"parent":0,"menu_order":0,"comment_status":"closed","ping_status":"closed","template":"","meta":{"footnotes":""},"class_list":["post-1598","page","type-page","status-publish","hentry"],"_links":{"self":[{"href":"https:\/\/site.ac-martinique.fr\/clg-paulsymphor\/wp-json\/wp\/v2\/pages\/1598","targetHints":{"allow":["GET"]}}],"collection":[{"href":"https:\/\/site.ac-martinique.fr\/clg-paulsymphor\/wp-json\/wp\/v2\/pages"}],"about":[{"href":"https:\/\/site.ac-martinique.fr\/clg-paulsymphor\/wp-json\/wp\/v2\/types\/page"}],"author":[{"embeddable":true,"href":"https:\/\/site.ac-martinique.fr\/clg-paulsymphor\/wp-json\/wp\/v2\/users\/1295"}],"replies":[{"embeddable":true,"href":"https:\/\/site.ac-martinique.fr\/clg-paulsymphor\/wp-json\/wp\/v2\/comments?post=1598"}],"version-history":[{"count":15,"href":"https:\/\/site.ac-martinique.fr\/clg-paulsymphor\/wp-json\/wp\/v2\/pages\/1598\/revisions"}],"predecessor-version":[{"id":2247,"href":"https:\/\/site.ac-martinique.fr\/clg-paulsymphor\/wp-json\/wp\/v2\/pages\/1598\/revisions\/2247"}],"wp:attachment":[{"href":"https:\/\/site.ac-martinique.fr\/clg-paulsymphor\/wp-json\/wp\/v2\/media?parent=1598"}],"curies":[{"name":"wp","href":"https:\/\/api.w.org\/{rel}","templated":true}]}}