{"id":2319,"date":"2023-12-18T22:18:36","date_gmt":"2023-12-18T21:18:36","guid":{"rendered":"https:\/\/site.ac-martinique.fr\/clg-paulsymphor\/?page_id=2319"},"modified":"2024-09-04T18:17:13","modified_gmt":"2024-09-04T16:17:13","slug":"le-numerique-au-college-ce-que-vous-devez-savoir","status":"publish","type":"page","link":"https:\/\/site.ac-martinique.fr\/clg-paulsymphor\/le-numerique-au-college-ce-que-vous-devez-savoir\/","title":{"rendered":"NUM\u00c9RIQUE AU COLL\u00c8GE"},"content":{"rendered":"<div class=\"wp-block-image\">\n<figure class=\"aligncenter size-large\"><img loading=\"lazy\" decoding=\"async\" width=\"1024\" height=\"585\" src=\"https:\/\/site.ac-martinique.fr\/clg-paulsymphor\/wp-content\/uploads\/sites\/75\/2023\/12\/Firefly-Representation-dune-charte-informatique-avec-des-ordinateurs-et-tablettes-41767-1024x585.jpg\" alt=\"\" class=\"wp-image-2320\" srcset=\"https:\/\/site.ac-martinique.fr\/clg-paulsymphor\/wp-content\/uploads\/sites\/75\/2023\/12\/Firefly-Representation-dune-charte-informatique-avec-des-ordinateurs-et-tablettes-41767-1024x585.jpg 1024w, https:\/\/site.ac-martinique.fr\/clg-paulsymphor\/wp-content\/uploads\/sites\/75\/2023\/12\/Firefly-Representation-dune-charte-informatique-avec-des-ordinateurs-et-tablettes-41767-300x171.jpg 300w, https:\/\/site.ac-martinique.fr\/clg-paulsymphor\/wp-content\/uploads\/sites\/75\/2023\/12\/Firefly-Representation-dune-charte-informatique-avec-des-ordinateurs-et-tablettes-41767-768x439.jpg 768w, https:\/\/site.ac-martinique.fr\/clg-paulsymphor\/wp-content\/uploads\/sites\/75\/2023\/12\/Firefly-Representation-dune-charte-informatique-avec-des-ordinateurs-et-tablettes-41767-1536x878.jpg 1536w, https:\/\/site.ac-martinique.fr\/clg-paulsymphor\/wp-content\/uploads\/sites\/75\/2023\/12\/Firefly-Representation-dune-charte-informatique-avec-des-ordinateurs-et-tablettes-41767-2048x1170.jpg 2048w, https:\/\/site.ac-martinique.fr\/clg-paulsymphor\/wp-content\/uploads\/sites\/75\/2023\/12\/Firefly-Representation-dune-charte-informatique-avec-des-ordinateurs-et-tablettes-41767-750x429.jpg 750w\" sizes=\"auto, (max-width: 1024px) 100vw, 1024px\" \/><\/figure>\n<\/div>\n\n\n<p><br>Bienvenue sur notre page d\u00e9di\u00e9e \u00e0 l&rsquo;usage du num\u00e9rique au sein de notre coll\u00e8ge, votre source d&rsquo;informations sur l&rsquo;utilisation de la technologie pour enrichir l&rsquo;apprentissage des \u00e9l\u00e8ves. Explorez notre univers \u00e9ducatif num\u00e9rique d\u00e8s maintenant !<\/p>\n\n\n\n<h2 class=\"wp-block-heading\">Usages des ordinateurs fournis par la CTM<\/h2>\n\n\n\n<div class=\"wp-block-cover aligncenter\" style=\"min-height:586px;aspect-ratio:unset;\"><span aria-hidden=\"true\" class=\"wp-block-cover__background has-background-dim\"><\/span><img loading=\"lazy\" decoding=\"async\" width=\"1024\" height=\"796\" sizes=\"auto, (max-width: 799px) 200vw, (max-width: 2304px) 100vw, 2304px\" class=\"wp-block-cover__image-background wp-image-2330\" alt=\"\" src=\"https:\/\/site.ac-martinique.fr\/clg-paulsymphor\/wp-content\/uploads\/sites\/75\/2023\/12\/Sans-titre-1024x796.png\" data-object-fit=\"cover\" srcset=\"https:\/\/site.ac-martinique.fr\/clg-paulsymphor\/wp-content\/uploads\/sites\/75\/2023\/12\/Sans-titre-1024x796.png 1024w, https:\/\/site.ac-martinique.fr\/clg-paulsymphor\/wp-content\/uploads\/sites\/75\/2023\/12\/Sans-titre-300x233.png 300w, https:\/\/site.ac-martinique.fr\/clg-paulsymphor\/wp-content\/uploads\/sites\/75\/2023\/12\/Sans-titre-768x597.png 768w, https:\/\/site.ac-martinique.fr\/clg-paulsymphor\/wp-content\/uploads\/sites\/75\/2023\/12\/Sans-titre-1536x1195.png 1536w, https:\/\/site.ac-martinique.fr\/clg-paulsymphor\/wp-content\/uploads\/sites\/75\/2023\/12\/Sans-titre-2048x1593.png 2048w, https:\/\/site.ac-martinique.fr\/clg-paulsymphor\/wp-content\/uploads\/sites\/75\/2023\/12\/Sans-titre-750x583.png 750w\" \/><div class=\"wp-block-cover__inner-container is-layout-flow wp-block-cover-is-layout-flow\">\n<p class=\"has-text-align-center has-large-font-size\"><\/p>\n\n\n<div class=\"wp-block-image\">\n<figure class=\"aligncenter size-full is-resized\"><a href=\"https:\/\/site.ac-martinique.fr\/clg-paulsymphor\/2023\/12\/19\/usages-des-ordinateurs-fournis-par-la-ctm\/\"><img loading=\"lazy\" decoding=\"async\" width=\"400\" height=\"400\" src=\"https:\/\/site.ac-martinique.fr\/clg-paulsymphor\/wp-content\/uploads\/sites\/75\/2023\/12\/wepik-monocolor-click-amp-collect-area-floor-sticker-20231219195544hypP.png\" alt=\"\" class=\"wp-image-2346\" style=\"width:450px\" srcset=\"https:\/\/site.ac-martinique.fr\/clg-paulsymphor\/wp-content\/uploads\/sites\/75\/2023\/12\/wepik-monocolor-click-amp-collect-area-floor-sticker-20231219195544hypP.png 400w, https:\/\/site.ac-martinique.fr\/clg-paulsymphor\/wp-content\/uploads\/sites\/75\/2023\/12\/wepik-monocolor-click-amp-collect-area-floor-sticker-20231219195544hypP-300x300.png 300w, https:\/\/site.ac-martinique.fr\/clg-paulsymphor\/wp-content\/uploads\/sites\/75\/2023\/12\/wepik-monocolor-click-amp-collect-area-floor-sticker-20231219195544hypP-150x150.png 150w\" sizes=\"auto, (max-width: 400px) 100vw, 400px\" \/><\/a><\/figure>\n<\/div><\/div><\/div>\n\n\n\n<p><\/p>\n\n\n\n<h2 class=\"wp-block-heading\">Assistance pour les ordinateurs fournis par la CTM<\/h2>\n\n\n\n<div class=\"wp-block-cover aligncenter\"><span aria-hidden=\"true\" class=\"wp-block-cover__background has-background-dim\"><\/span><img loading=\"lazy\" decoding=\"async\" width=\"1024\" height=\"796\" sizes=\"auto, (max-width: 799px) 200vw, (max-width: 2304px) 100vw, 2304px\" class=\"wp-block-cover__image-background wp-image-2337\" alt=\"\" src=\"https:\/\/site.ac-martinique.fr\/clg-paulsymphor\/wp-content\/uploads\/sites\/75\/2023\/12\/Assistance-image-1024x796.png\" data-object-fit=\"cover\" srcset=\"https:\/\/site.ac-martinique.fr\/clg-paulsymphor\/wp-content\/uploads\/sites\/75\/2023\/12\/Assistance-image-1024x796.png 1024w, https:\/\/site.ac-martinique.fr\/clg-paulsymphor\/wp-content\/uploads\/sites\/75\/2023\/12\/Assistance-image-300x233.png 300w, https:\/\/site.ac-martinique.fr\/clg-paulsymphor\/wp-content\/uploads\/sites\/75\/2023\/12\/Assistance-image-768x597.png 768w, https:\/\/site.ac-martinique.fr\/clg-paulsymphor\/wp-content\/uploads\/sites\/75\/2023\/12\/Assistance-image-1536x1195.png 1536w, https:\/\/site.ac-martinique.fr\/clg-paulsymphor\/wp-content\/uploads\/sites\/75\/2023\/12\/Assistance-image-2048x1593.png 2048w, https:\/\/site.ac-martinique.fr\/clg-paulsymphor\/wp-content\/uploads\/sites\/75\/2023\/12\/Assistance-image-750x583.png 750w\" \/><div class=\"wp-block-cover__inner-container is-layout-flow wp-block-cover-is-layout-flow\">\n<p class=\"has-text-align-center has-large-font-size\"><\/p>\n\n\n<div class=\"wp-block-image\">\n<figure class=\"aligncenter size-full is-resized\"><a href=\"https:\/\/site.ac-martinique.fr\/clg-paulsymphor\/2023\/12\/18\/assistance-pour-les-ordinateurs-fournis-par-la-ctm\/\"><img loading=\"lazy\" decoding=\"async\" width=\"400\" height=\"400\" src=\"https:\/\/site.ac-martinique.fr\/clg-paulsymphor\/wp-content\/uploads\/sites\/75\/2023\/12\/wepik-monocolor-click-amp-collect-area-floor-sticker-20231219195544hypP-1.png\" alt=\"\" class=\"wp-image-2347\" style=\"width:450px\" srcset=\"https:\/\/site.ac-martinique.fr\/clg-paulsymphor\/wp-content\/uploads\/sites\/75\/2023\/12\/wepik-monocolor-click-amp-collect-area-floor-sticker-20231219195544hypP-1.png 400w, https:\/\/site.ac-martinique.fr\/clg-paulsymphor\/wp-content\/uploads\/sites\/75\/2023\/12\/wepik-monocolor-click-amp-collect-area-floor-sticker-20231219195544hypP-1-300x300.png 300w, https:\/\/site.ac-martinique.fr\/clg-paulsymphor\/wp-content\/uploads\/sites\/75\/2023\/12\/wepik-monocolor-click-amp-collect-area-floor-sticker-20231219195544hypP-1-150x150.png 150w\" sizes=\"auto, (max-width: 400px) 100vw, 400px\" \/><\/a><\/figure>\n<\/div><\/div><\/div>\n","protected":false},"excerpt":{"rendered":"<p>Bienvenue sur notre page d\u00e9di\u00e9e \u00e0 l&rsquo;usage du num\u00e9rique au sein de notre coll\u00e8ge, votre source d&rsquo;informations sur l&rsquo;utilisation de la technologie pour enrichir l&rsquo;apprentissage des \u00e9l\u00e8ves. Explorez notre univers \u00e9ducatif num\u00e9rique d\u00e8s maintenant ! Usages des ordinateurs fournis par la CTM Assistance pour les ordinateurs fournis par la CTM<\/p>\n","protected":false},"author":207,"featured_media":0,"parent":0,"menu_order":0,"comment_status":"closed","ping_status":"closed","template":"","meta":{"footnotes":""},"class_list":["post-2319","page","type-page","status-publish","hentry"],"_links":{"self":[{"href":"https:\/\/site.ac-martinique.fr\/clg-paulsymphor\/wp-json\/wp\/v2\/pages\/2319","targetHints":{"allow":["GET"]}}],"collection":[{"href":"https:\/\/site.ac-martinique.fr\/clg-paulsymphor\/wp-json\/wp\/v2\/pages"}],"about":[{"href":"https:\/\/site.ac-martinique.fr\/clg-paulsymphor\/wp-json\/wp\/v2\/types\/page"}],"author":[{"embeddable":true,"href":"https:\/\/site.ac-martinique.fr\/clg-paulsymphor\/wp-json\/wp\/v2\/users\/207"}],"replies":[{"embeddable":true,"href":"https:\/\/site.ac-martinique.fr\/clg-paulsymphor\/wp-json\/wp\/v2\/comments?post=2319"}],"version-history":[{"count":8,"href":"https:\/\/site.ac-martinique.fr\/clg-paulsymphor\/wp-json\/wp\/v2\/pages\/2319\/revisions"}],"predecessor-version":[{"id":2698,"href":"https:\/\/site.ac-martinique.fr\/clg-paulsymphor\/wp-json\/wp\/v2\/pages\/2319\/revisions\/2698"}],"wp:attachment":[{"href":"https:\/\/site.ac-martinique.fr\/clg-paulsymphor\/wp-json\/wp\/v2\/media?parent=2319"}],"curies":[{"name":"wp","href":"https:\/\/api.w.org\/{rel}","templated":true}]}}