{"id":2691,"date":"2024-09-04T17:26:15","date_gmt":"2024-09-04T15:26:15","guid":{"rendered":"https:\/\/site.ac-martinique.fr\/clg-paulsymphor\/?page_id=2691"},"modified":"2024-09-04T17:26:16","modified_gmt":"2024-09-04T15:26:16","slug":"comment-se-connecter-a-pronote-avec-mon-portable","status":"publish","type":"page","link":"https:\/\/site.ac-martinique.fr\/clg-paulsymphor\/le-numerique-au-college-ce-que-vous-devez-savoir\/comment-se-connecter-a-pronote-avec-mon-portable\/","title":{"rendered":"Comment se connecter \u00e0 PRONOTE avec mon portable"},"content":{"rendered":"\n<p>Parents, \u00e9l\u00e8ves,<\/p>\n\n\n\n<p>Nous mettons \u00e0 votre disposition cette notice afin de vous aider pour la connexion \u00e0 Pronote. Ce guide vous expliquera \u00e9tape par \u00e9tape comment vous connecter \u00e0 votre compte depuis votre smartphone et acc\u00e9der aux informations scolaires de l&rsquo;\u00e9l\u00e8ve, incluant les notes, les emplois du temps, et les communications de l&rsquo;\u00e9cole. Cette notice vise \u00e0 simplifier votre exp\u00e9rience utilisateur et \u00e0 vous assurer un acc\u00e8s sans difficult\u00e9 \u00e0 tous les outils et informations n\u00e9cessaires.<\/p>\n\n\n\n<div data-wp-interactive=\"core\/file\" class=\"wp-block-file\"><object data-wp-bind--hidden=\"!state.hasPdfPreview\" hidden class=\"wp-block-file__embed\" data=\"https:\/\/site.ac-martinique.fr\/clg-paulsymphor\/wp-content\/uploads\/sites\/75\/2024\/09\/Se-connecter-a-lappli-Pronote-en-authentification-directe.pdf\" type=\"application\/pdf\" style=\"width:100%;height:700px\" aria-label=\"Contenu embarqu\u00e9 Se connecter \u00e0 l&apos;appli Pronote en authentification directe.\"><\/object><a id=\"wp-block-file--media-7d7e1ad3-2bfd-4156-8d87-f0210bfeaab1\" href=\"https:\/\/site.ac-martinique.fr\/clg-paulsymphor\/wp-content\/uploads\/sites\/75\/2024\/09\/Se-connecter-a-lappli-Pronote-en-authentification-directe.pdf\" target=\"_blank\" rel=\"noreferrer noopener\">Se connecter \u00e0 l&rsquo;appli Pronote en authentification directe<\/a><a href=\"https:\/\/site.ac-martinique.fr\/clg-paulsymphor\/wp-content\/uploads\/sites\/75\/2024\/09\/Se-connecter-a-lappli-Pronote-en-authentification-directe.pdf\" class=\"wp-block-file__button wp-element-button\" download aria-describedby=\"wp-block-file--media-7d7e1ad3-2bfd-4156-8d87-f0210bfeaab1\">T\u00e9l\u00e9charger<\/a><\/div>\n\n\n\n<p>Nous vous invitons \u00e0 consulter attentivement cette notice pour faciliter votre connexion et tirer le meilleur parti de Pronote. Si vous rencontrez des difficult\u00e9s, n&rsquo;h\u00e9sitez pas \u00e0 nous contacter.<\/p>\n\n\n\n<p>Le service Informatique du coll\u00e8ge<\/p>\n","protected":false},"excerpt":{"rendered":"<p>Parents, \u00e9l\u00e8ves, Nous mettons \u00e0 votre disposition cette notice afin de vous aider pour la connexion \u00e0 Pronote. Ce guide vous expliquera \u00e9tape par \u00e9tape comment vous connecter \u00e0 votre compte depuis votre smartphone et acc\u00e9der aux informations scolaires de l&rsquo;\u00e9l\u00e8ve, incluant les notes, les emplois du temps, et les communications de l&rsquo;\u00e9cole. Cette notice [&hellip;]<\/p>\n","protected":false},"author":207,"featured_media":0,"parent":2319,"menu_order":0,"comment_status":"closed","ping_status":"closed","template":"","meta":{"footnotes":""},"class_list":["post-2691","page","type-page","status-publish","hentry"],"_links":{"self":[{"href":"https:\/\/site.ac-martinique.fr\/clg-paulsymphor\/wp-json\/wp\/v2\/pages\/2691","targetHints":{"allow":["GET"]}}],"collection":[{"href":"https:\/\/site.ac-martinique.fr\/clg-paulsymphor\/wp-json\/wp\/v2\/pages"}],"about":[{"href":"https:\/\/site.ac-martinique.fr\/clg-paulsymphor\/wp-json\/wp\/v2\/types\/page"}],"author":[{"embeddable":true,"href":"https:\/\/site.ac-martinique.fr\/clg-paulsymphor\/wp-json\/wp\/v2\/users\/207"}],"replies":[{"embeddable":true,"href":"https:\/\/site.ac-martinique.fr\/clg-paulsymphor\/wp-json\/wp\/v2\/comments?post=2691"}],"version-history":[{"count":1,"href":"https:\/\/site.ac-martinique.fr\/clg-paulsymphor\/wp-json\/wp\/v2\/pages\/2691\/revisions"}],"predecessor-version":[{"id":2692,"href":"https:\/\/site.ac-martinique.fr\/clg-paulsymphor\/wp-json\/wp\/v2\/pages\/2691\/revisions\/2692"}],"up":[{"embeddable":true,"href":"https:\/\/site.ac-martinique.fr\/clg-paulsymphor\/wp-json\/wp\/v2\/pages\/2319"}],"wp:attachment":[{"href":"https:\/\/site.ac-martinique.fr\/clg-paulsymphor\/wp-json\/wp\/v2\/media?parent=2691"}],"curies":[{"name":"wp","href":"https:\/\/api.w.org\/{rel}","templated":true}]}}